{"id":8,"date":"2015-09-08T08:51:49","date_gmt":"2015-09-08T07:51:49","guid":{"rendered":"https:\/\/lgs.lu\/?page_id=8"},"modified":"2025-05-08T18:58:26","modified_gmt":"2025-05-08T16:58:26","slug":"wat-maache-mir","status":"publish","type":"page","link":"https:\/\/lgs.lu\/fr\/iwwert-eis\/wat-maache-mir\/","title":{"rendered":"Programme"},"content":{"rendered":"<h2>Adventure<\/h2>\n<p>L\u2019accent est mis sur les acitivit\u00e9s Adventure et Outdoor. Nous essayons d\u2019offrir aux jeunes un changement au quotidien et d\u2019inciter leur esprit de l\u2019aventure. Voil\u00e0 pourquoi nous faisons, autant que possible, des acitivit\u00e9s de groupe \u00e0 l\u2019ext\u00e9rieur.<\/p>\n<h2>Cr\u00e9atif, innovatif, vari\u00e9<\/h2>\n<p>Par nos activit\u00e9s vari\u00e9es nous donnons aux jeunes un espace pour exp\u00e9rimenter et pour explorer. D\u2019apr\u00e8s le principe \u201eLearning by doing\u201c les enfants ont la possibilit\u00e9 de participer de fa\u00e7on cr\u00e9ative et ind\u00e9pendante \u00e0 l\u2019organisation de leur programme.<\/p>\n<h2>Challenge<\/h2>\n<p>Le d\u00e9fi personnel et le plaisir sont au centre de nos activit\u00e9s. Nous permettons ainsi \u00e0 chacun d\u2019apprendre du nouveau et de se d\u00e9passer.<\/p>\n<h2>Internationalit\u00e9<\/h2>\n<p>Faisant partie du mouvement des Guides et Scouts r\u00e9partis dans le monde entier, nous offrons aux LGS la possibilit\u00e9 de nouer des liens d\u2019amiti\u00e9 par-dessus les fronti\u00e8res et les diff\u00e9rences. En plus, nous nous engageons dans diff\u00e9rents pays en voie de d\u00e9veloppement en r\u00e9alisant des projets pr\u00e9cis sur place.","protected":false},"excerpt":{"rendered":"<p>Adventure L\u2019accent est mis sur les acitivit\u00e9s Adventure et Outdoor. Nous essayons d\u2019offrir aux jeunes un changement au quotidien et d\u2019inciter leur esprit de l\u2019aventure. Voil\u00e0 pourquoi nous faisons, autant que possible, des acitivit\u00e9s de groupe \u00e0 l\u2019ext\u00e9rieur. Cr\u00e9atif, innovatif, vari\u00e9 Par nos activit\u00e9s vari\u00e9es nous donnons aux jeunes un espace pour exp\u00e9rimenter et pour&#8230;  <a class=\"excerpt-read-more\" href=\"https:\/\/lgs.lu\/fr\/iwwert-eis\/wat-maache-mir\/\" title=\"ReadProgramme\">Read more &raquo;<\/a><\/p>\n","protected":false},"author":1,"featured_media":103,"parent":1210,"menu_order":4,"comment_status":"closed","ping_status":"closed","template":"","meta":{"footnotes":""},"class_list":["post-8","page","type-page","status-publish","has-post-thumbnail","hentry"],"_links":{"self":[{"href":"https:\/\/lgs.lu\/fr\/wp-json\/wp\/v2\/pages\/8","targetHints":{"allow":["GET"]}}],"collection":[{"href":"https:\/\/lgs.lu\/fr\/wp-json\/wp\/v2\/pages"}],"about":[{"href":"https:\/\/lgs.lu\/fr\/wp-json\/wp\/v2\/types\/page"}],"author":[{"embeddable":true,"href":"https:\/\/lgs.lu\/fr\/wp-json\/wp\/v2\/users\/1"}],"replies":[{"embeddable":true,"href":"https:\/\/lgs.lu\/fr\/wp-json\/wp\/v2\/comments?post=8"}],"version-history":[{"count":9,"href":"https:\/\/lgs.lu\/fr\/wp-json\/wp\/v2\/pages\/8\/revisions"}],"predecessor-version":[{"id":118,"href":"https:\/\/lgs.lu\/fr\/wp-json\/wp\/v2\/pages\/8\/revisions\/118"}],"up":[{"embeddable":true,"href":"https:\/\/lgs.lu\/fr\/wp-json\/wp\/v2\/pages\/1210"}],"wp:featuredmedia":[{"embeddable":true,"href":"https:\/\/lgs.lu\/fr\/wp-json\/wp\/v2\/media\/103"}],"wp:attachment":[{"href":"https:\/\/lgs.lu\/fr\/wp-json\/wp\/v2\/media?parent=8"}],"curies":[{"name":"wp","href":"https:\/\/api.w.org\/{rel}","templated":true}]}}