{"id":6,"date":"2015-09-08T08:51:41","date_gmt":"2015-09-08T07:51:41","guid":{"rendered":"https:\/\/lgs.lu\/?page_id=6"},"modified":"2025-05-08T18:58:20","modified_gmt":"2025-05-08T16:58:20","slug":"wie-si-mir","status":"publish","type":"page","link":"https:\/\/lgs.lu\/fr\/iwwert-eis\/wie-si-mir\/","title":{"rendered":"Philosophie"},"content":{"rendered":"Les L\u00ebtzebuerger Guiden a Scoute sont le plus grand mouvement de jeunes au Luxembourg. C\u2019est notre mission de pr\u00e9parer les jeunes \u00e0 prendre plus tard des responsabilit\u00e9s envers eux-m\u00eames et envers les autres. Dans ce sens, nos b\u00e9n\u00e9voles motiv\u00e9s offrent un cadre ouvert o\u00f9 tout le monde peut activement participer et d\u00e9cider.<\/p>\n<h2>Pour moi, pour toi, pour nous, pour tout le monde<\/h2>\n<p>Dans les groupes chaque individu peut faire de bonnes exp\u00e9riences, se lier d\u2019amiti\u00e9, apprendre des habilit\u00e9s sociales et se d\u00e9velopper personnellement. Chez les LGS les jeunes apprennent \u00e0 respecter la nature, \u00e0 r\u00e9fl\u00e9chir sur eux-m\u00eames et leur environnement afin de s\u2019engager plus tard activement pour les autres.","protected":false},"excerpt":{"rendered":"<p>Les L\u00ebtzebuerger Guiden a Scoute sont le plus grand mouvement de jeunes au Luxembourg. C\u2019est notre mission de pr\u00e9parer les jeunes \u00e0 prendre plus tard des responsabilit\u00e9s envers eux-m\u00eames et envers les autres. Dans ce sens, nos b\u00e9n\u00e9voles motiv\u00e9s offrent un cadre ouvert o\u00f9 tout le monde peut activement participer et d\u00e9cider. Pour moi, pour&#8230;  <a class=\"excerpt-read-more\" href=\"https:\/\/lgs.lu\/fr\/iwwert-eis\/wie-si-mir\/\" title=\"ReadPhilosophie\">Read more &raquo;<\/a><\/p>\n","protected":false},"author":1,"featured_media":113,"parent":1210,"menu_order":3,"comment_status":"closed","ping_status":"closed","template":"","meta":{"footnotes":""},"class_list":["post-6","page","type-page","status-publish","has-post-thumbnail","hentry"],"_links":{"self":[{"href":"https:\/\/lgs.lu\/fr\/wp-json\/wp\/v2\/pages\/6","targetHints":{"allow":["GET"]}}],"collection":[{"href":"https:\/\/lgs.lu\/fr\/wp-json\/wp\/v2\/pages"}],"about":[{"href":"https:\/\/lgs.lu\/fr\/wp-json\/wp\/v2\/types\/page"}],"author":[{"embeddable":true,"href":"https:\/\/lgs.lu\/fr\/wp-json\/wp\/v2\/users\/1"}],"replies":[{"embeddable":true,"href":"https:\/\/lgs.lu\/fr\/wp-json\/wp\/v2\/comments?post=6"}],"version-history":[{"count":13,"href":"https:\/\/lgs.lu\/fr\/wp-json\/wp\/v2\/pages\/6\/revisions"}],"predecessor-version":[{"id":2120,"href":"https:\/\/lgs.lu\/fr\/wp-json\/wp\/v2\/pages\/6\/revisions\/2120"}],"up":[{"embeddable":true,"href":"https:\/\/lgs.lu\/fr\/wp-json\/wp\/v2\/pages\/1210"}],"wp:featuredmedia":[{"embeddable":true,"href":"https:\/\/lgs.lu\/fr\/wp-json\/wp\/v2\/media\/113"}],"wp:attachment":[{"href":"https:\/\/lgs.lu\/fr\/wp-json\/wp\/v2\/media?parent=6"}],"curies":[{"name":"wp","href":"https:\/\/api.w.org\/{rel}","templated":true}]}}