{"id":4788,"date":"2025-05-08T18:56:06","date_gmt":"2025-05-08T16:56:06","guid":{"rendered":"https:\/\/lgs.lu\/?page_id=4788"},"modified":"2025-09-26T12:26:20","modified_gmt":"2025-09-26T10:26:20","slug":"formatioun","status":"publish","type":"page","link":"https:\/\/lgs.lu\/fr\/iwwert-eis\/formatioun\/","title":{"rendered":"Formatioun fir Chef:tainen"},"content":{"rendered":"<p class=\"qtranxs-available-languages-message qtranxs-available-languages-message-fr\">D\u00e9sol\u00e9, cet article est seulement disponible en <a href=\"https:\/\/lgs.lu\/lb\/wp-json\/wp\/v2\/pages\/4788\" class=\"qtranxs-available-language-link qtranxs-available-language-link-lb\" title=\"LU\">LU<\/a>.<\/p><h2><b>D&rsquo;Formatiounen bei den LGS: <\/b><\/h2>\n<h2><\/h2>\n<p><span style=\"font-weight: 400\">D&rsquo;L\u00ebtzebuerger Guiden a Scouten (LGS) begleeden jonk Leit op hirem Wee an d&rsquo;Liewen. Am Guidismus a Scoutismus l\u00e9ieren si, sech selwer a Relatioun zu anere M\u00ebnschen an zur Natur ze entdecken. W\u00e4erter w\u00e9i Zouverl\u00e4ssegkeet, \u00c9ierlechkeet, H\u00ebllefsbereetschaft a Respekt stinn am Zentrum vun eiser Aarbecht. Duerch praktesch Erliefnesser, Outdoor-Aktivit\u00e9iten an Zesummenhalt an der Grupp entw\u00e9ckelen d&rsquo;Kanner a Jugendlecher wichteg Kompetenzen w\u00e9i Teamf\u00e4egkeet, Probleml\u00e9isung an d&rsquo;Bereetschaft Verantwortung ze iwwerhuelen. De Guidismus a Scoutismus bitt hinnen e Raum, fir sech pers\u00e9inlech ze entw\u00e9ckelen an sech aktiv an d&rsquo;Gesellschaft anzebr\u00e9ngen.<\/span><\/p>\n<h2><b>Zesumme wuessen, Verantwortung iwwerhuelen an Zukunft gestalten<\/b><\/h2>\n<p><span style=\"font-weight: 400\">Eise Jugendmouvement baut staark op d&rsquo;Engagement vu benevole Cheffen, d\u00e9i sech mat vill Motivatioun fir d\u00e9i jonk Generatioun asetzen. Fir si optimal op hir Roll als Begleeder a Virbild virzebereeden, organis\u00e9ieren d&rsquo;LGS eng breet Palette u Formatiounen. D\u00ebs Formatiounen si speziell un d&rsquo;Besoine vun de verschiddenen Branchen (Biber, W\u00ebllefcher, AvEx, CaraPio, RaRo) ugepasst a verm\u00ebttelen pedagogesch Kenntnisser, praktesch F\u00e4egkeeten a W\u00e4erterorient\u00e9ierung.\u00a0<\/span><\/p>\n<p><span style=\"font-weight: 400\">D&rsquo;Qualit\u00e9it vun eise Formatiounen fir benevole Jugendcheffen gin doduerch valoriseiert dass sie vum Minist\u00e8re de l&rsquo;\u00c9ducation nationale, de l&rsquo;Enfance et de la Jeunesse mam engem Br\u00eavet d\u2019animateur valid\u00e9iert gin. Duerch d\u00ebs Zertifiz\u00e9ierung kr\u00e9ien eis Cheffen en offizielle Brevet, deen hir Kompetenzen unerkennt an och ausserhalb vun hierem Engagement bei den LGS w\u00e4ertvoll ass.<\/span><\/p>\n<h2><b>Entdeck eis Formatiounen<\/b><\/h2>\n<p><span style=\"font-weight: 400\">D&rsquo;Detailer iwwer d&rsquo;Dauer an d&rsquo;Viraussetzunge vun eisen Formatiounen f\u00ebnns du op der Homepage:\u00a0<\/span><\/p>\n<table>\n<tbody>\n<tr>\n<td>Formatioun<\/td>\n<td>Beschreiwung<\/td>\n<td>Zilgrupp<\/td>\n<td>Dauer<\/td>\n<td>Detailer:<\/td>\n<\/tr>\n<tr>\n<td>Aide-Animateur (Brevet B)<\/td>\n<td>Basisformatioun fir zuk\u00fcnfteg Cheffen<\/td>\n<td>Jonker ab 16 Joer dei wellen Chef gin<\/td>\n<td>75 Stonnen Theorie an 75 Stonnen Praxis<\/td>\n<td><a href=\"https:\/\/chefbox.lgs.lu\/portal\/katalog\/\">[Link]<\/a><\/td>\n<\/tr>\n<tr>\n<td>Animateur\u00a0 \u00a0 (Brevet C)<\/td>\n<td>Formatioun fir Repsonsabelen Chef vun enger Brnache ze gin<\/td>\n<td>&nbsp;<\/p>\n<p>Cheffen dei den Brevet B oofgeschloss gin an wellen Responsabel vun hierer Branche gin<\/td>\n<td>&nbsp;<\/p>\n<p>75 Stonnen Theorie an 75 Stonnen Praxis<\/td>\n<td><a href=\"https:\/\/chefbox.lgs.lu\/portal\/katalog\/\">[Link]<\/a><\/td>\n<\/tr>\n<tr>\n<td>Gruppenchef (Brevet E)<\/td>\n<td>Formatioun fir Gruppencheffen<\/td>\n<td>Erwuessener Cheffen<\/td>\n<td>25 Stonnen<\/td>\n<td><a href=\"https:\/\/chefbox.lgs.lu\/portal\/katalog\/\">[Link]<\/a><\/td>\n<\/tr>\n<tr>\n<td>&nbsp;<\/p>\n<p>Tempor\u00e4ren H\u00e9ichseelgaart\u00a0 \u00a0(Brevet D)<\/td>\n<td>&nbsp;<\/p>\n<p>Formatioun fir tempor\u00e4ren H\u00e9ichseelgaart opzeriichten an mat Jonken ze notzen<\/td>\n<td>Cheffen mat oofgeschlossener Formatioun<\/td>\n<td>25 Stonnen<\/td>\n<td><a href=\"https:\/\/chefbox.lgs.lu\/portal\/katalog\/\">[Link]<\/a><\/td>\n<\/tr>\n<\/tbody>\n<\/table>\n<p>&nbsp;<\/p>\n<h2><b>Maach mat!<\/b><\/h2>\n<p><span style=\"font-weight: 400\">Bass du interesseiert, deng Kompetenzen ze erweideren, nei Fr\u00ebndschaften ze kn\u00e4ppen an Deel vun enger dynamescher Jugendbewegung ze ginn? Fir m\u00e9i Detailer iwwert eus Formatiounen ze kr\u00e9ien, klickt einfach op d\u00e9i entspriechend Linken. Solls du\u00a0 Froen hunn oder dech direkt fir eng Formatioun umellen w\u00ebllen, z\u00e9ckt net, eis ze kontakt\u00e9ieren. Mir free\u00ebn eis scho ganz op deng Participatioun an eise Formatiounen!<\/span><\/p>\n<p>&nbsp;<\/p>\n<p>Den Formatiounskatalog 2025\/2026:<\/p>\n<p><a href=\"https:\/\/chefbox.lgs.lu\/wp-content\/uploads\/sites\/10\/2025\/09\/Formatiounen-bei-den-LGS.pdf\">[Link]<\/a><\/p>\n<p>&nbsp;","protected":false},"excerpt":{"rendered":"<p>D\u00e9sol\u00e9, cet article est seulement disponible en LU.D&rsquo;Formatiounen bei den LGS: D&rsquo;L\u00ebtzebuerger Guiden a Scouten (LGS) begleeden jonk Leit op hirem Wee an d&rsquo;Liewen. Am Guidismus a Scoutismus l\u00e9ieren si, sech selwer a Relatioun zu anere M\u00ebnschen an zur Natur ze entdecken. W\u00e4erter w\u00e9i Zouverl\u00e4ssegkeet, \u00c9ierlechkeet, H\u00ebllefsbereetschaft a Respekt stinn am Zentrum vun eiser Aarbecht&#8230;.  <a class=\"excerpt-read-more\" href=\"https:\/\/lgs.lu\/fr\/iwwert-eis\/formatioun\/\" title=\"ReadFormatioun fir Chef:tainen\">Read more &raquo;<\/a><\/p>\n","protected":false},"author":2519,"featured_media":4799,"parent":1210,"menu_order":2,"comment_status":"closed","ping_status":"closed","template":"","meta":{"footnotes":""},"class_list":["post-4788","page","type-page","status-publish","has-post-thumbnail","hentry"],"_links":{"self":[{"href":"https:\/\/lgs.lu\/fr\/wp-json\/wp\/v2\/pages\/4788","targetHints":{"allow":["GET"]}}],"collection":[{"href":"https:\/\/lgs.lu\/fr\/wp-json\/wp\/v2\/pages"}],"about":[{"href":"https:\/\/lgs.lu\/fr\/wp-json\/wp\/v2\/types\/page"}],"author":[{"embeddable":true,"href":"https:\/\/lgs.lu\/fr\/wp-json\/wp\/v2\/users\/2519"}],"replies":[{"embeddable":true,"href":"https:\/\/lgs.lu\/fr\/wp-json\/wp\/v2\/comments?post=4788"}],"version-history":[{"count":8,"href":"https:\/\/lgs.lu\/fr\/wp-json\/wp\/v2\/pages\/4788\/revisions"}],"predecessor-version":[{"id":4872,"href":"https:\/\/lgs.lu\/fr\/wp-json\/wp\/v2\/pages\/4788\/revisions\/4872"}],"up":[{"embeddable":true,"href":"https:\/\/lgs.lu\/fr\/wp-json\/wp\/v2\/pages\/1210"}],"wp:featuredmedia":[{"embeddable":true,"href":"https:\/\/lgs.lu\/fr\/wp-json\/wp\/v2\/media\/4799"}],"wp:attachment":[{"href":"https:\/\/lgs.lu\/fr\/wp-json\/wp\/v2\/media?parent=4788"}],"curies":[{"name":"wp","href":"https:\/\/api.w.org\/{rel}","templated":true}]}}