{"id":3040,"date":"2021-03-02T20:34:50","date_gmt":"2021-03-02T19:34:50","guid":{"rendered":"https:\/\/lgs.lu\/?page_id=3040"},"modified":"2021-03-02T20:34:50","modified_gmt":"2021-03-02T19:34:50","slug":"neie-platte-knuet","status":"publish","type":"page","link":"https:\/\/lgs.lu\/fr\/neie-platte-knuet\/","title":{"rendered":"Neie Platte Knuet?"},"content":{"rendered":"<p class=\"qtranxs-available-languages-message qtranxs-available-languages-message-fr\">D\u00e9sol\u00e9, cet article est seulement disponible en <a href=\"https:\/\/lgs.lu\/lb\/wp-json\/wp\/v2\/pages\/3040\" class=\"qtranxs-available-language-link qtranxs-available-language-link-lb\" title=\"LU\">LU<\/a>.<\/p>Salut,<\/p>\n<p>w\u00e9i dir warscheinlech scho w\u00ebsst, wollte mir als PR-Ekipp zesumme mat aneren Interess\u00e9ierten un engem neien Konzept fir de Platte Knuet schaffen.<br \/>\nMir wieren frou, wann dir dow\u00e9inst d\u00ebse Formulaire an \u00e4rer Ekipp bis den <strong>18.4.2021<\/strong> ausf\u00eblle k\u00e9int.<br \/>\n\u00c4r Ureegungen\/W\u00ebnsch ginn da mat an der Planungsphase abezunn.<\/p>\n\n<p>Bei weideren Froen k\u00ebnnt dir iech op jeia.scholtus@lgs.lu mellen","protected":false},"excerpt":{"rendered":"<p>D\u00e9sol\u00e9, cet article est seulement disponible en LU.Salut, w\u00e9i dir warscheinlech scho w\u00ebsst, wollte mir als PR-Ekipp zesumme mat aneren Interess\u00e9ierten un engem neien Konzept fir de Platte Knuet schaffen. Mir wieren frou, wann dir dow\u00e9inst d\u00ebse Formulaire an \u00e4rer Ekipp bis den 18.4.2021 ausf\u00eblle k\u00e9int. \u00c4r Ureegungen\/W\u00ebnsch ginn da mat an der Planungsphase abezunn&#8230;.  <a class=\"excerpt-read-more\" href=\"https:\/\/lgs.lu\/fr\/neie-platte-knuet\/\" title=\"ReadNeie Platte Knuet?\">Read more &raquo;<\/a><\/p>\n","protected":false},"author":447,"featured_media":3041,"parent":0,"menu_order":0,"comment_status":"closed","ping_status":"closed","template":"","meta":{"footnotes":""},"class_list":["post-3040","page","type-page","status-publish","has-post-thumbnail","hentry"],"_links":{"self":[{"href":"https:\/\/lgs.lu\/fr\/wp-json\/wp\/v2\/pages\/3040","targetHints":{"allow":["GET"]}}],"collection":[{"href":"https:\/\/lgs.lu\/fr\/wp-json\/wp\/v2\/pages"}],"about":[{"href":"https:\/\/lgs.lu\/fr\/wp-json\/wp\/v2\/types\/page"}],"author":[{"embeddable":true,"href":"https:\/\/lgs.lu\/fr\/wp-json\/wp\/v2\/users\/447"}],"replies":[{"embeddable":true,"href":"https:\/\/lgs.lu\/fr\/wp-json\/wp\/v2\/comments?post=3040"}],"version-history":[{"count":1,"href":"https:\/\/lgs.lu\/fr\/wp-json\/wp\/v2\/pages\/3040\/revisions"}],"predecessor-version":[{"id":3042,"href":"https:\/\/lgs.lu\/fr\/wp-json\/wp\/v2\/pages\/3040\/revisions\/3042"}],"wp:featuredmedia":[{"embeddable":true,"href":"https:\/\/lgs.lu\/fr\/wp-json\/wp\/v2\/media\/3041"}],"wp:attachment":[{"href":"https:\/\/lgs.lu\/fr\/wp-json\/wp\/v2\/media?parent=3040"}],"curies":[{"name":"wp","href":"https:\/\/api.w.org\/{rel}","templated":true}]}}