{"id":30,"date":"2015-09-18T13:45:38","date_gmt":"2015-09-18T12:45:38","guid":{"rendered":"https:\/\/lgs.lu\/?page_id=30"},"modified":"2025-05-08T19:03:17","modified_gmt":"2025-05-08T17:03:17","slug":"contact","status":"publish","type":"page","link":"https:\/\/lgs.lu\/fr\/contact\/","title":{"rendered":"Contact"},"content":{"rendered":"\t\t<div data-elementor-type=\"wp-page\" data-elementor-id=\"30\" class=\"elementor elementor-30\" data-elementor-post-type=\"page\">\n\t\t\t\t\t\t<section class=\"elementor-section elementor-top-section elementor-element elementor-element-19bb14c5 elementor-section-boxed elementor-section-height-default elementor-section-height-default\" data-id=\"19bb14c5\" data-element_type=\"section\" data-e-type=\"section\">\n\t\t\t\t\t\t<div class=\"elementor-container elementor-column-gap-default\">\n\t\t\t\t\t<div class=\"elementor-column elementor-col-100 elementor-top-column elementor-element elementor-element-71ea10fd\" data-id=\"71ea10fd\" data-element_type=\"column\" data-e-type=\"column\">\n\t\t\t<div class=\"elementor-widget-wrap elementor-element-populated\">\n\t\t\t\t\t\t<div class=\"elementor-element elementor-element-4b2db72 elementor-widget elementor-widget-text-editor\" data-id=\"4b2db72\" data-element_type=\"widget\" data-e-type=\"widget\" data-widget_type=\"text-editor.default\">\n\t\t\t\t<div class=\"elementor-widget-container\">\n\t\t\t\t\t\t\t\t\t<p><\/p>\n<div>\n<h3>Verbandsgrupp<\/h3>\n<p>Hutt dir Froen un de Verbandsgrupp: Leedung vum Verband, national oder international Aktivit\u00e9iten\/Campen, kuckt w.e.g. d\u00ebs S\u00e4it: <a class=\"button\" href=\"https:\/\/lgs.lu\/iwwert-eis\/verbandsgrupp\/\" target=\"_blank\" rel=\"noopener noreferrer\">Verbandsgrupp<\/a><\/p><\/div>\n<div>\n<h3>LGS-Verbandssekretariat \/ d&rsquo;G\u00e9isserei<\/h3>\n<p>Hei k\u00ebnnt dir Kontakt mam Personal vum <strong>Verbandssekretariat\/d&rsquo;G\u00e9isserei<\/strong> vun de L\u00ebtzebuerger Guiden a Scouten ophuelen. <a class=\"button\" href=\"https:\/\/fondatioun.lgs.lu\/lgs-administratioun\/\" target=\"_blank\" rel=\"noopener noreferrer\">G\u00e9isserei<\/a>.<br>5, rue Munchen-Tesch<br>L-2173 L\u00ebtzebuerg<\/p>\n<p><strong>B\u00fcrosz\u00e4iten:<\/strong> M\u00e9indeg bis Freideg vun 9.00 bis 16.00 Auer<\/p>\n<p style=\"color: red;\">\n<\/p><p>Tel. 26 94 84<br>E-Mail:&nbsp;<a class=\"spamspan\" href=\"mailto:sekretariat@lgs.lu\">sekretariat[@]lgs.lu<\/a><\/p>\n<\/div>\n<p><\/p>\n<p style=\"color: red;\">\n<\/p><\/div>\t\t\t\t\t\t\t\t<\/div>\n\t\t\t\t<\/div>\n\t\t\t\t\t<\/div>\n\t\t<\/div>\n\t\t\t\t\t<\/div>\n\t\t<\/section>\n\t\t\t\t<\/div>\n\t\t","protected":false},"excerpt":{"rendered":"<p>Les groupes locaux Pour contacter un groupe local ou pour s\u00b4inscrire en tant que membre aupr\u00e8s d&rsquo;un groupe: veuillez consulter cette page. Les responsables de la f\u00e9d\u00e9ration LGS Vous voulez contacter les responsables de la f\u00e9d\u00e9ration: veuillez consulter cette page. ONGD Guiden a Scouten fir ENG Welt Vous voulez contacter notre ONGD: veuillez consulter cette&#8230;  <a class=\"excerpt-read-more\" href=\"https:\/\/lgs.lu\/fr\/contact\/\" title=\"ReadContact\">Read more &raquo;<\/a><\/p>\n","protected":false},"author":1,"featured_media":108,"parent":0,"menu_order":13,"comment_status":"closed","ping_status":"closed","template":"page-contact.php","meta":{"footnotes":""},"class_list":["post-30","page","type-page","status-publish","has-post-thumbnail","hentry"],"_links":{"self":[{"href":"https:\/\/lgs.lu\/fr\/wp-json\/wp\/v2\/pages\/30","targetHints":{"allow":["GET"]}}],"collection":[{"href":"https:\/\/lgs.lu\/fr\/wp-json\/wp\/v2\/pages"}],"about":[{"href":"https:\/\/lgs.lu\/fr\/wp-json\/wp\/v2\/types\/page"}],"author":[{"embeddable":true,"href":"https:\/\/lgs.lu\/fr\/wp-json\/wp\/v2\/users\/1"}],"replies":[{"embeddable":true,"href":"https:\/\/lgs.lu\/fr\/wp-json\/wp\/v2\/comments?post=30"}],"version-history":[{"count":116,"href":"https:\/\/lgs.lu\/fr\/wp-json\/wp\/v2\/pages\/30\/revisions"}],"predecessor-version":[{"id":4792,"href":"https:\/\/lgs.lu\/fr\/wp-json\/wp\/v2\/pages\/30\/revisions\/4792"}],"wp:featuredmedia":[{"embeddable":true,"href":"https:\/\/lgs.lu\/fr\/wp-json\/wp\/v2\/media\/108"}],"wp:attachment":[{"href":"https:\/\/lgs.lu\/fr\/wp-json\/wp\/v2\/media?parent=30"}],"curies":[{"name":"wp","href":"https:\/\/api.w.org\/{rel}","templated":true}]}}