{"id":2890,"date":"2020-12-24T14:40:04","date_gmt":"2020-12-24T13:40:04","guid":{"rendered":"https:\/\/lgs.lu\/?page_id=2890"},"modified":"2020-12-25T08:56:05","modified_gmt":"2020-12-25T07:56:05","slug":"bestellung-portrait-chefscout","status":"publish","type":"page","link":"https:\/\/lgs.lu\/fr\/bestellung-portrait-chefscout\/","title":{"rendered":"Bestellung Portrait Chefscout"},"content":{"rendered":"<p class=\"qtranxs-available-languages-message qtranxs-available-languages-message-fr\">D\u00e9sol\u00e9, cet article est seulement disponible en <a href=\"https:\/\/lgs.lu\/lb\/wp-json\/wp\/v2\/pages\/2890\" class=\"qtranxs-available-language-link qtranxs-available-language-link-lb\" title=\"LU\">LU<\/a>.<\/p><p style=\"text-align: left; font-size: 16px; font-family: Arial;\"><span style=\"font-family: arial, helvetica, sans-serif; font-size: 12pt;\"><span style=\"color: #000000;\">De groussherzoglechen Haff huet den zwee Scoutsverb\u00e4nn FNEL\u00a0<\/span><span class=\"eifeler_regel\" style=\"color: #000000;\" title=\"a\">an<\/span><span style=\"color: #000000;\">\u00a0LGS zwou Portraitsfotoe\u00a0vum neie Chefscout zoukomme gelooss, d\u00e9i dir iech hei kennt ukucken. Des Fotoe kenne\u00a0vun de lokale Gruppen an de jeeweilege\u00a0Chaleten opgehaange ginn. Mir ginn iech d\u00b4M\u00e9iglechkeet, iech un\u00a0enger Sammelbestellung ze bedeelegen. \u00a0<\/span><\/span><\/p>\n<p>&nbsp;<\/p>\n<p><span style=\"font-family: arial, helvetica, sans-serif; color: #000000;\">Et g\u00ebtt zwou verschidde Variante vum Portrait, an dir k\u00ebnnt t\u00ebscht 3 verschiddene Gr\u00e9issten auswielen:<\/span><\/p>\n<a href=\"https:\/\/lgs.lu\/wp-content\/uploads\/2020\/12\/Variants-Portrait-Guillaume.png\"><img fetchpriority=\"high\" decoding=\"async\" class=\"alignnone wp-image-2889 size-large\" src=\"https:\/\/lgs.lu\/wp-content\/uploads\/2020\/12\/Variants-Portrait-Guillaume-1024x553.png\" alt=\"\" width=\"1024\" height=\"553\" srcset=\"https:\/\/lgs.lu\/wp-content\/uploads\/2020\/12\/Variants-Portrait-Guillaume-1024x553.png 1024w, https:\/\/lgs.lu\/wp-content\/uploads\/2020\/12\/Variants-Portrait-Guillaume-300x162.png 300w, https:\/\/lgs.lu\/wp-content\/uploads\/2020\/12\/Variants-Portrait-Guillaume-768x415.png 768w, https:\/\/lgs.lu\/wp-content\/uploads\/2020\/12\/Variants-Portrait-Guillaume-350x189.png 350w, https:\/\/lgs.lu\/wp-content\/uploads\/2020\/12\/Variants-Portrait-Guillaume-1100x594.png 1100w, https:\/\/lgs.lu\/wp-content\/uploads\/2020\/12\/Variants-Portrait-Guillaume.png 1440w\" sizes=\"(max-width: 1024px) 100vw, 1024px\" \/><\/a>\n<table style=\"border-collapse: collapse; width: 100%;\">\n<tbody>\n<tr>\n<td style=\"width: 50%;\"><span style=\"font-family: arial, helvetica, sans-serif; font-size: 12pt; color: #000000;\"><strong>Gr\u00e9isst<\/strong><\/span><\/td>\n<td style=\"width: 50%;\"><span style=\"font-family: arial, helvetica, sans-serif; font-size: 12pt; color: #000000;\"><strong>Pr\u00e4is (Rumm + Foto)<\/strong><\/span><\/td>\n<\/tr>\n<tr>\n<td style=\"width: 50%;\"><span style=\"font-family: arial, helvetica, sans-serif; font-size: 12pt; color: #000000;\">20 x 30 cm<\/span><\/td>\n<td style=\"width: 50%;\"><span style=\"font-family: arial, helvetica, sans-serif; font-size: 12pt; color: #000000;\">20 \u00a0\u20ac<\/span><\/td>\n<\/tr>\n<tr>\n<td style=\"width: 50%;\"><span style=\"font-family: arial, helvetica, sans-serif; font-size: 12pt; color: #000000;\">30 x 40 cm<\/span><\/td>\n<td style=\"width: 50%;\"><span style=\"font-family: arial, helvetica, sans-serif; font-size: 12pt; color: #000000;\">30 \u20ac<\/span><\/td>\n<\/tr>\n<tr>\n<td style=\"width: 50%;\"><span style=\"font-family: arial, helvetica, sans-serif; font-size: 12pt; color: #000000;\">50 x 70 cm<\/span><\/td>\n<td style=\"width: 50%;\"><span style=\"font-family: arial, helvetica, sans-serif; font-size: 12pt; color: #000000;\">65 \u20ac<\/span><\/td>\n<\/tr>\n<\/tbody>\n<\/table>\n<p><span style=\"font-family: arial, helvetica, sans-serif;\">De Pr\u00e4is enth\u00e4llt d&rsquo;Foto, geprint op 250gr Satin Fotospabeier, d&rsquo;Fotosrumm souw\u00e9i d&rsquo;Arummen.<\/span><\/p>\n<p>&nbsp;<\/p>\n<p style=\"text-align: left; font-size: 16px; font-family: Arial;\"><span style=\"color: #000000; font-size: 12pt; font-family: arial, helvetica, sans-serif;\">M\u00ebtt Februar kennen d&rsquo;Bestellunge f\u00e4erdeg agerummt an der G\u00e9isserei ofgeholl ginn. D&rsquo;Rechnung kritt dir automatesch per Email no der Bestellung\u00a0zougesch\u00e9ckt.<\/span><\/p>","protected":false},"excerpt":{"rendered":"<p>D\u00e9sol\u00e9, cet article est seulement disponible en LU.De groussherzoglechen Haff huet den zwee Scoutsverb\u00e4nn FNEL\u00a0an\u00a0LGS zwou Portraitsfotoe\u00a0vum neie Chefscout zoukomme gelooss, d\u00e9i dir iech hei kennt ukucken. Des Fotoe kenne\u00a0vun de lokale Gruppen an de jeeweilege\u00a0Chaleten opgehaange ginn. Mir ginn iech d\u00b4M\u00e9iglechkeet, iech un\u00a0enger Sammelbestellung ze bedeelegen. \u00a0 &nbsp; Et g\u00ebtt zwou verschidde Variante vum&#8230;  <a class=\"excerpt-read-more\" href=\"https:\/\/lgs.lu\/fr\/bestellung-portrait-chefscout\/\" title=\"ReadBestellung Portrait Chefscout\">Read more &raquo;<\/a><\/p>\n","protected":false},"author":447,"featured_media":0,"parent":0,"menu_order":0,"comment_status":"closed","ping_status":"closed","template":"","meta":{"footnotes":""},"class_list":["post-2890","page","type-page","status-publish","hentry"],"_links":{"self":[{"href":"https:\/\/lgs.lu\/fr\/wp-json\/wp\/v2\/pages\/2890","targetHints":{"allow":["GET"]}}],"collection":[{"href":"https:\/\/lgs.lu\/fr\/wp-json\/wp\/v2\/pages"}],"about":[{"href":"https:\/\/lgs.lu\/fr\/wp-json\/wp\/v2\/types\/page"}],"author":[{"embeddable":true,"href":"https:\/\/lgs.lu\/fr\/wp-json\/wp\/v2\/users\/447"}],"replies":[{"embeddable":true,"href":"https:\/\/lgs.lu\/fr\/wp-json\/wp\/v2\/comments?post=2890"}],"version-history":[{"count":4,"href":"https:\/\/lgs.lu\/fr\/wp-json\/wp\/v2\/pages\/2890\/revisions"}],"predecessor-version":[{"id":2897,"href":"https:\/\/lgs.lu\/fr\/wp-json\/wp\/v2\/pages\/2890\/revisions\/2897"}],"wp:attachment":[{"href":"https:\/\/lgs.lu\/fr\/wp-json\/wp\/v2\/media?parent=2890"}],"curies":[{"name":"wp","href":"https:\/\/api.w.org\/{rel}","templated":true}]}}