{"id":2884,"date":"2020-12-23T22:44:36","date_gmt":"2020-12-23T21:44:36","guid":{"rendered":"https:\/\/lgs.lu\/?page_id=2884"},"modified":"2020-12-25T09:15:45","modified_gmt":"2020-12-25T08:15:45","slug":"bestellung-branchebadger","status":"publish","type":"page","link":"https:\/\/lgs.lu\/fr\/bestellung-branchebadger\/","title":{"rendered":"Bestellung Branchebadger"},"content":{"rendered":"<p class=\"qtranxs-available-languages-message qtranxs-available-languages-message-fr\">D\u00e9sol\u00e9, cet article est seulement disponible en <a href=\"https:\/\/lgs.lu\/lb\/wp-json\/wp\/v2\/pages\/2884\" class=\"qtranxs-available-language-link qtranxs-available-language-link-lb\" title=\"LU\">LU<\/a>.<\/p><p style=\"color: #000000;\">D\u00e9i nei Branchebadger, d\u00e9i am Kader vum Rebranding vun der PR-Ekipp zesumme mat de Branchenekippen ausgeschafft goufen, kennen ab elo als Badge fir op d\u00b4Uniform bestallt ginn. An enger\u00a0\u00e9ischter Phase w\u00e4erte mir eng Sammelcommande lanc\u00e9ieren, wou all Grupp respektiv Branche hier Badger ka\u00a0virbestellen.<\/p>\n<p style=\"color: #000000;\">Ab M\u00ebtt vum Joer w\u00e4erten d&rsquo;Badger och regul\u00e4r am Shop ze kr\u00e9ie sinn. Mir w\u00e4ren\u00a0awer frou wann dir eis \u00e4r \u00e9ischt Commande bis den 13. Februar 2021 k\u00e9int\u00a0eraginn, sou ass et fir eis m\u00e9i einfach de Besoin ofzesch\u00e4tzen.<\/p>\n<p style=\"color: #000000;\">Dir gitt Ufank Abr\u00ebll vum Shop kontakt\u00e9iert fir \u00e4r Badger ofzehuelen.<\/p>\n<p>D&rsquo;Badger kaschten 2\u20ac\/St\u00e9ck.<\/p>","protected":false},"excerpt":{"rendered":"<p>D\u00e9sol\u00e9, cet article est seulement disponible en LU.D\u00e9i nei Branchebadger, d\u00e9i am Kader vum Rebranding vun der PR-Ekipp zesumme mat de Branchenekippen ausgeschafft goufen, kennen ab elo als Badge fir op d\u00b4Uniform bestallt ginn. An enger\u00a0\u00e9ischter Phase w\u00e4erte mir eng Sammelcommande lanc\u00e9ieren, wou all Grupp respektiv Branche hier Badger ka\u00a0virbestellen. Ab M\u00ebtt vum Joer w\u00e4erten&#8230;  <a class=\"excerpt-read-more\" href=\"https:\/\/lgs.lu\/fr\/bestellung-branchebadger\/\" title=\"ReadBestellung Branchebadger\">Read more &raquo;<\/a><\/p>\n","protected":false},"author":447,"featured_media":0,"parent":0,"menu_order":0,"comment_status":"closed","ping_status":"closed","template":"","meta":{"footnotes":""},"class_list":["post-2884","page","type-page","status-publish","hentry"],"_links":{"self":[{"href":"https:\/\/lgs.lu\/fr\/wp-json\/wp\/v2\/pages\/2884","targetHints":{"allow":["GET"]}}],"collection":[{"href":"https:\/\/lgs.lu\/fr\/wp-json\/wp\/v2\/pages"}],"about":[{"href":"https:\/\/lgs.lu\/fr\/wp-json\/wp\/v2\/types\/page"}],"author":[{"embeddable":true,"href":"https:\/\/lgs.lu\/fr\/wp-json\/wp\/v2\/users\/447"}],"replies":[{"embeddable":true,"href":"https:\/\/lgs.lu\/fr\/wp-json\/wp\/v2\/comments?post=2884"}],"version-history":[{"count":3,"href":"https:\/\/lgs.lu\/fr\/wp-json\/wp\/v2\/pages\/2884\/revisions"}],"predecessor-version":[{"id":2898,"href":"https:\/\/lgs.lu\/fr\/wp-json\/wp\/v2\/pages\/2884\/revisions\/2898"}],"wp:attachment":[{"href":"https:\/\/lgs.lu\/fr\/wp-json\/wp\/v2\/media?parent=2884"}],"curies":[{"name":"wp","href":"https:\/\/api.w.org\/{rel}","templated":true}]}}