{"id":2864,"date":"2020-12-10T14:26:33","date_gmt":"2020-12-10T13:26:33","guid":{"rendered":"https:\/\/lgs.lu\/?page_id=2864"},"modified":"2021-02-21T22:47:26","modified_gmt":"2021-02-21T21:47:26","slug":"friddensliicht","status":"publish","type":"page","link":"https:\/\/lgs.lu\/fr\/friddensliicht\/","title":{"rendered":"Friddensliicht 2020"},"content":{"rendered":"<p class=\"qtranxs-available-languages-message qtranxs-available-languages-message-fr\">D\u00e9sol\u00e9, cet article est seulement disponible en <a href=\"https:\/\/lgs.lu\/lb\/wp-json\/wp\/v2\/pages\/2864\" class=\"qtranxs-available-language-link qtranxs-available-language-link-lb\" title=\"LU\">LU<\/a>.<\/p><span lang=\"DE\">W\u00e9inst de Covid Restriktioune konnte\u00a0mir als \u201eEquipe d\u2019animation spirituelle\u201c d\u2019Friddensliicht net w\u00e9i virgesinn op enger Plaz verdeelen, mir hunn dofir an Zesummenaarbecht mat dem Sandweiler Grupp e Wee gesicht fir awer d\u00e9i ze erreechen\u00a0d\u00e9i ons all Joer beim Verdeele\u00a0vum Liicht h\u00ebllefen an domat onse\u00a0Partenariat\u00a0mam Niger \u00ebnnerst\u00ebtzen.<\/span><\/p>\n<p><span lang=\"DE\">Mir hunn also ons Verdeelerpunkten op 4 memorabel Plazen am Land verdeelt, wou all k\u00e9iers eng kleng Zeremonie zu engem best\u00ebmmten Aspekt zum Thema Fridde\u00a0statt fonnt huet.<\/span><\/p>\n<p><span lang=\"DE\">Stad Shoah Denkmal \u2013 Fridden t\u00ebschent de Reliounen<\/span><\/p>\n<p><span lang=\"DE\">Wolz Streikmonument\u00a0\u2013 Fridden an Engagement<\/span><\/p>\n<p><span lang=\"DE\">Sandweiler Milit\u00e4rkierfecht \u2013 Krich\u00a0a Fridden<\/span><\/p>\n<p><span lang=\"DE\">D\u00e9ifferdeng Giele Botter \u2013 Fridden an Natur<\/span><\/p>\n<p><a href=\"https:\/\/www.youtube.com\/watch?v=PnBdvIkeZbI\" target=\"_blank\" rel=\"noopener noreferrer\"><span lang=\"DE\">Doraus ass d\u00ebse Film entstan.<\/span><\/a><\/p>\n<p><iframe title=\"LGS Friddensliicht 2020\" width=\"500\" height=\"281\" src=\"https:\/\/www.youtube.com\/embed\/PnBdvIkeZbI?feature=oembed\" frameborder=\"0\" allow=\"accelerometer; autoplay; clipboard-write; encrypted-media; gyroscope; picture-in-picture; web-share\" referrerpolicy=\"strict-origin-when-cross-origin\" allowfullscreen><\/iframe><\/p>\n<p>&nbsp;<\/p>\n<p><a href=\"https:\/\/youtu.be\/3Cax10DTDoM\" target=\"_blank\" rel=\"noopener noreferrer\">Hei ass de B\u00e4itrag vun de Sandweiler Avex<\/a><\/p>\n<p><iframe title=\"Friddensliicht 2020 - AvEx Sandweiler - Best Of\" width=\"500\" height=\"281\" src=\"https:\/\/www.youtube.com\/embed\/3Cax10DTDoM?feature=oembed\" frameborder=\"0\" allow=\"accelerometer; autoplay; clipboard-write; encrypted-media; gyroscope; picture-in-picture; web-share\" referrerpolicy=\"strict-origin-when-cross-origin\" allowfullscreen><\/iframe><\/p>\n<p>&nbsp;","protected":false},"excerpt":{"rendered":"<p>D\u00e9sol\u00e9, cet article est seulement disponible en LU.W\u00e9inst de Covid Restriktioune konnte\u00a0mir als \u201eEquipe d\u2019animation spirituelle\u201c d\u2019Friddensliicht net w\u00e9i virgesinn op enger Plaz verdeelen, mir hunn dofir an Zesummenaarbecht mat dem Sandweiler Grupp e Wee gesicht fir awer d\u00e9i ze erreechen\u00a0d\u00e9i ons all Joer beim Verdeele\u00a0vum Liicht h\u00ebllefen an domat onse\u00a0Partenariat\u00a0mam Niger \u00ebnnerst\u00ebtzen. Mir hunn&#8230;  <a class=\"excerpt-read-more\" href=\"https:\/\/lgs.lu\/fr\/friddensliicht\/\" title=\"ReadFriddensliicht 2020\">Read more &raquo;<\/a><\/p>\n","protected":false},"author":2514,"featured_media":0,"parent":0,"menu_order":0,"comment_status":"closed","ping_status":"closed","template":"","meta":{"footnotes":""},"class_list":["post-2864","page","type-page","status-publish","hentry"],"_links":{"self":[{"href":"https:\/\/lgs.lu\/fr\/wp-json\/wp\/v2\/pages\/2864","targetHints":{"allow":["GET"]}}],"collection":[{"href":"https:\/\/lgs.lu\/fr\/wp-json\/wp\/v2\/pages"}],"about":[{"href":"https:\/\/lgs.lu\/fr\/wp-json\/wp\/v2\/types\/page"}],"author":[{"embeddable":true,"href":"https:\/\/lgs.lu\/fr\/wp-json\/wp\/v2\/users\/2514"}],"replies":[{"embeddable":true,"href":"https:\/\/lgs.lu\/fr\/wp-json\/wp\/v2\/comments?post=2864"}],"version-history":[{"count":22,"href":"https:\/\/lgs.lu\/fr\/wp-json\/wp\/v2\/pages\/2864\/revisions"}],"predecessor-version":[{"id":3013,"href":"https:\/\/lgs.lu\/fr\/wp-json\/wp\/v2\/pages\/2864\/revisions\/3013"}],"wp:attachment":[{"href":"https:\/\/lgs.lu\/fr\/wp-json\/wp\/v2\/media?parent=2864"}],"curies":[{"name":"wp","href":"https:\/\/api.w.org\/{rel}","templated":true}]}}