{"id":2630,"date":"2020-06-12T19:10:23","date_gmt":"2020-06-12T17:10:23","guid":{"rendered":"https:\/\/lgs.lu\/?page_id=2630"},"modified":"2022-01-01T23:08:23","modified_gmt":"2022-01-01T22:08:23","slug":"covid","status":"publish","type":"page","link":"https:\/\/lgs.lu\/fr\/covid\/","title":{"rendered":"COVID-19"},"content":{"rendered":"<p class=\"qtranxs-available-languages-message qtranxs-available-languages-message-fr\">D\u00e9sol\u00e9, cet article est seulement disponible en <a href=\"https:\/\/lgs.lu\/lb\/wp-json\/wp\/v2\/pages\/2630\" class=\"qtranxs-available-language-link qtranxs-available-language-link-lb\" title=\"LU\">LU<\/a>.<\/p><span style=\"color: #00bfb3;\"><em>D\u00ebs S\u00e4it ass an d&rsquo;Chefbox gepl\u00ebnnert (chefbox.lgs.lu) <\/em><\/span>","protected":false},"excerpt":{"rendered":"<p>D\u00e9sol\u00e9, cet article est seulement disponible en LU.D\u00ebs S\u00e4it ass an d&rsquo;Chefbox gepl\u00ebnnert (chefbox.lgs.lu)<\/p>\n","protected":false},"author":299,"featured_media":3258,"parent":0,"menu_order":0,"comment_status":"closed","ping_status":"closed","template":"","meta":{"footnotes":""},"class_list":["post-2630","page","type-page","status-publish","has-post-thumbnail","hentry"],"_links":{"self":[{"href":"https:\/\/lgs.lu\/fr\/wp-json\/wp\/v2\/pages\/2630","targetHints":{"allow":["GET"]}}],"collection":[{"href":"https:\/\/lgs.lu\/fr\/wp-json\/wp\/v2\/pages"}],"about":[{"href":"https:\/\/lgs.lu\/fr\/wp-json\/wp\/v2\/types\/page"}],"author":[{"embeddable":true,"href":"https:\/\/lgs.lu\/fr\/wp-json\/wp\/v2\/users\/299"}],"replies":[{"embeddable":true,"href":"https:\/\/lgs.lu\/fr\/wp-json\/wp\/v2\/comments?post=2630"}],"version-history":[{"count":69,"href":"https:\/\/lgs.lu\/fr\/wp-json\/wp\/v2\/pages\/2630\/revisions"}],"predecessor-version":[{"id":3480,"href":"https:\/\/lgs.lu\/fr\/wp-json\/wp\/v2\/pages\/2630\/revisions\/3480"}],"wp:featuredmedia":[{"embeddable":true,"href":"https:\/\/lgs.lu\/fr\/wp-json\/wp\/v2\/media\/3258"}],"wp:attachment":[{"href":"https:\/\/lgs.lu\/fr\/wp-json\/wp\/v2\/media?parent=2630"}],"curies":[{"name":"wp","href":"https:\/\/api.w.org\/{rel}","templated":true}]}}