{"id":2579,"date":"2020-06-06T17:11:32","date_gmt":"2020-06-06T15:11:32","guid":{"rendered":"https:\/\/lgs.lu\/?page_id=2579"},"modified":"2020-06-09T12:35:24","modified_gmt":"2020-06-09T10:35:24","slug":"sangmat","status":"publish","type":"page","link":"https:\/\/lgs.lu\/fr\/sangmat\/","title":{"rendered":"Sang Mat"},"content":{"rendered":"<p class=\"qtranxs-available-languages-message qtranxs-available-languages-message-fr\">D\u00e9sol\u00e9, cet article est seulement disponible en <a href=\"https:\/\/lgs.lu\/lb\/wp-json\/wp\/v2\/pages\/2579\" class=\"qtranxs-available-language-link qtranxs-available-language-link-lb\" title=\"LU\">LU<\/a>.<\/p><strong>D&rsquo;Lidd vum Dreck<\/strong><\/p>\n<p><a class=\"button\" href=\"https:\/\/lgs.lu\/wp-content\/uploads\/2020\/06\/DLidd-vum-Dreck.jpg\" target=\"_blank\" rel=\"noopener noreferrer\">D&rsquo;Lidd vum Dreck &#8211; Text &amp; Nouten<\/a><br \/>\n<a class=\"button\" href=\"https:\/\/lgs.lu\/wp-content\/uploads\/2020\/06\/04-DLidd-vum-Dreck.mp3\" target=\"_blank\" rel=\"noopener noreferrer\">D&rsquo;Lidd vum Dreck aus dem O Al\u00e9 L\u00e9 fir d\u00e9i Kleng<\/a>\u00a0(<a href=\"https:\/\/lgs.lu\/wp-content\/uploads\/2020\/06\/21-DLidd-vum-Dreck-Playback.mp3\" target=\"_blank\" rel=\"noopener noreferrer\">hei geet et bei d&rsquo;Playback Versioun<\/a>)<\/p>\n<p><strong>Wou d&rsquo;Scouten zesumme sinn<\/strong><\/p>\n<p><a class=\"button\" href=\"https:\/\/lgs.lu\/wp-content\/uploads\/2020\/06\/Wou-dScouten-zesumme-sinn.jpg\" target=\"_blank\" rel=\"noopener noreferrer\">Wou d&rsquo;Scouten zesumme sinn &#8211; Text &amp; Nouten<\/a><br \/>\n<a class=\"button\" href=\"https:\/\/lgs.lu\/wp-content\/uploads\/2020\/06\/Wou-dScouten-zesumme-sinn.mp3\" target=\"_blank\" rel=\"noopener noreferrer\">Wou d&rsquo;Scouten zesumme sinn &#8211; Piano<\/a><\/p>\n<p><strong>H\u00e9ich de Bockel voll Gep\u00e4ck<\/strong><\/p>\n<p><a class=\"button\" href=\"https:\/\/youtu.be\/GQFK1sakIYw\" target=\"_blank\" rel=\"noopener noreferrer\">H\u00e9ich de Bockel voll Gep\u00e4ck &#8211; Video (externe Link)<\/a><br \/>\n<a class=\"button\" href=\"https:\/\/lgs.lu\/wp-content\/uploads\/2020\/06\/H\u00e9ich-de-Bockel-voll-Gep\u00e4ck.jpg\" target=\"_blank\" rel=\"noopener noreferrer\">H\u00e9ich de Bockel voll Gep\u00e4ck &#8211; Text &amp; Nouten<\/a><\/p>\n<p><strong>Ensemble ont est mieux <\/strong>(\u00a9 Les Scouts ASBL)<\/p>\n<p><a class=\"button\" href=\"https:\/\/youtu.be\/83E2dEj1KPA\" target=\"_blank\" rel=\"noopener noreferrer\">Ensemble ont est mieux &#8211; Video (externe Link)<\/a><br \/>\n<a class=\"button\" href=\"https:\/\/lgs.lu\/wp-content\/uploads\/2020\/06\/CSD182_1.pdf\" target=\"_blank\" rel=\"noopener noreferrer\">Ensemble ont est mieux &#8211; Text &amp; Akkorden<\/a><\/p>\n<p><strong>An engem klengen Dueref<\/strong><\/p>\n<p><a class=\"button\" href=\"https:\/\/lgs.lu\/wp-content\/uploads\/2020\/06\/An-engem-klengen-Dueref.jpg\" target=\"_blank\" rel=\"noopener noreferrer\">An engem klengen Dueref 1\/2 &#8211; Text &amp; Nouten<\/a><br \/>\n<a class=\"button\" href=\"https:\/\/lgs.lu\/wp-content\/uploads\/2020\/06\/An-engem-klengen-Dueref-2-scaled.jpg\" target=\"_blank\" rel=\"noopener noreferrer\">An engem klengen Dueref 2\/2 &#8211; Text &amp; Nouten<\/a><br \/>\n<a class=\"button\" href=\"https:\/\/lgs.lu\/wp-content\/uploads\/2020\/06\/01-An-Engem-Klengen-Dueref.mp3\" target=\"_blank\" rel=\"noopener noreferrer\">An Engem Klengen Dueref aus dem O Al\u00e9 L\u00e9 fir d\u00e9i Grouss<\/a> (<a href=\"https:\/\/lgs.lu\/wp-content\/uploads\/2020\/06\/17-Guide-Scoutslidd.mp3\" target=\"_blank\" rel=\"noopener noreferrer\">hei geet et bei d&rsquo;Playback Versioun<\/a>)<\/p>\n<p>&nbsp;","protected":false},"excerpt":{"rendered":"<p>D\u00e9sol\u00e9, cet article est seulement disponible en LU.D&rsquo;Lidd vum Dreck D&rsquo;Lidd vum Dreck &#8211; Text &amp; Nouten D&rsquo;Lidd vum Dreck aus dem O Al\u00e9 L\u00e9 fir d\u00e9i Kleng\u00a0(hei geet et bei d&rsquo;Playback Versioun) Wou d&rsquo;Scouten zesumme sinn Wou d&rsquo;Scouten zesumme sinn &#8211; Text &amp; Nouten Wou d&rsquo;Scouten zesumme sinn &#8211; Piano H\u00e9ich de Bockel voll&#8230;  <a class=\"excerpt-read-more\" href=\"https:\/\/lgs.lu\/fr\/sangmat\/\" title=\"ReadSang Mat\">Read more &raquo;<\/a><\/p>\n","protected":false},"author":299,"featured_media":0,"parent":0,"menu_order":0,"comment_status":"closed","ping_status":"closed","template":"page-no-sidebar.php","meta":{"footnotes":""},"class_list":["post-2579","page","type-page","status-publish","hentry"],"_links":{"self":[{"href":"https:\/\/lgs.lu\/fr\/wp-json\/wp\/v2\/pages\/2579","targetHints":{"allow":["GET"]}}],"collection":[{"href":"https:\/\/lgs.lu\/fr\/wp-json\/wp\/v2\/pages"}],"about":[{"href":"https:\/\/lgs.lu\/fr\/wp-json\/wp\/v2\/types\/page"}],"author":[{"embeddable":true,"href":"https:\/\/lgs.lu\/fr\/wp-json\/wp\/v2\/users\/299"}],"replies":[{"embeddable":true,"href":"https:\/\/lgs.lu\/fr\/wp-json\/wp\/v2\/comments?post=2579"}],"version-history":[{"count":31,"href":"https:\/\/lgs.lu\/fr\/wp-json\/wp\/v2\/pages\/2579\/revisions"}],"predecessor-version":[{"id":2622,"href":"https:\/\/lgs.lu\/fr\/wp-json\/wp\/v2\/pages\/2579\/revisions\/2622"}],"wp:attachment":[{"href":"https:\/\/lgs.lu\/fr\/wp-json\/wp\/v2\/media?parent=2579"}],"curies":[{"name":"wp","href":"https:\/\/api.w.org\/{rel}","templated":true}]}}