{"id":254,"date":"2015-10-17T17:52:24","date_gmt":"2015-10-17T15:52:24","guid":{"rendered":"https:\/\/lgs.lu\/?page_id=254"},"modified":"2025-11-25T20:18:09","modified_gmt":"2025-11-25T19:18:09","slug":"shop","status":"publish","type":"page","link":"https:\/\/lgs.lu\/fr\/shop\/","title":{"rendered":"LGS Shop"},"content":{"rendered":"<p class=\"qtranxs-available-languages-message qtranxs-available-languages-message-fr\">D\u00e9sol\u00e9, cet article est seulement disponible en <a href=\"https:\/\/lgs.lu\/lb\/wp-json\/wp\/v2\/pages\/254\" class=\"qtranxs-available-language-link qtranxs-available-language-link-lb\" title=\"LU\">LU<\/a>.<\/p><div id=\"block-block-21\" class=\"clearfix block block-block\">\n<div class=\"content\">\n<p>Den LGS Shop g\u00ebtt vum \u00ab\u00a0LESSURE Workwear\u00a0\u00bb op der Gare gefouert.<img fetchpriority=\"high\" decoding=\"async\" class=\"size-medium wp-image-3167 alignright\" src=\"https:\/\/lgs.lu\/wp-content\/uploads\/2021\/05\/LGS_shop_logo_2020-300x300.png\" alt=\"\" width=\"300\" height=\"300\" srcset=\"https:\/\/lgs.lu\/wp-content\/uploads\/2021\/05\/LGS_shop_logo_2020-300x300.png 300w, https:\/\/lgs.lu\/wp-content\/uploads\/2021\/05\/LGS_shop_logo_2020-1024x1024.png 1024w, https:\/\/lgs.lu\/wp-content\/uploads\/2021\/05\/LGS_shop_logo_2020-150x150.png 150w, https:\/\/lgs.lu\/wp-content\/uploads\/2021\/05\/LGS_shop_logo_2020-768x768.png 768w, https:\/\/lgs.lu\/wp-content\/uploads\/2021\/05\/LGS_shop_logo_2020-700x700.png 700w, https:\/\/lgs.lu\/wp-content\/uploads\/2021\/05\/LGS_shop_logo_2020-125x125.png 125w, https:\/\/lgs.lu\/wp-content\/uploads\/2021\/05\/LGS_shop_logo_2020-350x350.png 350w, https:\/\/lgs.lu\/wp-content\/uploads\/2021\/05\/LGS_shop_logo_2020-51x51.png 51w, https:\/\/lgs.lu\/wp-content\/uploads\/2021\/05\/LGS_shop_logo_2020-800x800.png 800w, https:\/\/lgs.lu\/wp-content\/uploads\/2021\/05\/LGS_shop_logo_2020.png 1500w\" sizes=\"(max-width: 300px) 100vw, 300px\" \/><\/p>\n<p>Hei f\u00ebnns du Uniformshiemer, Foularden, Rimmer, F\u00e4ndelen, Badgen, T-Shirten, Jacketten a villes m\u00e9i wat mat den LGS ze dinn huet.<\/p>\n<p>D&rsquo;\u00cbffnungsz\u00e4ite si M\u00e9indeg-Samschdeg vun 10h bis 18h00<\/p>\n<p>Op Nofro beim Shop kann ee seng Saachen och op Nidderaanwen liwwere loossen a siche goen.<\/p>\n<p>Fir d&rsquo;Gruppenofzeechen an d&rsquo;Branchebadger ze bestellen, muss den entspriechende Formulaire ausgef\u00ebllt a per Mail un de Shop gesch\u00e9ckt ginn.<\/p>\n<p><a class=\"button\" href=\"https:\/\/lgs.lu\/wp-content\/uploads\/2025\/09\/25.08.20-Bon-de-commande-pour-Insignes-de-groupe-LGS-2025-2.1.xls\">25.08.20 Bon de commande pour Insignes de groupe LGS 2025 2.1<\/a><br \/>\n<a class=\"button\" href=\"https:\/\/lgs.lu\/wp-content\/uploads\/2025\/10\/25.08.20-Bestellung-fir-Uniformen-1.2.xls\">25.08.20 Bestellung fir Uniformen 1.2<\/a><br \/>\n<a class=\"button\" href=\"https:\/\/lgs.lu\/wp-content\/uploads\/2025\/09\/25.08.20-Bestellung-fir-Foularden-2.1.xls\">25.08.20 Bestellung fir Foularden 2.1<\/a><br \/>\n<a class=\"button\" href=\"https:\/\/lgs.lu\/wp-content\/uploads\/2025\/09\/25.08.20-Bestellung-fir-Branchenbadger-2.1.xls\">25.08.20 Bestellung fir Branchenbadger 2.1<\/a><br \/>\n<a class=\"button\" href=\"https:\/\/lgs.lu\/wp-content\/uploads\/2025\/09\/25.08.20-Bestellung-fir-Biber-Pin-Perseinleche-Fortschrett-2.1.xls\">25.08.20 Bestellung fir Biber Pin Pers\u00e9inleche Fortschr\u00ebtt 2.1<\/a><br \/>\n<a class=\"button\" href=\"https:\/\/lgs.lu\/wp-content\/uploads\/2025\/09\/25.08.20-Bestellung-fir-Avex-Badge-Perseinleche-Fortschrett-2.1.xls\">25.08.20 Bestellung fir Avex Badge Pers\u00e9inleche Fortschr\u00ebtt 2.1<\/a><\/p>\n<div class=\"content\">\n<p><strong>Adress<br \/>\n<\/strong>1, rue Jean Origer<br \/>\nL-2269 Luxembourg<\/p>\n<\/div>\n<div class=\"content\">\n<div class=\"content\">\n<p>Tel.:\u00a048 86 18<br \/>\n<a class=\"mailto-link\" href=\"mailto:shop@frenn.lgs.lu\" data-enc-email=\"fubc[at]nfoy.ytf.yh\" data-wpel-link=\"ignore\"><span id=\"eeb-969163-261250\">shop@frenn.lgs.lu<\/span><\/a><\/p>\n<p><a href=\"http:\/\/www.lessure.lu\" target=\"_blank\" rel=\"noopener\">www.lessure.lu<\/a><\/p>\n<\/div>\n<\/div>\n<\/div>\n<div class=\"content\">\n<div class=\"content\">\n<p><strong>Nei am Shop<\/strong><\/p>\n<table style=\"border-collapse: collapse; width: 100%;\">\n<tbody>\n<tr>\n<td style=\"width: 20%;\"><img decoding=\"async\" class=\"aligncenter wp-image-3177 size-large\" src=\"https:\/\/lgs.lu\/wp-content\/uploads\/2021\/05\/IMG_20210410_183709-e1621431223234-1024x1024.jpg\" alt=\"\" width=\"1024\" height=\"1024\" srcset=\"https:\/\/lgs.lu\/wp-content\/uploads\/2021\/05\/IMG_20210410_183709-e1621431223234-1024x1024.jpg 1024w, https:\/\/lgs.lu\/wp-content\/uploads\/2021\/05\/IMG_20210410_183709-e1621431223234-300x300.jpg 300w, https:\/\/lgs.lu\/wp-content\/uploads\/2021\/05\/IMG_20210410_183709-e1621431223234-150x150.jpg 150w, https:\/\/lgs.lu\/wp-content\/uploads\/2021\/05\/IMG_20210410_183709-e1621431223234-768x768.jpg 768w, https:\/\/lgs.lu\/wp-content\/uploads\/2021\/05\/IMG_20210410_183709-e1621431223234-1536x1536.jpg 1536w, https:\/\/lgs.lu\/wp-content\/uploads\/2021\/05\/IMG_20210410_183709-e1621431223234-700x700.jpg 700w, https:\/\/lgs.lu\/wp-content\/uploads\/2021\/05\/IMG_20210410_183709-e1621431223234-125x125.jpg 125w, https:\/\/lgs.lu\/wp-content\/uploads\/2021\/05\/IMG_20210410_183709-e1621431223234-350x350.jpg 350w, https:\/\/lgs.lu\/wp-content\/uploads\/2021\/05\/IMG_20210410_183709-e1621431223234-51x51.jpg 51w, https:\/\/lgs.lu\/wp-content\/uploads\/2021\/05\/IMG_20210410_183709-e1621431223234-801x800.jpg 801w, https:\/\/lgs.lu\/wp-content\/uploads\/2021\/05\/IMG_20210410_183709-e1621431223234.jpg 1538w\" sizes=\"(max-width: 1024px) 100vw, 1024px\" \/><\/td>\n<td style=\"width: 20%;\"><img decoding=\"async\" class=\"size-large wp-image-3176 aligncenter\" src=\"https:\/\/lgs.lu\/wp-content\/uploads\/2021\/05\/IMG_20210410_184557-e1621431283289-1024x1024.jpg\" alt=\"\" width=\"1024\" height=\"1024\" srcset=\"https:\/\/lgs.lu\/wp-content\/uploads\/2021\/05\/IMG_20210410_184557-e1621431283289-1024x1024.jpg 1024w, https:\/\/lgs.lu\/wp-content\/uploads\/2021\/05\/IMG_20210410_184557-e1621431283289-300x300.jpg 300w, https:\/\/lgs.lu\/wp-content\/uploads\/2021\/05\/IMG_20210410_184557-e1621431283289-150x150.jpg 150w, https:\/\/lgs.lu\/wp-content\/uploads\/2021\/05\/IMG_20210410_184557-e1621431283289-768x768.jpg 768w, https:\/\/lgs.lu\/wp-content\/uploads\/2021\/05\/IMG_20210410_184557-e1621431283289-700x700.jpg 700w, https:\/\/lgs.lu\/wp-content\/uploads\/2021\/05\/IMG_20210410_184557-e1621431283289-125x125.jpg 125w, https:\/\/lgs.lu\/wp-content\/uploads\/2021\/05\/IMG_20210410_184557-e1621431283289-350x350.jpg 350w, https:\/\/lgs.lu\/wp-content\/uploads\/2021\/05\/IMG_20210410_184557-e1621431283289-51x51.jpg 51w, https:\/\/lgs.lu\/wp-content\/uploads\/2021\/05\/IMG_20210410_184557-e1621431283289-800x800.jpg 800w, https:\/\/lgs.lu\/wp-content\/uploads\/2021\/05\/IMG_20210410_184557-e1621431283289.jpg 1302w\" sizes=\"(max-width: 1024px) 100vw, 1024px\" \/><\/td>\n<td style=\"width: 20%;\"><img loading=\"lazy\" decoding=\"async\" class=\"wp-image-3178 size-large aligncenter\" src=\"https:\/\/lgs.lu\/wp-content\/uploads\/2021\/05\/IMG_20210410_193203-e1621431165296-1024x1024.jpg\" alt=\"\" width=\"1024\" height=\"1024\" srcset=\"https:\/\/lgs.lu\/wp-content\/uploads\/2021\/05\/IMG_20210410_193203-e1621431165296-1024x1024.jpg 1024w, https:\/\/lgs.lu\/wp-content\/uploads\/2021\/05\/IMG_20210410_193203-e1621431165296-300x300.jpg 300w, https:\/\/lgs.lu\/wp-content\/uploads\/2021\/05\/IMG_20210410_193203-e1621431165296-150x150.jpg 150w, https:\/\/lgs.lu\/wp-content\/uploads\/2021\/05\/IMG_20210410_193203-e1621431165296-768x768.jpg 768w, https:\/\/lgs.lu\/wp-content\/uploads\/2021\/05\/IMG_20210410_193203-e1621431165296-700x700.jpg 700w, https:\/\/lgs.lu\/wp-content\/uploads\/2021\/05\/IMG_20210410_193203-e1621431165296-125x125.jpg 125w, https:\/\/lgs.lu\/wp-content\/uploads\/2021\/05\/IMG_20210410_193203-e1621431165296-350x350.jpg 350w, https:\/\/lgs.lu\/wp-content\/uploads\/2021\/05\/IMG_20210410_193203-e1621431165296-51x51.jpg 51w, https:\/\/lgs.lu\/wp-content\/uploads\/2021\/05\/IMG_20210410_193203-e1621431165296-801x800.jpg 801w, https:\/\/lgs.lu\/wp-content\/uploads\/2021\/05\/IMG_20210410_193203-e1621431165296.jpg 1537w\" sizes=\"(max-width: 1024px) 100vw, 1024px\" \/><\/td>\n<td style=\"width: 20%;\"><img loading=\"lazy\" decoding=\"async\" class=\"wp-image-3179 size-large aligncenter\" src=\"https:\/\/lgs.lu\/wp-content\/uploads\/2021\/05\/IMG_20210410_193007-e1621430957782-1024x1024.jpg\" alt=\"\" width=\"1024\" height=\"1024\" srcset=\"https:\/\/lgs.lu\/wp-content\/uploads\/2021\/05\/IMG_20210410_193007-e1621430957782-1024x1024.jpg 1024w, https:\/\/lgs.lu\/wp-content\/uploads\/2021\/05\/IMG_20210410_193007-e1621430957782-300x300.jpg 300w, https:\/\/lgs.lu\/wp-content\/uploads\/2021\/05\/IMG_20210410_193007-e1621430957782-150x150.jpg 150w, https:\/\/lgs.lu\/wp-content\/uploads\/2021\/05\/IMG_20210410_193007-e1621430957782-768x768.jpg 768w, https:\/\/lgs.lu\/wp-content\/uploads\/2021\/05\/IMG_20210410_193007-e1621430957782-1536x1536.jpg 1536w, https:\/\/lgs.lu\/wp-content\/uploads\/2021\/05\/IMG_20210410_193007-e1621430957782-700x700.jpg 700w, https:\/\/lgs.lu\/wp-content\/uploads\/2021\/05\/IMG_20210410_193007-e1621430957782-125x125.jpg 125w, https:\/\/lgs.lu\/wp-content\/uploads\/2021\/05\/IMG_20210410_193007-e1621430957782-350x350.jpg 350w, https:\/\/lgs.lu\/wp-content\/uploads\/2021\/05\/IMG_20210410_193007-e1621430957782-51x51.jpg 51w, https:\/\/lgs.lu\/wp-content\/uploads\/2021\/05\/IMG_20210410_193007-e1621430957782-799x800.jpg 799w, https:\/\/lgs.lu\/wp-content\/uploads\/2021\/05\/IMG_20210410_193007-e1621430957782.jpg 1537w\" sizes=\"(max-width: 1024px) 100vw, 1024px\" \/><\/td>\n<td style=\"width: 20%;\"><img loading=\"lazy\" decoding=\"async\" class=\"wp-image-3182 size-large aligncenter\" src=\"https:\/\/lgs.lu\/wp-content\/uploads\/2021\/05\/IMG_20210410_193241-e1621431057237-1024x1024.jpg\" alt=\"\" width=\"1024\" height=\"1024\" srcset=\"https:\/\/lgs.lu\/wp-content\/uploads\/2021\/05\/IMG_20210410_193241-e1621431057237-1024x1024.jpg 1024w, https:\/\/lgs.lu\/wp-content\/uploads\/2021\/05\/IMG_20210410_193241-e1621431057237-300x300.jpg 300w, https:\/\/lgs.lu\/wp-content\/uploads\/2021\/05\/IMG_20210410_193241-e1621431057237-150x150.jpg 150w, https:\/\/lgs.lu\/wp-content\/uploads\/2021\/05\/IMG_20210410_193241-e1621431057237-768x768.jpg 768w, https:\/\/lgs.lu\/wp-content\/uploads\/2021\/05\/IMG_20210410_193241-e1621431057237-1536x1536.jpg 1536w, https:\/\/lgs.lu\/wp-content\/uploads\/2021\/05\/IMG_20210410_193241-e1621431057237-700x700.jpg 700w, https:\/\/lgs.lu\/wp-content\/uploads\/2021\/05\/IMG_20210410_193241-e1621431057237-125x125.jpg 125w, https:\/\/lgs.lu\/wp-content\/uploads\/2021\/05\/IMG_20210410_193241-e1621431057237-350x350.jpg 350w, https:\/\/lgs.lu\/wp-content\/uploads\/2021\/05\/IMG_20210410_193241-e1621431057237-51x51.jpg 51w, https:\/\/lgs.lu\/wp-content\/uploads\/2021\/05\/IMG_20210410_193241-e1621431057237-801x800.jpg 801w, https:\/\/lgs.lu\/wp-content\/uploads\/2021\/05\/IMG_20210410_193241-e1621431057237.jpg 1538w\" sizes=\"(max-width: 1024px) 100vw, 1024px\" \/><\/td>\n<\/tr>\n<tr>\n<td style=\"width: 20%; text-align: center;\">Komm mat!<br \/>\nPr\u00e4is 1,50\u20ac<\/td>\n<td style=\"width: 20%; text-align: center;\">Branche\u00adbadger<br \/>\nPr\u00e4is 2\u20ac<\/td>\n<td style=\"width: 20%; text-align: center;\">Multi\u00adfunktiouns\u00adschal<br \/>\nPr\u00e4is 4\u20ac<\/td>\n<td style=\"width: 20%; text-align: center;\">Kaarte\u00adspill (52+3)<br \/>\n2,50\u20ac<\/td>\n<td style=\"width: 20%; text-align: center;\">Mask<br \/>\nPr\u00e4is 6,90\u20ac<\/td>\n<\/tr>\n<\/tbody>\n<\/table>\n<p>&nbsp;<\/p>\n<\/div>\n<\/div>\n<\/div>","protected":false},"excerpt":{"rendered":"<p>D\u00e9sol\u00e9, cet article est seulement disponible en LU. Den LGS Shop g\u00ebtt vum \u00ab\u00a0LESSURE Workwear\u00a0\u00bb op der Gare gefouert. Hei f\u00ebnns du Uniformshiemer, Foularden, Rimmer, F\u00e4ndelen, Badgen, T-Shirten, Jacketten a villes m\u00e9i wat mat den LGS ze dinn huet. D&rsquo;\u00cbffnungsz\u00e4ite si M\u00e9indeg-Samschdeg vun 10h bis 18h00 Op Nofro beim Shop kann ee seng Saachen och&#8230;  <a class=\"excerpt-read-more\" href=\"https:\/\/lgs.lu\/fr\/shop\/\" title=\"ReadLGS Shop\">Read more &raquo;<\/a><\/p>\n","protected":false},"author":299,"featured_media":3167,"parent":0,"menu_order":7,"comment_status":"closed","ping_status":"closed","template":"page-no-sidebar.php","meta":{"footnotes":""},"class_list":["post-254","page","type-page","status-publish","has-post-thumbnail","hentry"],"_links":{"self":[{"href":"https:\/\/lgs.lu\/fr\/wp-json\/wp\/v2\/pages\/254","targetHints":{"allow":["GET"]}}],"collection":[{"href":"https:\/\/lgs.lu\/fr\/wp-json\/wp\/v2\/pages"}],"about":[{"href":"https:\/\/lgs.lu\/fr\/wp-json\/wp\/v2\/types\/page"}],"author":[{"embeddable":true,"href":"https:\/\/lgs.lu\/fr\/wp-json\/wp\/v2\/users\/299"}],"replies":[{"embeddable":true,"href":"https:\/\/lgs.lu\/fr\/wp-json\/wp\/v2\/comments?post=254"}],"version-history":[{"count":102,"href":"https:\/\/lgs.lu\/fr\/wp-json\/wp\/v2\/pages\/254\/revisions"}],"predecessor-version":[{"id":4905,"href":"https:\/\/lgs.lu\/fr\/wp-json\/wp\/v2\/pages\/254\/revisions\/4905"}],"wp:featuredmedia":[{"embeddable":true,"href":"https:\/\/lgs.lu\/fr\/wp-json\/wp\/v2\/media\/3167"}],"wp:attachment":[{"href":"https:\/\/lgs.lu\/fr\/wp-json\/wp\/v2\/media?parent=254"}],"curies":[{"name":"wp","href":"https:\/\/api.w.org\/{rel}","templated":true}]}}