{"id":2394,"date":"2020-04-06T15:06:47","date_gmt":"2020-04-06T13:06:47","guid":{"rendered":"https:\/\/lgs.lu\/?page_id=2394"},"modified":"2020-04-07T10:56:06","modified_gmt":"2020-04-07T08:56:06","slug":"kaartenaktioun","status":"publish","type":"page","link":"https:\/\/lgs.lu\/fr\/homescouting\/kaartenaktioun\/","title":{"rendered":"Kaartenaktioun"},"content":{"rendered":"<p class=\"qtranxs-available-languages-message qtranxs-available-languages-message-fr\">D\u00e9sol\u00e9, cet article est seulement disponible en <a href=\"https:\/\/lgs.lu\/lb\/wp-json\/wp\/v2\/pages\/2394\" class=\"qtranxs-available-language-link qtranxs-available-language-link-lb\" title=\"LU\">LU<\/a>.<\/p><p class=\"\">L\u00e9if Biber, W\u00ebllefcher an Avex<\/p>\n<p>W\u00e9i dir vl\u00e4icht scho matkrut hutt, ginn d\u00e9i b\u00ebsse m\u00e9i \u201cal\u201d Scouten (Carapio, RaRo, Albatrossen a Chef) elo scho s\u00e4it e puer Wochen fir d\u00e9i eeler oder krank Leit aus \u00e4re Gemengen akafen. Esou h\u00ebllefen si deene Leit an d\u00ebser Z\u00e4it, wou een esou vill w\u00e9i m\u00e9iglech soll doheem bleiwen, a versuergen si mat allem wat se brauchen.<\/p>\n<p class=\"\">Dir kennt nach net fir aner Leit akafe goen. Dat heescht awer net, dass dir guer n\u00e4ischt maache k\u00ebnnt. De Moment si ganz vill eeler Leit eleng doheem, well se kee Besuch m\u00e9i dierfe kr\u00e9ien. Fir dass si sech net esou eleng villen kanns du hinnen e Br\u00e9if schreiwen, een Ouschterbild molen oder eng kleng Ouschterkaart bastelen. D\u00ebs kanns du dann enger eelerer Persoun aus denger Noperschaft an d\u2019 Bo\u00eete geheien goen. Du kanns awer och deng Eltere froen fir se u Leit ze sch\u00e9cken, d\u00e9i an engem Altersheim wunnen. Egal wien d\u00e4i Bild oder deng Kaart w\u00e4ert kr\u00e9ien, si w\u00e4erten sech best\u00ebmmt immens driwwer free\u00ebn.<\/p>\n<p class=\"\">Mir hunn iech e puer Virlagen prepar\u00e9iert, d\u00e9i dir k\u00ebnnt notzen. Natierlech k\u00ebnnt dir \u00e4rer Kreativit\u00e9it awer och fr\u00e4ie laf loossen an \u00e4r eegen Biller oder Kaarte gestalten.<\/p>\n<p class=\"\">Vill Spaass beim gestalten vun \u00e4ren Ouschterw\u00ebnsch!<\/p>","protected":false},"excerpt":{"rendered":"<p>D\u00e9sol\u00e9, cet article est seulement disponible en LU.L\u00e9if Biber, W\u00ebllefcher an Avex W\u00e9i dir vl\u00e4icht scho matkrut hutt, ginn d\u00e9i b\u00ebsse m\u00e9i \u201cal\u201d Scouten (Carapio, RaRo, Albatrossen a Chef) elo scho s\u00e4it e puer Wochen fir d\u00e9i eeler oder krank Leit aus \u00e4re Gemengen akafen. Esou h\u00ebllefen si deene Leit an d\u00ebser Z\u00e4it, wou een&#8230;  <a class=\"excerpt-read-more\" href=\"https:\/\/lgs.lu\/fr\/homescouting\/kaartenaktioun\/\" title=\"ReadKaartenaktioun\">Read more &raquo;<\/a><\/p>\n","protected":false},"author":299,"featured_media":2407,"parent":2240,"menu_order":2,"comment_status":"closed","ping_status":"closed","template":"","meta":{"footnotes":""},"class_list":["post-2394","page","type-page","status-publish","has-post-thumbnail","hentry"],"_links":{"self":[{"href":"https:\/\/lgs.lu\/fr\/wp-json\/wp\/v2\/pages\/2394","targetHints":{"allow":["GET"]}}],"collection":[{"href":"https:\/\/lgs.lu\/fr\/wp-json\/wp\/v2\/pages"}],"about":[{"href":"https:\/\/lgs.lu\/fr\/wp-json\/wp\/v2\/types\/page"}],"author":[{"embeddable":true,"href":"https:\/\/lgs.lu\/fr\/wp-json\/wp\/v2\/users\/299"}],"replies":[{"embeddable":true,"href":"https:\/\/lgs.lu\/fr\/wp-json\/wp\/v2\/comments?post=2394"}],"version-history":[{"count":4,"href":"https:\/\/lgs.lu\/fr\/wp-json\/wp\/v2\/pages\/2394\/revisions"}],"predecessor-version":[{"id":2406,"href":"https:\/\/lgs.lu\/fr\/wp-json\/wp\/v2\/pages\/2394\/revisions\/2406"}],"up":[{"embeddable":true,"href":"https:\/\/lgs.lu\/fr\/wp-json\/wp\/v2\/pages\/2240"}],"wp:featuredmedia":[{"embeddable":true,"href":"https:\/\/lgs.lu\/fr\/wp-json\/wp\/v2\/media\/2407"}],"wp:attachment":[{"href":"https:\/\/lgs.lu\/fr\/wp-json\/wp\/v2\/media?parent=2394"}],"curies":[{"name":"wp","href":"https:\/\/api.w.org\/{rel}","templated":true}]}}