{"id":2254,"date":"2020-03-29T17:42:41","date_gmt":"2020-03-29T15:42:41","guid":{"rendered":"https:\/\/lgs.lu\/?page_id=2254"},"modified":"2020-06-25T10:57:58","modified_gmt":"2020-06-25T08:57:58","slug":"aktiviteiten","status":"publish","type":"page","link":"https:\/\/lgs.lu\/fr\/homescouting\/aktiviteiten\/","title":{"rendered":"#ScoutenDoheem &#8211; Activit\u00e9s"},"content":{"rendered":"<strong>Information<\/strong><\/p>\n<p><strong>\u00a0<\/strong><\/p>\n<p><strong>Nos \u00e9quipes b\u00e9n\u00e9voles s\u2019efforcent de traduire sommairement en langue fran\u00e7aise, de semaine en semaine, les activit\u00e9s propos\u00e9es. <\/strong><\/p>\n<p><strong>Les traductions sont propos\u00e9es prioritairement pour les branches inf\u00e9rieures (6-8, 8-11 ans).<\/strong><\/p>\n<p>&nbsp;<\/p>\n<p>Chers Guides et Scoutes,\u00a0Chers parents,<\/p>\n<p>Compte tenu de la crise sanitaire actuelle, toutes les activit\u00e9s des LGS (L\u00ebtzebuerger Guiden a Scouten) ont \u00e9t\u00e9 annul\u00e9es au moins jusqu\u2019au 4 mai (jusqu\u2019\u00e0 nouvel ordre). Afin de permettre \u00e0 nos membres de pouvoir continuer \u00e0 vivre leur passion, les LGS proposent chaque semaine, et pour chaque branche, des activit\u00e9s regroup\u00e9es sous la devise <strong>#ScoutenDoheem<\/strong> (Scout \u00e0 domicile). Membre ou non des LGS, tout le monde peut se joindre aux activit\u00e9s propos\u00e9es.<\/p>\n<p>Les activit\u00e9s restent simples, afin de permettre \u00e0 chacun d\u2019y participer selon ses envies et sa motivation. Nous enverrons une activit\u00e9 par branche et par semaine, \u00e0 chaque fois sous un th\u00e8me diff\u00e9rent.<\/p>\n<p>Vous aurez acc\u00e8s \u00e0 toutes les activit\u00e9s, ind\u00e9pendamment de votre \u00e2ge. N\u2019h\u00e9sitez pas \u00e0 aller voir ce qui est propos\u00e9 \u00e0 vos amis.<\/p>\n<p>Vous \u00eates \u00e9galement invit\u00e9s \u00e0 documenter votre activit\u00e9, et de t\u00e9l\u00e9charger vos photos, vos films\u2026 sur notre site.\u00a0 \/ .Par ce biais, vous pourrez vous motiver et inspirer mutuellement.<\/p>\n<p>Chers Guides et Scoutes, chers parents,\u00a0 en vous souhaitant de rester en bonne sant\u00e9, les LGS comptent sur vous et sur votre participation active.<\/p>\n<p>Avec nos meilleures salutations guides et scoutes,<\/p>\n<p>Le comit\u00e9 f\u00e9d\u00e9ral<\/p>\n<p>&nbsp;<\/p>\n<table style=\"border-collapse: collapse; width: 100%;\">\n<tbody>\n<tr>\n<td style=\"width: 100%; text-align: center;\"><strong>Semaine 5 <a href=\"https:\/\/lgs.lu\/wp-content\/uploads\/2020\/05\/Aktivit\u00e9it-Nr-5_FR.pdf\">(FR)<\/a><\/strong><\/td>\n<\/tr>\n<tr>\n<td style=\"width: 100%;\"><a href=\"https:\/\/lgs.lu\/wp-content\/uploads\/2020\/05\/05_ScoutenDoheem.pdf\"><img loading=\"lazy\" decoding=\"async\" class=\"aligncenter wp-image-2520 size-medium\" src=\"https:\/\/lgs.lu\/wp-content\/uploads\/2020\/05\/05_ScoutenDoheem-212x300.jpg\" alt=\"\" width=\"212\" height=\"300\" srcset=\"https:\/\/lgs.lu\/wp-content\/uploads\/2020\/05\/05_ScoutenDoheem-212x300.jpg 212w, https:\/\/lgs.lu\/wp-content\/uploads\/2020\/05\/05_ScoutenDoheem-724x1024.jpg 724w, https:\/\/lgs.lu\/wp-content\/uploads\/2020\/05\/05_ScoutenDoheem-768x1086.jpg 768w, https:\/\/lgs.lu\/wp-content\/uploads\/2020\/05\/05_ScoutenDoheem-1086x1536.jpg 1086w, https:\/\/lgs.lu\/wp-content\/uploads\/2020\/05\/05_ScoutenDoheem-247x350.jpg 247w, https:\/\/lgs.lu\/wp-content\/uploads\/2020\/05\/05_ScoutenDoheem-566x800.jpg 566w, https:\/\/lgs.lu\/wp-content\/uploads\/2020\/05\/05_ScoutenDoheem.jpg 1240w\" sizes=\"(max-width: 212px) 100vw, 212px\" \/><\/a><\/td>\n<\/tr>\n<\/tbody>\n<\/table>\n<table style=\"border-collapse: collapse; width: 100%;\">\n<tbody>\n<tr>\n<td style=\"width: 20%; text-align: center;\" colspan=\"5\"><strong>Semaine 4<\/strong><\/td>\n<\/tr>\n<tr>\n<td style=\"width: 20%;\"><a href=\"https:\/\/lgs.lu\/wp-content\/uploads\/2020\/04\/04_ScoutenDoheem_Biber.pdf\"><img loading=\"lazy\" decoding=\"async\" class=\"alignnone wp-image-2482 size-medium\" src=\"https:\/\/lgs.lu\/wp-content\/uploads\/2020\/04\/04_ScoutenDoheem_Biber-212x300.jpg\" alt=\"\" width=\"212\" height=\"300\" srcset=\"https:\/\/lgs.lu\/wp-content\/uploads\/2020\/04\/04_ScoutenDoheem_Biber-212x300.jpg 212w, https:\/\/lgs.lu\/wp-content\/uploads\/2020\/04\/04_ScoutenDoheem_Biber-724x1024.jpg 724w, https:\/\/lgs.lu\/wp-content\/uploads\/2020\/04\/04_ScoutenDoheem_Biber-768x1086.jpg 768w, https:\/\/lgs.lu\/wp-content\/uploads\/2020\/04\/04_ScoutenDoheem_Biber-1086x1536.jpg 1086w, https:\/\/lgs.lu\/wp-content\/uploads\/2020\/04\/04_ScoutenDoheem_Biber-247x350.jpg 247w, https:\/\/lgs.lu\/wp-content\/uploads\/2020\/04\/04_ScoutenDoheem_Biber-566x800.jpg 566w, https:\/\/lgs.lu\/wp-content\/uploads\/2020\/04\/04_ScoutenDoheem_Biber.jpg 1240w\" sizes=\"(max-width: 212px) 100vw, 212px\" \/><\/a><\/td>\n<td style=\"width: 20%;\"><a href=\"https:\/\/lgs.lu\/wp-content\/uploads\/2020\/04\/04_ScoutenDoheem_Wellefcher.pdf\"><img loading=\"lazy\" decoding=\"async\" class=\"alignnone wp-image-2486 size-medium\" src=\"https:\/\/lgs.lu\/wp-content\/uploads\/2020\/04\/04_ScoutenDoheem_Wellefcher-212x300.jpg\" alt=\"\" width=\"212\" height=\"300\" srcset=\"https:\/\/lgs.lu\/wp-content\/uploads\/2020\/04\/04_ScoutenDoheem_Wellefcher-212x300.jpg 212w, https:\/\/lgs.lu\/wp-content\/uploads\/2020\/04\/04_ScoutenDoheem_Wellefcher-724x1024.jpg 724w, https:\/\/lgs.lu\/wp-content\/uploads\/2020\/04\/04_ScoutenDoheem_Wellefcher-768x1086.jpg 768w, https:\/\/lgs.lu\/wp-content\/uploads\/2020\/04\/04_ScoutenDoheem_Wellefcher-1086x1536.jpg 1086w, https:\/\/lgs.lu\/wp-content\/uploads\/2020\/04\/04_ScoutenDoheem_Wellefcher-247x350.jpg 247w, https:\/\/lgs.lu\/wp-content\/uploads\/2020\/04\/04_ScoutenDoheem_Wellefcher-566x800.jpg 566w, https:\/\/lgs.lu\/wp-content\/uploads\/2020\/04\/04_ScoutenDoheem_Wellefcher.jpg 1240w\" sizes=\"(max-width: 212px) 100vw, 212px\" \/><\/a><\/td>\n<td style=\"width: 20%;\"><a href=\"https:\/\/lgs.lu\/wp-content\/uploads\/2020\/04\/04_ScoutenDoheem_Avex.pdf\"><img loading=\"lazy\" decoding=\"async\" class=\"alignnone wp-image-2495 size-medium\" src=\"https:\/\/lgs.lu\/wp-content\/uploads\/2020\/04\/04_ScoutenDoheem_Avex-212x300.jpg\" alt=\"\" width=\"212\" height=\"300\" srcset=\"https:\/\/lgs.lu\/wp-content\/uploads\/2020\/04\/04_ScoutenDoheem_Avex-212x300.jpg 212w, https:\/\/lgs.lu\/wp-content\/uploads\/2020\/04\/04_ScoutenDoheem_Avex-724x1024.jpg 724w, https:\/\/lgs.lu\/wp-content\/uploads\/2020\/04\/04_ScoutenDoheem_Avex-768x1086.jpg 768w, https:\/\/lgs.lu\/wp-content\/uploads\/2020\/04\/04_ScoutenDoheem_Avex-1086x1536.jpg 1086w, https:\/\/lgs.lu\/wp-content\/uploads\/2020\/04\/04_ScoutenDoheem_Avex-247x350.jpg 247w, https:\/\/lgs.lu\/wp-content\/uploads\/2020\/04\/04_ScoutenDoheem_Avex-566x800.jpg 566w, https:\/\/lgs.lu\/wp-content\/uploads\/2020\/04\/04_ScoutenDoheem_Avex.jpg 1240w\" sizes=\"(max-width: 212px) 100vw, 212px\" \/><\/a><\/td>\n<td style=\"width: 20%;\"><a href=\"https:\/\/lgs.lu\/wp-content\/uploads\/2020\/04\/04_ScoutenDoheem_Avex2.pdf\"><img loading=\"lazy\" decoding=\"async\" class=\"alignnone wp-image-2480 size-medium\" src=\"https:\/\/lgs.lu\/wp-content\/uploads\/2020\/04\/04_ScoutenDoheem_Avex2-212x300.jpg\" alt=\"\" width=\"212\" height=\"300\" srcset=\"https:\/\/lgs.lu\/wp-content\/uploads\/2020\/04\/04_ScoutenDoheem_Avex2-212x300.jpg 212w, https:\/\/lgs.lu\/wp-content\/uploads\/2020\/04\/04_ScoutenDoheem_Avex2-724x1024.jpg 724w, https:\/\/lgs.lu\/wp-content\/uploads\/2020\/04\/04_ScoutenDoheem_Avex2-768x1086.jpg 768w, https:\/\/lgs.lu\/wp-content\/uploads\/2020\/04\/04_ScoutenDoheem_Avex2-1086x1536.jpg 1086w, https:\/\/lgs.lu\/wp-content\/uploads\/2020\/04\/04_ScoutenDoheem_Avex2-247x350.jpg 247w, https:\/\/lgs.lu\/wp-content\/uploads\/2020\/04\/04_ScoutenDoheem_Avex2-566x800.jpg 566w, https:\/\/lgs.lu\/wp-content\/uploads\/2020\/04\/04_ScoutenDoheem_Avex2.jpg 1240w\" sizes=\"(max-width: 212px) 100vw, 212px\" \/><\/a><\/td>\n<td style=\"width: 20%;\"><a href=\"https:\/\/lgs.lu\/wp-content\/uploads\/2020\/04\/04_ScoutenDoheem_RaRo.pdf\"><img loading=\"lazy\" decoding=\"async\" class=\"alignnone wp-image-2484 size-medium\" src=\"https:\/\/lgs.lu\/wp-content\/uploads\/2020\/04\/04_ScoutenDoheem_RaRo-212x300.jpg\" alt=\"\" width=\"212\" height=\"300\" srcset=\"https:\/\/lgs.lu\/wp-content\/uploads\/2020\/04\/04_ScoutenDoheem_RaRo-212x300.jpg 212w, https:\/\/lgs.lu\/wp-content\/uploads\/2020\/04\/04_ScoutenDoheem_RaRo-724x1024.jpg 724w, https:\/\/lgs.lu\/wp-content\/uploads\/2020\/04\/04_ScoutenDoheem_RaRo-768x1086.jpg 768w, https:\/\/lgs.lu\/wp-content\/uploads\/2020\/04\/04_ScoutenDoheem_RaRo-1086x1536.jpg 1086w, https:\/\/lgs.lu\/wp-content\/uploads\/2020\/04\/04_ScoutenDoheem_RaRo-247x350.jpg 247w, https:\/\/lgs.lu\/wp-content\/uploads\/2020\/04\/04_ScoutenDoheem_RaRo-566x800.jpg 566w, https:\/\/lgs.lu\/wp-content\/uploads\/2020\/04\/04_ScoutenDoheem_RaRo.jpg 1240w\" sizes=\"(max-width: 212px) 100vw, 212px\" \/><\/a><\/td>\n<\/tr>\n<\/tbody>\n<\/table>\n<table style=\"border-collapse: collapse; width: 100%;\">\n<tbody>\n<tr>\n<td style=\"width: 100%; text-align: center;\" colspan=\"5\"><strong>Semaine 3<\/strong><\/td>\n<\/tr>\n<tr>\n<td style=\"width: 20%;\"><a href=\"https:\/\/lgs.lu\/wp-content\/uploads\/2020\/04\/03_ScoutenDoheem_Biber.pdf\"><img loading=\"lazy\" decoding=\"async\" class=\"alignnone wp-image-2421 size-medium\" src=\"https:\/\/lgs.lu\/wp-content\/uploads\/2020\/04\/03_ScoutenDoheem_Biber-212x300.jpg\" alt=\"\" width=\"212\" height=\"300\" \/><\/a><\/td>\n<td style=\"width: 20%;\"><a href=\"https:\/\/lgs.lu\/wp-content\/uploads\/2020\/04\/03_ScoutenDoheem_Wellefcher.pdf\"><img loading=\"lazy\" decoding=\"async\" class=\"alignnone wp-image-2425 size-medium\" src=\"https:\/\/lgs.lu\/wp-content\/uploads\/2020\/04\/03_ScoutenDoheem_Wellefcher-212x300.jpg\" alt=\"\" width=\"212\" height=\"300\" \/><\/a><\/td>\n<td style=\"width: 20%;\"><a href=\"https:\/\/lgs.lu\/wp-content\/uploads\/2020\/04\/03_ScoutenDoheem_Avex.pdf\"><img loading=\"lazy\" decoding=\"async\" class=\"alignnone wp-image-2419 size-medium\" src=\"https:\/\/lgs.lu\/wp-content\/uploads\/2020\/04\/03_ScoutenDoheem_Avex-212x300.jpg\" alt=\"\" width=\"212\" height=\"300\" \/><\/a><\/td>\n<td style=\"width: 20%;\"><a href=\"https:\/\/lgs.lu\/wp-content\/uploads\/2020\/04\/03_ScoutenDoheem_CaraPio.pdf\"><img loading=\"lazy\" decoding=\"async\" class=\"alignnone wp-image-2423 size-medium\" src=\"https:\/\/lgs.lu\/wp-content\/uploads\/2020\/04\/03_ScoutenDoheem_CaraPio-212x300.jpg\" alt=\"\" width=\"212\" height=\"300\" \/><\/a><\/td>\n<td style=\"width: 20%;\"><a href=\"https:\/\/lgs.lu\/wp-content\/uploads\/2020\/04\/03_ScoutenDoheem_RaRo.pdf\"><img loading=\"lazy\" decoding=\"async\" class=\"alignnone wp-image-2430 size-medium\" src=\"https:\/\/lgs.lu\/wp-content\/uploads\/2020\/04\/03_ScoutenDoheem_RaRo-212x300.jpg\" alt=\"\" width=\"212\" height=\"300\" \/><\/a><\/td>\n<\/tr>\n<tr>\n<td style=\"width: 20%; text-align: center;\" colspan=\"5\"><\/td>\n<\/tr>\n<\/tbody>\n<\/table>\n<table style=\"border-collapse: collapse; width: 100%;\">\n<tbody>\n<tr>\n<td style=\"width: 20%; text-align: center;\" colspan=\"5\"><strong>Semaine 2<\/strong><\/td>\n<\/tr>\n<tr>\n<td style=\"width: 20%;\"><a href=\"https:\/\/lgs.lu\/wp-content\/uploads\/2020\/04\/02_ScoutenDoheem_Biber.pdf\"><img loading=\"lazy\" decoding=\"async\" class=\"alignnone wp-image-2421 size-medium\" src=\"https:\/\/lgs.lu\/wp-content\/uploads\/2020\/04\/02_ScoutenDoheem_Biber-212x300.jpg\" alt=\"\" width=\"212\" height=\"300\" srcset=\"https:\/\/lgs.lu\/wp-content\/uploads\/2020\/04\/02_ScoutenDoheem_Biber-212x300.jpg 212w, https:\/\/lgs.lu\/wp-content\/uploads\/2020\/04\/02_ScoutenDoheem_Biber-724x1024.jpg 724w, https:\/\/lgs.lu\/wp-content\/uploads\/2020\/04\/02_ScoutenDoheem_Biber-768x1086.jpg 768w, https:\/\/lgs.lu\/wp-content\/uploads\/2020\/04\/02_ScoutenDoheem_Biber-1086x1536.jpg 1086w, https:\/\/lgs.lu\/wp-content\/uploads\/2020\/04\/02_ScoutenDoheem_Biber-247x350.jpg 247w, https:\/\/lgs.lu\/wp-content\/uploads\/2020\/04\/02_ScoutenDoheem_Biber-566x800.jpg 566w, https:\/\/lgs.lu\/wp-content\/uploads\/2020\/04\/02_ScoutenDoheem_Biber.jpg 1240w\" sizes=\"(max-width: 212px) 100vw, 212px\" \/><\/a><\/td>\n<td style=\"width: 20%;\"><a href=\"https:\/\/lgs.lu\/wp-content\/uploads\/2020\/04\/02_ScoutenDoheem_W\u00ebllefcher.pdf\"><img loading=\"lazy\" decoding=\"async\" class=\"alignnone wp-image-2425 size-medium\" src=\"https:\/\/lgs.lu\/wp-content\/uploads\/2020\/04\/02_ScoutenDoheem_W\u00ebllefcher-212x300.jpg\" alt=\"\" width=\"212\" height=\"300\" srcset=\"https:\/\/lgs.lu\/wp-content\/uploads\/2020\/04\/02_ScoutenDoheem_W\u00ebllefcher-212x300.jpg 212w, https:\/\/lgs.lu\/wp-content\/uploads\/2020\/04\/02_ScoutenDoheem_W\u00ebllefcher-724x1024.jpg 724w, https:\/\/lgs.lu\/wp-content\/uploads\/2020\/04\/02_ScoutenDoheem_W\u00ebllefcher-768x1086.jpg 768w, https:\/\/lgs.lu\/wp-content\/uploads\/2020\/04\/02_ScoutenDoheem_W\u00ebllefcher-1086x1536.jpg 1086w, https:\/\/lgs.lu\/wp-content\/uploads\/2020\/04\/02_ScoutenDoheem_W\u00ebllefcher-247x350.jpg 247w, https:\/\/lgs.lu\/wp-content\/uploads\/2020\/04\/02_ScoutenDoheem_W\u00ebllefcher-566x800.jpg 566w, https:\/\/lgs.lu\/wp-content\/uploads\/2020\/04\/02_ScoutenDoheem_W\u00ebllefcher.jpg 1240w\" sizes=\"(max-width: 212px) 100vw, 212px\" \/><\/a><\/td>\n<td style=\"width: 20%;\"><a href=\"https:\/\/lgs.lu\/wp-content\/uploads\/2020\/04\/02_ScoutenDoheem_Avex.pdf\"><img loading=\"lazy\" decoding=\"async\" class=\"alignnone wp-image-2419 size-medium\" src=\"https:\/\/lgs.lu\/wp-content\/uploads\/2020\/04\/02_ScoutenDoheem_Avex-212x300.jpg\" alt=\"\" width=\"212\" height=\"300\" srcset=\"https:\/\/lgs.lu\/wp-content\/uploads\/2020\/04\/02_ScoutenDoheem_Avex-212x300.jpg 212w, https:\/\/lgs.lu\/wp-content\/uploads\/2020\/04\/02_ScoutenDoheem_Avex-724x1024.jpg 724w, https:\/\/lgs.lu\/wp-content\/uploads\/2020\/04\/02_ScoutenDoheem_Avex-768x1086.jpg 768w, https:\/\/lgs.lu\/wp-content\/uploads\/2020\/04\/02_ScoutenDoheem_Avex-1086x1536.jpg 1086w, https:\/\/lgs.lu\/wp-content\/uploads\/2020\/04\/02_ScoutenDoheem_Avex-247x350.jpg 247w, https:\/\/lgs.lu\/wp-content\/uploads\/2020\/04\/02_ScoutenDoheem_Avex-566x800.jpg 566w, https:\/\/lgs.lu\/wp-content\/uploads\/2020\/04\/02_ScoutenDoheem_Avex.jpg 1240w\" sizes=\"(max-width: 212px) 100vw, 212px\" \/><\/a><\/td>\n<td style=\"width: 20%;\"><a href=\"https:\/\/lgs.lu\/wp-content\/uploads\/2020\/04\/02_ScoutenDoheem_CaraPio.pdf\"><img loading=\"lazy\" decoding=\"async\" class=\"alignnone wp-image-2423 size-medium\" src=\"https:\/\/lgs.lu\/wp-content\/uploads\/2020\/04\/02_ScoutenDoheem_CaraPio-212x300.jpg\" alt=\"\" width=\"212\" height=\"300\" srcset=\"https:\/\/lgs.lu\/wp-content\/uploads\/2020\/04\/02_ScoutenDoheem_CaraPio-212x300.jpg 212w, https:\/\/lgs.lu\/wp-content\/uploads\/2020\/04\/02_ScoutenDoheem_CaraPio-724x1024.jpg 724w, https:\/\/lgs.lu\/wp-content\/uploads\/2020\/04\/02_ScoutenDoheem_CaraPio-768x1086.jpg 768w, https:\/\/lgs.lu\/wp-content\/uploads\/2020\/04\/02_ScoutenDoheem_CaraPio-1086x1536.jpg 1086w, https:\/\/lgs.lu\/wp-content\/uploads\/2020\/04\/02_ScoutenDoheem_CaraPio-247x350.jpg 247w, https:\/\/lgs.lu\/wp-content\/uploads\/2020\/04\/02_ScoutenDoheem_CaraPio-566x800.jpg 566w, https:\/\/lgs.lu\/wp-content\/uploads\/2020\/04\/02_ScoutenDoheem_CaraPio.jpg 1240w\" sizes=\"(max-width: 212px) 100vw, 212px\" \/><\/a><\/td>\n<td style=\"width: 20%;\"><a href=\"https:\/\/lgs.lu\/wp-content\/uploads\/2020\/04\/02_ScoutenDoheem_RaRo.pdf\"><img loading=\"lazy\" decoding=\"async\" class=\"alignnone wp-image-2430 size-medium\" src=\"https:\/\/lgs.lu\/wp-content\/uploads\/2020\/04\/02_ScoutenDoheem_RaRo-212x300.jpg\" alt=\"\" width=\"212\" height=\"300\" srcset=\"https:\/\/lgs.lu\/wp-content\/uploads\/2020\/04\/02_ScoutenDoheem_RaRo-212x300.jpg 212w, https:\/\/lgs.lu\/wp-content\/uploads\/2020\/04\/02_ScoutenDoheem_RaRo-724x1024.jpg 724w, https:\/\/lgs.lu\/wp-content\/uploads\/2020\/04\/02_ScoutenDoheem_RaRo-768x1086.jpg 768w, https:\/\/lgs.lu\/wp-content\/uploads\/2020\/04\/02_ScoutenDoheem_RaRo-1086x1536.jpg 1086w, https:\/\/lgs.lu\/wp-content\/uploads\/2020\/04\/02_ScoutenDoheem_RaRo-247x350.jpg 247w, https:\/\/lgs.lu\/wp-content\/uploads\/2020\/04\/02_ScoutenDoheem_RaRo-566x800.jpg 566w, https:\/\/lgs.lu\/wp-content\/uploads\/2020\/04\/02_ScoutenDoheem_RaRo.jpg 1240w\" sizes=\"(max-width: 212px) 100vw, 212px\" \/><\/a><\/td>\n<\/tr>\n<\/tbody>\n<\/table>\n<table style=\"border-collapse: collapse; width: 100%;\">\n<tbody>\n<tr>\n<td style=\"width: 101.32275132275132%; text-align: center;\" colspan=\"5\"><strong>Semaine 1<\/strong><\/td>\n<\/tr>\n<tr style=\"height: 307px;\">\n<td style=\"width: 25%; text-align: center; height: 307px;\"><a href=\"https:\/\/lgs.lu\/wp-content\/uploads\/2020\/04\/01_ScoutenDoheem_Biber.pdf\"><img loading=\"lazy\" decoding=\"async\" class=\"wp-image-2375 size-medium alignnone\" src=\"https:\/\/lgs.lu\/wp-content\/uploads\/2020\/04\/01_ScoutenDoheem_Biber-212x300.jpg\" alt=\"\" width=\"212\" height=\"300\" srcset=\"https:\/\/lgs.lu\/wp-content\/uploads\/2020\/04\/01_ScoutenDoheem_Biber-212x300.jpg 212w, https:\/\/lgs.lu\/wp-content\/uploads\/2020\/04\/01_ScoutenDoheem_Biber-724x1024.jpg 724w, https:\/\/lgs.lu\/wp-content\/uploads\/2020\/04\/01_ScoutenDoheem_Biber-768x1086.jpg 768w, https:\/\/lgs.lu\/wp-content\/uploads\/2020\/04\/01_ScoutenDoheem_Biber-1086x1536.jpg 1086w, https:\/\/lgs.lu\/wp-content\/uploads\/2020\/04\/01_ScoutenDoheem_Biber-247x350.jpg 247w, https:\/\/lgs.lu\/wp-content\/uploads\/2020\/04\/01_ScoutenDoheem_Biber-566x800.jpg 566w, https:\/\/lgs.lu\/wp-content\/uploads\/2020\/04\/01_ScoutenDoheem_Biber.jpg 1240w\" sizes=\"(max-width: 212px) 100vw, 212px\" \/><\/a><\/td>\n<td style=\"width: 25%; text-align: center; height: 307px;\"><a href=\"https:\/\/lgs.lu\/wp-content\/uploads\/2020\/04\/01_ScoutenDoheem_Wellefcher.pdf\"><img loading=\"lazy\" decoding=\"async\" class=\"aligncenter wp-image-2377 size-medium\" src=\"https:\/\/lgs.lu\/wp-content\/uploads\/2020\/04\/01_ScoutenDoheem_Wellefcher-212x300.jpg\" alt=\"\" width=\"212\" height=\"300\" srcset=\"https:\/\/lgs.lu\/wp-content\/uploads\/2020\/04\/01_ScoutenDoheem_Wellefcher-212x300.jpg 212w, https:\/\/lgs.lu\/wp-content\/uploads\/2020\/04\/01_ScoutenDoheem_Wellefcher-724x1024.jpg 724w, https:\/\/lgs.lu\/wp-content\/uploads\/2020\/04\/01_ScoutenDoheem_Wellefcher-768x1086.jpg 768w, https:\/\/lgs.lu\/wp-content\/uploads\/2020\/04\/01_ScoutenDoheem_Wellefcher-1086x1536.jpg 1086w, https:\/\/lgs.lu\/wp-content\/uploads\/2020\/04\/01_ScoutenDoheem_Wellefcher-247x350.jpg 247w, https:\/\/lgs.lu\/wp-content\/uploads\/2020\/04\/01_ScoutenDoheem_Wellefcher-566x800.jpg 566w, https:\/\/lgs.lu\/wp-content\/uploads\/2020\/04\/01_ScoutenDoheem_Wellefcher.jpg 1240w\" sizes=\"(max-width: 212px) 100vw, 212px\" \/><\/a><\/td>\n<td style=\"width: 25%; text-align: center; height: 307px;\"><a href=\"https:\/\/lgs.lu\/wp-content\/uploads\/2020\/04\/01_ScoutenDoheem_Avex.pdf\"><img loading=\"lazy\" decoding=\"async\" class=\"aligncenter wp-image-2374 size-medium\" src=\"https:\/\/lgs.lu\/wp-content\/uploads\/2020\/04\/01_ScoutenDoheem_Avex-212x300.jpg\" alt=\"\" width=\"212\" height=\"300\" srcset=\"https:\/\/lgs.lu\/wp-content\/uploads\/2020\/04\/01_ScoutenDoheem_Avex-212x300.jpg 212w, https:\/\/lgs.lu\/wp-content\/uploads\/2020\/04\/01_ScoutenDoheem_Avex-724x1024.jpg 724w, https:\/\/lgs.lu\/wp-content\/uploads\/2020\/04\/01_ScoutenDoheem_Avex-768x1086.jpg 768w, https:\/\/lgs.lu\/wp-content\/uploads\/2020\/04\/01_ScoutenDoheem_Avex-1086x1536.jpg 1086w, https:\/\/lgs.lu\/wp-content\/uploads\/2020\/04\/01_ScoutenDoheem_Avex-247x350.jpg 247w, https:\/\/lgs.lu\/wp-content\/uploads\/2020\/04\/01_ScoutenDoheem_Avex-566x800.jpg 566w, https:\/\/lgs.lu\/wp-content\/uploads\/2020\/04\/01_ScoutenDoheem_Avex.jpg 1240w\" sizes=\"(max-width: 212px) 100vw, 212px\" \/><\/a><\/td>\n<td style=\"width: 25%; text-align: center; height: 307px;\"><a href=\"https:\/\/lgs.lu\/wp-content\/uploads\/2020\/04\/01_ScoutenDoheem_CaraPio.pdf\"><img loading=\"lazy\" decoding=\"async\" class=\"aligncenter wp-image-2376 size-medium\" src=\"https:\/\/lgs.lu\/wp-content\/uploads\/2020\/04\/01_ScoutenDoheem_CaraPio-212x300.jpg\" alt=\"\" width=\"212\" height=\"300\" srcset=\"https:\/\/lgs.lu\/wp-content\/uploads\/2020\/04\/01_ScoutenDoheem_CaraPio-212x300.jpg 212w, https:\/\/lgs.lu\/wp-content\/uploads\/2020\/04\/01_ScoutenDoheem_CaraPio-724x1024.jpg 724w, https:\/\/lgs.lu\/wp-content\/uploads\/2020\/04\/01_ScoutenDoheem_CaraPio-768x1086.jpg 768w, https:\/\/lgs.lu\/wp-content\/uploads\/2020\/04\/01_ScoutenDoheem_CaraPio-1086x1536.jpg 1086w, https:\/\/lgs.lu\/wp-content\/uploads\/2020\/04\/01_ScoutenDoheem_CaraPio-247x350.jpg 247w, https:\/\/lgs.lu\/wp-content\/uploads\/2020\/04\/01_ScoutenDoheem_CaraPio-566x800.jpg 566w, https:\/\/lgs.lu\/wp-content\/uploads\/2020\/04\/01_ScoutenDoheem_CaraPio.jpg 1240w\" sizes=\"(max-width: 212px) 100vw, 212px\" \/><\/a><\/td>\n<\/tr>\n<tr style=\"height: 24px;\">\n<td style=\"width: 100%; text-align: center; height: 24px;\" colspan=\"4\"><strong>\u00a0<\/strong><\/td>\n<\/tr>\n<\/tbody>\n<\/table>","protected":false},"excerpt":{"rendered":"<p>Information \u00a0 Nos \u00e9quipes b\u00e9n\u00e9voles s\u2019efforcent de traduire sommairement en langue fran\u00e7aise, de semaine en semaine, les activit\u00e9s propos\u00e9es. Les traductions sont propos\u00e9es prioritairement pour les branches inf\u00e9rieures (6-8, 8-11 ans). &nbsp; Chers Guides et Scoutes,\u00a0Chers parents, Compte tenu de la crise sanitaire actuelle, toutes les activit\u00e9s des LGS (L\u00ebtzebuerger Guiden a Scouten) ont \u00e9t\u00e9&#8230;  <a class=\"excerpt-read-more\" href=\"https:\/\/lgs.lu\/fr\/homescouting\/aktiviteiten\/\" title=\"Read#ScoutenDoheem &#8211; Activit\u00e9s\">Read more &raquo;<\/a><\/p>\n","protected":false},"author":447,"featured_media":2295,"parent":2240,"menu_order":1,"comment_status":"closed","ping_status":"closed","template":"","meta":{"footnotes":""},"class_list":["post-2254","page","type-page","status-publish","has-post-thumbnail","hentry"],"_links":{"self":[{"href":"https:\/\/lgs.lu\/fr\/wp-json\/wp\/v2\/pages\/2254","targetHints":{"allow":["GET"]}}],"collection":[{"href":"https:\/\/lgs.lu\/fr\/wp-json\/wp\/v2\/pages"}],"about":[{"href":"https:\/\/lgs.lu\/fr\/wp-json\/wp\/v2\/types\/page"}],"author":[{"embeddable":true,"href":"https:\/\/lgs.lu\/fr\/wp-json\/wp\/v2\/users\/447"}],"replies":[{"embeddable":true,"href":"https:\/\/lgs.lu\/fr\/wp-json\/wp\/v2\/comments?post=2254"}],"version-history":[{"count":57,"href":"https:\/\/lgs.lu\/fr\/wp-json\/wp\/v2\/pages\/2254\/revisions"}],"predecessor-version":[{"id":2676,"href":"https:\/\/lgs.lu\/fr\/wp-json\/wp\/v2\/pages\/2254\/revisions\/2676"}],"up":[{"embeddable":true,"href":"https:\/\/lgs.lu\/fr\/wp-json\/wp\/v2\/pages\/2240"}],"wp:featuredmedia":[{"embeddable":true,"href":"https:\/\/lgs.lu\/fr\/wp-json\/wp\/v2\/media\/2295"}],"wp:attachment":[{"href":"https:\/\/lgs.lu\/fr\/wp-json\/wp\/v2\/media?parent=2254"}],"curies":[{"name":"wp","href":"https:\/\/api.w.org\/{rel}","templated":true}]}}