{"id":2240,"date":"2020-03-29T16:41:49","date_gmt":"2020-03-29T14:41:49","guid":{"rendered":"https:\/\/lgs.lu\/?page_id=2240"},"modified":"2020-09-15T11:06:02","modified_gmt":"2020-09-15T09:06:02","slug":"homescouting","status":"publish","type":"page","link":"https:\/\/lgs.lu\/fr\/homescouting\/","title":{"rendered":"#ScoutenDoheem"},"content":{"rendered":"<p class=\"qtranxs-available-languages-message qtranxs-available-languages-message-fr\">D\u00e9sol\u00e9, cet article est seulement disponible en <a href=\"https:\/\/lgs.lu\/lb\/wp-json\/wp\/v2\/pages\/2240\" class=\"qtranxs-available-language-link qtranxs-available-language-link-lb\" title=\"LU\">LU<\/a>.<\/p><span style=\"color: #00bfb3;\"><em>D\u00ebs S\u00e4it g\u00ebtt net m\u00e9i aktualis\u00e9iert.<\/em><\/span><\/p>\n<p>L\u00e9if Guiden a Scouten, L\u00e9if Elteren, L\u00e9if alleguer,<\/p>\n<p>w\u00e9i dir all w\u00ebsst si w\u00e9inst dem Coronavirus am Moment keng Guiden- a Scoutsversammlungen.<\/p>\n<p>Fir deem entg\u00e9intzewierken, lanc\u00e9iere mir dofir den 3. Abr\u00ebll eis Aktioun #ScoutenDoheem.<\/p>\n<p>All Woch publiz\u00e9ieren eis verschidde Branchen op d\u00ebser Plaz flott Aktivit\u00e9ite fir Doheem.<\/p>\n<p>Do dernieft ginn et awer och vill aner Flott Aktivit\u00e9ite fir Doheem. De Weekend vum 3. bis de 5. Abr\u00ebll ass z.B. d&rsquo;Spezial Editioun vum \u00ab\u00a0<strong>J<\/strong>amboree\u00a0<strong>O<\/strong>n <strong>T<\/strong>he <strong>I<\/strong>nternet\u00a0\u00bb.<\/p>\n<p>Mir hoffen datt dir d&rsquo;Z\u00e4it bis d\u00e9i n\u00e4chst Guiden- a Scoutsversammlungen esou besser iwwerbr\u00e9cke k\u00ebnnt.","protected":false},"excerpt":{"rendered":"<p>D\u00e9sol\u00e9, cet article est seulement disponible en LU.D\u00ebs S\u00e4it g\u00ebtt net m\u00e9i aktualis\u00e9iert. L\u00e9if Guiden a Scouten, L\u00e9if Elteren, L\u00e9if alleguer, w\u00e9i dir all w\u00ebsst si w\u00e9inst dem Coronavirus am Moment keng Guiden- a Scoutsversammlungen. Fir deem entg\u00e9intzewierken, lanc\u00e9iere mir dofir den 3. Abr\u00ebll eis Aktioun #ScoutenDoheem. All Woch publiz\u00e9ieren eis verschidde Branchen op d\u00ebser&#8230;  <a class=\"excerpt-read-more\" href=\"https:\/\/lgs.lu\/fr\/homescouting\/\" title=\"Read#ScoutenDoheem\">Read more &raquo;<\/a><\/p>\n","protected":false},"author":299,"featured_media":2295,"parent":0,"menu_order":0,"comment_status":"closed","ping_status":"closed","template":"page-boxes.php","meta":{"footnotes":""},"class_list":["post-2240","page","type-page","status-publish","has-post-thumbnail","hentry"],"_links":{"self":[{"href":"https:\/\/lgs.lu\/fr\/wp-json\/wp\/v2\/pages\/2240","targetHints":{"allow":["GET"]}}],"collection":[{"href":"https:\/\/lgs.lu\/fr\/wp-json\/wp\/v2\/pages"}],"about":[{"href":"https:\/\/lgs.lu\/fr\/wp-json\/wp\/v2\/types\/page"}],"author":[{"embeddable":true,"href":"https:\/\/lgs.lu\/fr\/wp-json\/wp\/v2\/users\/299"}],"replies":[{"embeddable":true,"href":"https:\/\/lgs.lu\/fr\/wp-json\/wp\/v2\/comments?post=2240"}],"version-history":[{"count":23,"href":"https:\/\/lgs.lu\/fr\/wp-json\/wp\/v2\/pages\/2240\/revisions"}],"predecessor-version":[{"id":2771,"href":"https:\/\/lgs.lu\/fr\/wp-json\/wp\/v2\/pages\/2240\/revisions\/2771"}],"wp:featuredmedia":[{"embeddable":true,"href":"https:\/\/lgs.lu\/fr\/wp-json\/wp\/v2\/media\/2295"}],"wp:attachment":[{"href":"https:\/\/lgs.lu\/fr\/wp-json\/wp\/v2\/media?parent=2240"}],"curies":[{"name":"wp","href":"https:\/\/api.w.org\/{rel}","templated":true}]}}