{"id":2,"date":"2015-07-26T20:58:55","date_gmt":"2015-07-26T19:58:55","guid":{"rendered":"https:\/\/lgs.lu\/?page_id=2"},"modified":"2025-12-16T17:17:31","modified_gmt":"2025-12-16T16:17:31","slug":"home","status":"publish","type":"page","link":"https:\/\/lgs.lu\/fr\/home\/","title":{"rendered":"Starts\u00e4it"},"content":{"rendered":"<table style=\"border-collapse: collapse; width: 100%;\">\n<tbody>\n<tr>\n<td style=\"width: 100%;\">\n<h2 style=\"text-align: center;\">Komm mat bei&#8230;<\/h2>\n<\/td>\n<\/tr>\n<\/tbody>\n<\/table>\n<table style=\"border-collapse: collapse; width: 100%;\">\n<tbody>\n<tr>\n<td style=\"width: 20%; text-align: center;\"><a href=\"https:\/\/lgs.lu\/branchen\/\"><img decoding=\"async\" class=\"alignnone wp-image-2192\" src=\"https:\/\/lgs.lu\/wp-content\/uploads\/2020\/03\/Biber_rgb-150x150.png\" alt=\"\" width=\"200\" height=\"200\" srcset=\"https:\/\/lgs.lu\/wp-content\/uploads\/2020\/03\/Biber_rgb-150x150.png 150w, https:\/\/lgs.lu\/wp-content\/uploads\/2020\/03\/Biber_rgb-300x300.png 300w, https:\/\/lgs.lu\/wp-content\/uploads\/2020\/03\/Biber_rgb-1024x1024.png 1024w, https:\/\/lgs.lu\/wp-content\/uploads\/2020\/03\/Biber_rgb-768x768.png 768w, https:\/\/lgs.lu\/wp-content\/uploads\/2020\/03\/Biber_rgb-1536x1536.png 1536w, https:\/\/lgs.lu\/wp-content\/uploads\/2020\/03\/Biber_rgb-2048x2048.png 2048w, https:\/\/lgs.lu\/wp-content\/uploads\/2020\/03\/Biber_rgb-700x700.png 700w, https:\/\/lgs.lu\/wp-content\/uploads\/2020\/03\/Biber_rgb-125x125.png 125w\" sizes=\"(max-width: 200px) 100vw, 200px\" \/><\/a><\/p>\n<p>6 &#8211; 8 Joer<\/td>\n<td style=\"width: 20%; text-align: center;\"><a href=\"https:\/\/lgs.lu\/branchen\/\"><img decoding=\"async\" class=\"alignnone wp-image-2822\" src=\"https:\/\/lgs.lu\/wp-content\/uploads\/2020\/10\/Wellefcher_rgb-1024x1024.jpg\" alt=\"\" width=\"208\" height=\"208\" srcset=\"https:\/\/lgs.lu\/wp-content\/uploads\/2020\/10\/Wellefcher_rgb-1024x1024.jpg 1024w, https:\/\/lgs.lu\/wp-content\/uploads\/2020\/10\/Wellefcher_rgb-300x300.jpg 300w, https:\/\/lgs.lu\/wp-content\/uploads\/2020\/10\/Wellefcher_rgb-150x150.jpg 150w, https:\/\/lgs.lu\/wp-content\/uploads\/2020\/10\/Wellefcher_rgb-768x768.jpg 768w, https:\/\/lgs.lu\/wp-content\/uploads\/2020\/10\/Wellefcher_rgb-1536x1536.jpg 1536w, https:\/\/lgs.lu\/wp-content\/uploads\/2020\/10\/Wellefcher_rgb-2048x2048.jpg 2048w, https:\/\/lgs.lu\/wp-content\/uploads\/2020\/10\/Wellefcher_rgb-700x700.jpg 700w, https:\/\/lgs.lu\/wp-content\/uploads\/2020\/10\/Wellefcher_rgb-125x125.jpg 125w, https:\/\/lgs.lu\/wp-content\/uploads\/2020\/10\/Wellefcher_rgb-350x350.jpg 350w, https:\/\/lgs.lu\/wp-content\/uploads\/2020\/10\/Wellefcher_rgb-51x51.jpg 51w, https:\/\/lgs.lu\/wp-content\/uploads\/2020\/10\/Wellefcher_rgb-800x800.jpg 800w\" sizes=\"(max-width: 208px) 100vw, 208px\" \/><\/a><\/p>\n<p>8 &#8211; 11 Joer<\/td>\n<td style=\"width: 20%; text-align: center;\"><a href=\"https:\/\/lgs.lu\/branchen\/\"><img loading=\"lazy\" decoding=\"async\" class=\"alignnone wp-image-2191\" src=\"https:\/\/lgs.lu\/wp-content\/uploads\/2020\/03\/AvEx_rgb-300x300.png\" alt=\"\" width=\"200\" height=\"200\" srcset=\"https:\/\/lgs.lu\/wp-content\/uploads\/2020\/03\/AvEx_rgb-300x300.png 300w, https:\/\/lgs.lu\/wp-content\/uploads\/2020\/03\/AvEx_rgb-1024x1024.png 1024w, https:\/\/lgs.lu\/wp-content\/uploads\/2020\/03\/AvEx_rgb-150x150.png 150w, https:\/\/lgs.lu\/wp-content\/uploads\/2020\/03\/AvEx_rgb-768x768.png 768w, https:\/\/lgs.lu\/wp-content\/uploads\/2020\/03\/AvEx_rgb-1536x1536.png 1536w, https:\/\/lgs.lu\/wp-content\/uploads\/2020\/03\/AvEx_rgb-2048x2048.png 2048w, https:\/\/lgs.lu\/wp-content\/uploads\/2020\/03\/AvEx_rgb-700x700.png 700w, https:\/\/lgs.lu\/wp-content\/uploads\/2020\/03\/AvEx_rgb-125x125.png 125w\" sizes=\"(max-width: 200px) 100vw, 200px\" \/><\/a><\/p>\n<p>11 &#8211; 14 Joer<\/td>\n<td style=\"width: 20%; text-align: center;\"><a href=\"https:\/\/lgs.lu\/branchen\/\"><img loading=\"lazy\" decoding=\"async\" class=\"alignnone wp-image-2193\" src=\"https:\/\/lgs.lu\/wp-content\/uploads\/2020\/03\/CaraPio_rgb-300x300.png\" alt=\"\" width=\"200\" height=\"200\" srcset=\"https:\/\/lgs.lu\/wp-content\/uploads\/2020\/03\/CaraPio_rgb-300x300.png 300w, https:\/\/lgs.lu\/wp-content\/uploads\/2020\/03\/CaraPio_rgb-1024x1024.png 1024w, https:\/\/lgs.lu\/wp-content\/uploads\/2020\/03\/CaraPio_rgb-150x150.png 150w, https:\/\/lgs.lu\/wp-content\/uploads\/2020\/03\/CaraPio_rgb-768x768.png 768w, https:\/\/lgs.lu\/wp-content\/uploads\/2020\/03\/CaraPio_rgb-1536x1536.png 1536w, https:\/\/lgs.lu\/wp-content\/uploads\/2020\/03\/CaraPio_rgb-2048x2048.png 2048w, https:\/\/lgs.lu\/wp-content\/uploads\/2020\/03\/CaraPio_rgb-700x700.png 700w, https:\/\/lgs.lu\/wp-content\/uploads\/2020\/03\/CaraPio_rgb-125x125.png 125w\" sizes=\"(max-width: 200px) 100vw, 200px\" \/><\/a><\/p>\n<p>14 &#8211; 17 Joer<\/td>\n<td style=\"width: 20%; text-align: center;\"><a href=\"https:\/\/lgs.lu\/branchen\/\"><img loading=\"lazy\" decoding=\"async\" class=\"alignnone wp-image-2194\" src=\"https:\/\/lgs.lu\/wp-content\/uploads\/2020\/03\/RaRo_rgb-300x300.png\" alt=\"\" width=\"200\" height=\"200\" srcset=\"https:\/\/lgs.lu\/wp-content\/uploads\/2020\/03\/RaRo_rgb-300x300.png 300w, https:\/\/lgs.lu\/wp-content\/uploads\/2020\/03\/RaRo_rgb-1024x1024.png 1024w, https:\/\/lgs.lu\/wp-content\/uploads\/2020\/03\/RaRo_rgb-150x150.png 150w, https:\/\/lgs.lu\/wp-content\/uploads\/2020\/03\/RaRo_rgb-768x768.png 768w, https:\/\/lgs.lu\/wp-content\/uploads\/2020\/03\/RaRo_rgb-1536x1536.png 1536w, https:\/\/lgs.lu\/wp-content\/uploads\/2020\/03\/RaRo_rgb-2048x2048.png 2048w, https:\/\/lgs.lu\/wp-content\/uploads\/2020\/03\/RaRo_rgb-700x700.png 700w, https:\/\/lgs.lu\/wp-content\/uploads\/2020\/03\/RaRo_rgb-125x125.png 125w\" sizes=\"(max-width: 200px) 100vw, 200px\" \/><\/a><\/p>\n<p>17 &#8211; 23 Joer<\/td>\n<\/tr>\n<\/tbody>\n<\/table>\n<h2 style=\"text-align: center;\">&#8230; an entdeck d&rsquo;Welt vun de L\u00ebtzebuerger Guiden a Scouten<\/h2>\n<p>&nbsp;<\/p>\n<h2 style=\"text-align: center;\">M\u00e9i Informatiounen iwwert eise Programm, eis Philosophie an eis lokal Gruppe f\u00ebnns du hei dr\u00ebnner<\/h2>\n<div class=\"infoboxes items-4 clearfix\"><a href=\"https:\/\/lgs.lu\/fr\/iwwert-eis\/wat-maache-mir\/\" class=\"box\"><div class=\"inner\"><div class=\"image\" style=\"background-image: url(https:\/\/lgs.lu\/wp-content\/uploads\/2015\/09\/LGS_Adventure002_600x600px.jpg)\"><img decoding=\"async\" src=\"https:\/\/lgs.lu\/wp-content\/themes\/lgs\/images\/square.png\" \/><\/div><h3>Programme<\/h3><\/div><\/a><a href=\"https:\/\/lgs.lu\/fr\/iwwert-eis\/wie-si-mir\/\" class=\"box\"><div class=\"inner\"><div class=\"image\" style=\"background-image: url(https:\/\/lgs.lu\/wp-content\/uploads\/2015\/09\/LGS_Social001_600x600px1.jpg)\"><img decoding=\"async\" src=\"https:\/\/lgs.lu\/wp-content\/themes\/lgs\/images\/square.png\" \/><\/div><h3>Philosophie<\/h3><\/div><\/a><a href=\"https:\/\/lgs.lu\/fr\/gruppen\/\" class=\"box\"><div class=\"inner\"><div class=\"image\" style=\"background-image: url(https:\/\/lgs.lu\/wp-content\/uploads\/2015\/09\/LGS_International002_600x600px1.jpg)\"><img decoding=\"async\" src=\"https:\/\/lgs.lu\/wp-content\/themes\/lgs\/images\/square.png\" \/><\/div><h3>Groupes<\/h3><\/div><\/a><a href=\"https:\/\/lgs.lu\/fr\/contact\/\" class=\"box\"><div class=\"inner\"><div class=\"image\" style=\"background-image: url(https:\/\/lgs.lu\/wp-content\/uploads\/2015\/09\/LGS_Formation004_600x600px.jpg)\"><img decoding=\"async\" src=\"https:\/\/lgs.lu\/wp-content\/themes\/lgs\/images\/square.png\" \/><\/div><h3>Contact<\/h3><\/div><\/a><\/div>\n<\/section><div class=\"highlights\"><div class=\"wrap\"><ul class=\"items-4 clearfix\"><li>\n                    <a href=\"http:\/\/www.ongd-lgs.lu\">\n                        <div class=\"bubble icon-cloud\"><i class=\"icon-hands\"><\/i><\/div>\n                        <h3>ONGD<\/h3>\n                    <\/a>\n                <\/li><li>\n                    <a href=\"https:\/\/nativevillage.lgs.lu\">\n                        <div class=\"bubble icon-cloud\"><i class=\"icon-fire\"><\/i><\/div>\n                        <h3>Native Village<\/h3>\n                    <\/a>\n                <\/li><li>\n                    <a href=\"https:\/\/chefbox.lgs.lu\">\n                        <div class=\"bubble icon-cloud\"><i class=\"icon-info\"><\/i><\/div>\n                        <h3>Chef-Box (Login)<\/h3>\n                    <\/a>\n                <\/li><li>\n                    <a href=\"https:\/\/fondatioun.lgs.lu\/service-des-prets\/material-leinen\/\">\n                        <div class=\"bubble icon-cloud\"><i class=\"icon-knife\"><\/i><\/div>\n                        <h3>Material l\u00e9inen<\/h3>\n                    <\/a>\n                <\/li><\/ul><\/div><\/div><section class=\"wrap\">\n<div class=\"news_and_agenda\"><div class=\"newslist\"><h2>News<\/h2><a href=\"https:\/\/news.lgs.lu\/2026\/03\/20\/15_appel-a-dons-zelter-fir-an-de-senegal\/\" id=\"post-10619\" class=\"clearfix post-10619 post type-post status-publish format-standard has-post-thumbnail hentry category-info\" itemscope itemtype=\"http:\/\/schema.org\/NewsArticle\">\n        <div class=\"thumbnail\" style=\"background-image: url(https:\/\/lgs.lu\/wp-content\/uploads\/sites\/15\/2026\/03\/222222-20230719_120056-700x700.jpg)\"><\/div>\n    <div class=\"colour\" style=\"background: #009a88\"><\/div>\n    <div class=\"description\">\n        <h2 class=\"title\">Appel \u00e0 dons \u2013 Zelter fir an de Senegal<\/h2>\n\n        <div class=\"meta\">\n            Info | ONGD        <\/div>\n        <? php\/*echo get_excerpt_max_charlength(240, false);*\/ ?>\n    <\/div>\n<\/a><a href=\"https:\/\/news.lgs.lu\/2026\/03\/14\/9_newsletter-maerz-2026\/\" id=\"post-10609\" class=\"clearfix post-10609 post type-post status-publish format-standard has-post-thumbnail hentry category-info\" itemscope itemtype=\"http:\/\/schema.org\/NewsArticle\">\n        <div class=\"thumbnail\" style=\"background-image: url(https:\/\/lgs.lu\/wp-content\/uploads\/sites\/9\/2026\/03\/Newslettre-mars-2026-595x700.jpg)\"><\/div>\n    <div class=\"colour\" style=\"background: #a89a00\"><\/div>\n    <div class=\"description\">\n        <h2 class=\"title\">Newsletter M\u00e4erz 2026<\/h2>\n\n        <div class=\"meta\">\n            Info        <\/div>\n        <? php\/*echo get_excerpt_max_charlength(240, false);*\/ ?>\n    <\/div>\n<\/a><a href=\"https:\/\/news.lgs.lu\/2026\/03\/09\/15_benefiziessen-2026\/\" id=\"post-10607\" class=\"clearfix post-10607 post type-post status-publish format-standard has-post-thumbnail hentry category-info\" itemscope itemtype=\"http:\/\/schema.org\/NewsArticle\">\n        <div class=\"thumbnail\" style=\"background-image: url(https:\/\/lgs.lu\/wp-content\/uploads\/sites\/15\/2026\/03\/Capture-decran-2026-03-09-101511-e1773047844530-700x700.jpeg)\"><\/div>\n    <div class=\"colour\" style=\"background: #009a88\"><\/div>\n    <div class=\"description\">\n        <h2 class=\"title\">Benefiziessen 2026<\/h2>\n\n        <div class=\"meta\">\n            Info | ONGD        <\/div>\n        <? php\/*echo get_excerpt_max_charlength(240, false);*\/ ?>\n    <\/div>\n<\/a><a href=\"https:\/\/news.lgs.lu\/2026\/02\/02\/15_decouvrez-les-dernieres-semaines-de-volontariat-de-jeff-au-senegal\/\" id=\"post-10573\" class=\"clearfix post-10573 post type-post status-publish format-standard has-post-thumbnail hentry category-info\" itemscope itemtype=\"http:\/\/schema.org\/NewsArticle\">\n        <div class=\"thumbnail\" style=\"background-image: url(https:\/\/lgs.lu\/wp-content\/uploads\/sites\/15\/2026\/02\/dddefc64-c0ff-4d0d-95fe-bfb06d286923-700x700.jpg)\"><\/div>\n    <div class=\"colour\" style=\"background: #009a88\"><\/div>\n    <div class=\"description\">\n        <h2 class=\"title\">D\u00e9couvrez les derni\u00e8res semaines de volontariat de Jeff au S\u00e9n\u00e9gal<\/h2>\n\n        <div class=\"meta\">\n            Info | ONGD        <\/div>\n        <? php\/*echo get_excerpt_max_charlength(240, false);*\/ ?>\n    <\/div>\n<\/a><a href=\"https:\/\/news.lgs.lu\/2026\/01\/19\/15_retour-en-images-sur-le-neijooschpatt-2026\/\" id=\"post-10558\" class=\"clearfix post-10558 post type-post status-publish format-standard has-post-thumbnail hentry category-info\" itemscope itemtype=\"http:\/\/schema.org\/NewsArticle\">\n        <div class=\"thumbnail\" style=\"background-image: url(https:\/\/lgs.lu\/wp-content\/uploads\/sites\/15\/2026\/01\/Schartz_Franz_-16-sur-78-700x700.jpg)\"><\/div>\n    <div class=\"colour\" style=\"background: #009a88\"><\/div>\n    <div class=\"description\">\n        <h2 class=\"title\">Retour en images sur le Neijooschpatt 2026<\/h2>\n\n        <div class=\"meta\">\n            Info | ONGD        <\/div>\n        <? php\/*echo get_excerpt_max_charlength(240, false);*\/ ?>\n    <\/div>\n<\/a><a href=\"https:\/\/news.lgs.lu\" class=\"button\">All news<\/a><\/div><div class=\"eventslist\"><h2>Agenda<\/h2><div class=\"event-block\" ><a class=\"not-nested\" href=\"https:\/\/news.lgs.lu\/?p=9086\"><\/a><div class=\"date\"><div class=\"day\">18<\/div><div class=\"year\">2026<\/div><div class=\"month\">Avr<\/div><\/div><div class=\"thumbnail\"style=\"background-image: url(https:\/\/lgs.lu\/wp-content\/uploads\/sites\/10\/2023\/12\/LGS_Social_600x600px1-3.jpg)\"><\/div><div class=\"colours colours-1\"><div class=\"colour\" style=\"background: #115740\"><\/div><\/div><div class=\"description\"><div class=\"title\">W\u00ebllefchersrallye<\/div><p>W\u00ebllefchersrallye zu R\u00e9iser : De nationale W\u00ebllefchersrallye g\u00ebtt d\u00ebst Joer vun de R\u00e9iser W\u00ebllefcher  ...<\/p><\/div><\/div><div class=\"event-block\" ><a class=\"not-nested\" href=\"https:\/\/news.lgs.lu\/?p=10395\"><\/a><div class=\"date\"><div class=\"day\">26<\/div><div class=\"year\">2026<\/div><div class=\"month\">Avr<\/div><\/div><div class=\"thumbnail\"style=\"background-image: url(https:\/\/lgs.lu\/wp-content\/uploads\/sites\/10\/2023\/11\/Logo-Scouts4refugies_Zeichenflache-1-700x673.png)\"><\/div><div class=\"colours colours-1\"><div class=\"colour\" style=\"background: #115740\"><\/div><\/div><div class=\"description\"><div class=\"title\">Scouts4refugees Aktivit\u00e9itsdag<\/div><p><\/p><\/div><\/div><div class=\"event-block\" ><a class=\"not-nested\" href=\"https:\/\/news.lgs.lu\/?p=10394\"><\/a><div class=\"date\"><div class=\"day\">17<\/div><div class=\"year\">2026<\/div><div class=\"month\">Mai<\/div><\/div><div class=\"thumbnail\"style=\"background-image: url(https:\/\/lgs.lu\/wp-content\/uploads\/sites\/10\/2023\/11\/Logo-Scouts4refugies_Zeichenflache-1-700x673.png)\"><\/div><div class=\"colours colours-1\"><div class=\"colour\" style=\"background: #115740\"><\/div><\/div><div class=\"description\"><div class=\"title\">Scouts4refugees Aktivit\u00e9itsdag<\/div><p><\/p><\/div><\/div><div class=\"event-block\" ><a class=\"not-nested\" href=\"https:\/\/news.lgs.lu\/?p=10526\"><\/a><div class=\"date\"><div class=\"day\">23<\/div><div class=\"year\">2026<\/div><div class=\"month\">Mai<\/div><\/div><div class=\"thumbnail\"style=\"background-image: url(https:\/\/lgs.lu\/wp-content\/uploads\/sites\/10\/2025\/12\/Second-Hand-Agenda-Thumbnail-700x700.png)\"><\/div><div class=\"colours colours-1\"><div class=\"colour\" style=\"background: #115740\"><\/div><\/div><div class=\"description\"><div class=\"title\">LGS Second Hand fir Scoutsmaterial<\/div><p>\n\n23\/24.5.2026 Neihaischen um Bealtaine\n&nbsp;\nContact: nohaltegkeet@lgs.lu\n[DE] siehe unten \/ [FR] voir plus bas \/  ...<\/p><\/div><\/div><div class=\"event-block\" ><a class=\"not-nested\" href=\"https:\/\/news.lgs.lu\/?p=10393\"><\/a><div class=\"date\"><div class=\"day\">14<\/div><div class=\"year\">2026<\/div><div class=\"month\">Juin<\/div><\/div><div class=\"thumbnail\"style=\"background-image: url(https:\/\/lgs.lu\/wp-content\/uploads\/sites\/10\/2023\/11\/Logo-Scouts4refugies_Zeichenflache-1-700x673.png)\"><\/div><div class=\"colours colours-1\"><div class=\"colour\" style=\"background: #115740\"><\/div><\/div><div class=\"description\"><div class=\"title\">Scouts4refugees Aktivit\u00e9itsdag<\/div><p><\/p><\/div><\/div><a href=\"https:\/\/news.lgs.lu\/agenda\/\" class=\"button\">Tous les \u00e9v\u00e9nements<\/a><\/div><\/div>","protected":false},"excerpt":{"rendered":"<p>Komm mat bei&#8230; 6 &#8211; 8 Joer 8 &#8211; 11 Joer 11 &#8211; 14 Joer 14 &#8211; 17 Joer 17 &#8211; 23 Joer &#8230; an entdeck d&rsquo;Welt vun de L\u00ebtzebuerger Guiden a Scouten &nbsp; M\u00e9i Informatiounen iwwert eise Programm, eis Philosophie an eis lokal Gruppe f\u00ebnns du hei dr\u00ebnner<\/p>\n","protected":false},"author":1,"featured_media":3258,"parent":0,"menu_order":18,"comment_status":"closed","ping_status":"closed","template":"page-home.php","meta":{"footnotes":""},"class_list":["post-2","page","type-page","status-publish","has-post-thumbnail","hentry"],"_links":{"self":[{"href":"https:\/\/lgs.lu\/fr\/wp-json\/wp\/v2\/pages\/2","targetHints":{"allow":["GET"]}}],"collection":[{"href":"https:\/\/lgs.lu\/fr\/wp-json\/wp\/v2\/pages"}],"about":[{"href":"https:\/\/lgs.lu\/fr\/wp-json\/wp\/v2\/types\/page"}],"author":[{"embeddable":true,"href":"https:\/\/lgs.lu\/fr\/wp-json\/wp\/v2\/users\/1"}],"replies":[{"embeddable":true,"href":"https:\/\/lgs.lu\/fr\/wp-json\/wp\/v2\/comments?post=2"}],"version-history":[{"count":124,"href":"https:\/\/lgs.lu\/fr\/wp-json\/wp\/v2\/pages\/2\/revisions"}],"predecessor-version":[{"id":4355,"href":"https:\/\/lgs.lu\/fr\/wp-json\/wp\/v2\/pages\/2\/revisions\/4355"}],"wp:featuredmedia":[{"embeddable":true,"href":"https:\/\/lgs.lu\/fr\/wp-json\/wp\/v2\/media\/3258"}],"wp:attachment":[{"href":"https:\/\/lgs.lu\/fr\/wp-json\/wp\/v2\/media?parent=2"}],"curies":[{"name":"wp","href":"https:\/\/api.w.org\/{rel}","templated":true}]}}