{"id":1127,"date":"2017-11-23T23:26:19","date_gmt":"2017-11-23T22:26:19","guid":{"rendered":"https:\/\/lgs.lu\/?page_id=1127"},"modified":"2017-11-23T23:26:36","modified_gmt":"2017-11-23T22:26:36","slug":"raro-odyssee","status":"publish","type":"page","link":"https:\/\/lgs.lu\/fr\/lgs-in-action\/raro-odyssee\/","title":{"rendered":"RaRo Odyssee"},"content":{"rendered":"<p class=\"qtranxs-available-languages-message qtranxs-available-languages-message-fr\">D\u00e9sol\u00e9, cet article est seulement disponible en <a href=\"https:\/\/lgs.lu\/lb\/wp-json\/wp\/v2\/pages\/1127\" class=\"qtranxs-available-language-link qtranxs-available-language-link-lb\" title=\"LU\">LU<\/a>.<\/p>Zil vun den Odyssee Projeten ass et, Jonken den Abl\u00e9ck an<br \/>\neng aner Liewensaart a Weis ze ginn, wi di eegen. Duerch<br \/>\nd\u00ebs eenzegaarteg Form vun direktem Austausch kr\u00e9ien di<br \/>\nJonk aus zwou Kulturen d\u2019M\u00e9iglechkeet, hiren Horizont ze<br \/>\nerweideren an sech esou en eegent Bild iwwert d\u2019Liewen<br \/>\nop anere Plaze vun der Welt ze maachen.<br \/>\nMethod, fir de Kontakt mat Jonken aus enger anerer Kultur<br \/>\nopzebauen, ass zesummen ze schaffen. Esou ginn op de<br \/>\nProjete Chantieren, wi z.B. d\u2019Baue vu Schoulen, Renov\u00e9ieren<br \/>\na Beem planzen, realis\u00e9iert.<br \/>\nPartner vun de Projeten si lokal Guiden a Scoutsgruppen.<br \/>\nZesumme mat Jonke vu der Plaz erliewen d\u2019l\u00ebtzebuergesch<br \/>\nGuiden a Scouten e Scoutscamp vu 2 bis 3 Wochen.<br \/>\nEng 750 RaRo hu bis elo duerch Odyssee Projeten<br \/>\nonvergiesslech Momenter erlieft.<br \/>\nFinanz\u00e9iert ginn d\u2019Chantieren duerch Spenden a<br \/>\nFinanzaktioune w\u00e9i z.B. Grille viru Gesch\u00e4fter a<br \/>\nBenefiziessen, wu all Jonken, dee mat geet, aktiv dru<br \/>\nbedeelegt ass. Di eege Rees an den Openthalt am respektive<br \/>\nLand bezilt all Jonke selwer.<br \/>\n1988 huet d\u00e9i national RaRo Ekipp deen \u00e9ischte Camp zu<br \/>\nMboro am Senegal organis\u00e9iert.<br \/>\n2001 kruten d\u2019Projeten den Numm \u201eODYSSEE\u201c. All 3-4<br \/>\nJoer ginn d\u00e9i Jonk am Alter vu 17 bis 23 Joer op Campen am<br \/>\nAusland. D\u00e9i Jonk ginn iwwert e Joer intensiv op d\u00ebs Projete<br \/>\nvirbereed an an d\u2019Organisatioun aktiv mat agebonnen.<br \/>\nL\u00e4nner wou bis elo Odyssee Campe woren:<br \/>\nSenegal Bosnien \u00c4thiopien<br \/>\nNiger Georgien Brasilien<br \/>\nHaiti Indien Marokko<br \/>\nVietnam Chile Bolivien","protected":false},"excerpt":{"rendered":"<p>D\u00e9sol\u00e9, cet article est seulement disponible en LU.Zil vun den Odyssee Projeten ass et, Jonken den Abl\u00e9ck an eng aner Liewensaart a Weis ze ginn, wi di eegen. Duerch d\u00ebs eenzegaarteg Form vun direktem Austausch kr\u00e9ien di Jonk aus zwou Kulturen d\u2019M\u00e9iglechkeet, hiren Horizont ze erweideren an sech esou en eegent Bild iwwert d\u2019Liewen op&#8230;  <a class=\"excerpt-read-more\" href=\"https:\/\/lgs.lu\/fr\/lgs-in-action\/raro-odyssee\/\" title=\"ReadRaRo Odyssee\">Read more &raquo;<\/a><\/p>\n","protected":false},"author":299,"featured_media":0,"parent":1119,"menu_order":0,"comment_status":"closed","ping_status":"closed","template":"","meta":{"footnotes":""},"class_list":["post-1127","page","type-page","status-publish","hentry"],"_links":{"self":[{"href":"https:\/\/lgs.lu\/fr\/wp-json\/wp\/v2\/pages\/1127","targetHints":{"allow":["GET"]}}],"collection":[{"href":"https:\/\/lgs.lu\/fr\/wp-json\/wp\/v2\/pages"}],"about":[{"href":"https:\/\/lgs.lu\/fr\/wp-json\/wp\/v2\/types\/page"}],"author":[{"embeddable":true,"href":"https:\/\/lgs.lu\/fr\/wp-json\/wp\/v2\/users\/299"}],"replies":[{"embeddable":true,"href":"https:\/\/lgs.lu\/fr\/wp-json\/wp\/v2\/comments?post=1127"}],"version-history":[{"count":3,"href":"https:\/\/lgs.lu\/fr\/wp-json\/wp\/v2\/pages\/1127\/revisions"}],"predecessor-version":[{"id":4874,"href":"https:\/\/lgs.lu\/fr\/wp-json\/wp\/v2\/pages\/1127\/revisions\/4874"}],"up":[{"embeddable":true,"href":"https:\/\/lgs.lu\/fr\/wp-json\/wp\/v2\/pages\/1119"}],"wp:attachment":[{"href":"https:\/\/lgs.lu\/fr\/wp-json\/wp\/v2\/media?parent=1127"}],"curies":[{"name":"wp","href":"https:\/\/api.w.org\/{rel}","templated":true}]}}