{"id":4341,"date":"2024-03-24T14:26:20","date_gmt":"2024-03-24T13:26:20","guid":{"rendered":"https:\/\/lgs.lu\/?page_id=4341"},"modified":"2025-05-08T18:38:04","modified_gmt":"2025-05-08T16:38:04","slug":"zukunft-geheiert-eis","status":"publish","type":"page","link":"https:\/\/lgs.lu\/en\/iwwert-eis\/zukunft-geheiert-eis\/","title":{"rendered":"D&#8217;Zukunft geh\u00e9iert eis! &#8211; de mot d&#8217;ordre vun den LGS"},"content":{"rendered":"<p class=\"qtranxs-available-languages-message qtranxs-available-languages-message-en\">Sorry, this entry is only available in <a href=\"https:\/\/lgs.lu\/lb\/wp-json\/wp\/v2\/pages\/4341\" class=\"qtranxs-available-language-link qtranxs-available-language-link-lb\" title=\"LU\">LU<\/a>.<\/p><strong>D&#8217;Zukunft geh\u00e9iert eis! <\/strong><\/p>\n<p>Dat ass de mot d&#8217;ordre vun de L\u00ebtzebuerger Guiden a Scouten fir d&#8217;Joren 2023-2024.<\/p>\n<p>\u201eEt sinn d\u00e9i Jonk vun haut d\u00e9i d\u2019Entscheedunge vu muer treffen.\u201c (Zitat aus der neier Method)<\/p>\n<p>Participatioun bas\u00e9iert op der Iwwerzeegung, datt jiddereen d\u2019Recht an d\u2019M\u00e9iglechkeet huet bei Entscheedungen an Ugelee\u00ebnheeten, d\u00e9i d\u2019eegent Liewen, d\u2019eege Gemeinschaft an d\u2019eegen \u00cbmwelt betreffen, mat ze schw\u00e4tzen, sech anzebr\u00e9ngen, zesumme L\u00e9isungen ze sichen an d\u00ebs zesummen \u00ebmzesetzen.<br \/>\nAls Jugendmouvement w\u00eblle mir d\u00e9i Jonk op hirem Wee st\u00e4erken, \u00ebnnerst\u00ebtzen an si drop virbereeden, Verantwortung vis-\u00e0-vis vun hire Matm\u00ebnschen, hirer \u00cbmwelt a vis-a-vis vun sech selwer ze iwwerhuelen.<\/p>\n<p>An d\u00ebsem S\u00ebnn sollen all eis Memberen a virun allem eis jonk Memberen d\u2019M\u00e9iglechkeet hunn, op lokalem w\u00e9i op nationalem Niveau hir Meenung ze \u00e4usseren, hir Iddien anzebr\u00e9ngen, matzebest\u00ebmmen a geh\u00e9iert ze ginn.<br \/>\nBei den LGS ass et un eis Erwuessenen d\u00ebs M\u00e9iglechkeeten ze schafen; eise Kanner a Jonken eppes zouzetrauen, hinne Responsabilit\u00e9iten ze iwwerginn an si an hiren Iddien ze respekt\u00e9ieren an ze st\u00e4erken, esou datt si d\u2018Zukunft selwer gestallten a lenke k\u00ebnnen.<br \/>\nAls gr\u00e9isste Jugendmouvement zu L\u00ebtzebuerg ass et eis Responsabilit\u00e9it, mat der Z\u00e4it ze goen an eis bestoend Strukturen an Ofleef ze iwwerdenken, oppen ze si fir nei Iddien, eis Aarbechtsweis ze hannerfroen a virun allem deene Jonken d\u2019M\u00e9iglechkeet ze ginn sech aktiv un d\u00ebsem Prozess ze bedeelegen.<\/p>\n<p>Fir d\u00ebst \u00ebmzesetzen, ass et wichteg gemeinsam ze defin\u00e9ieren, wat Participatioun fir eis als LGS konkreet bedeit.<\/p>\n<p>Aus d\u00ebsem Grond ass en Dokument zesummegestallt ginn, wou op all d\u00ebs Froen agaange g\u00ebtt. Kuckt g\u00e4ren eran!<\/p>\n<p><a class=\"button\" href=\"https:\/\/chefbox.lgs.lu\/desk\/mot-dordre-2023-2026\/\" target=\"_blank\" rel=\"noopener\">Weider Informatiounen zum Mot d&#8217;Ordre<\/a>","protected":false},"excerpt":{"rendered":"<p>Sorry, this entry is only available in LU.D&#8217;Zukunft geh\u00e9iert eis! Dat ass de mot d&#8217;ordre vun de L\u00ebtzebuerger Guiden a Scouten fir d&#8217;Joren 2023-2024. \u201eEt sinn d\u00e9i Jonk vun haut d\u00e9i d\u2019Entscheedunge vu muer treffen.\u201c (Zitat aus der neier Method) Participatioun bas\u00e9iert op der Iwwerzeegung, datt jiddereen d\u2019Recht an d\u2019M\u00e9iglechkeet huet bei Entscheedungen an Ugelee\u00ebnheeten,&#8230;  <a class=\"excerpt-read-more\" href=\"https:\/\/lgs.lu\/en\/iwwert-eis\/zukunft-geheiert-eis\/\" title=\"ReadD&#8217;Zukunft geh\u00e9iert eis! &#8211; de mot d&#8217;ordre vun den LGS\">Read more &raquo;<\/a><\/p>\n","protected":false},"author":2518,"featured_media":4347,"parent":1210,"menu_order":0,"comment_status":"closed","ping_status":"closed","template":"","meta":{"footnotes":""},"class_list":["post-4341","page","type-page","status-publish","has-post-thumbnail","hentry"],"_links":{"self":[{"href":"https:\/\/lgs.lu\/en\/wp-json\/wp\/v2\/pages\/4341","targetHints":{"allow":["GET"]}}],"collection":[{"href":"https:\/\/lgs.lu\/en\/wp-json\/wp\/v2\/pages"}],"about":[{"href":"https:\/\/lgs.lu\/en\/wp-json\/wp\/v2\/types\/page"}],"author":[{"embeddable":true,"href":"https:\/\/lgs.lu\/en\/wp-json\/wp\/v2\/users\/2518"}],"replies":[{"embeddable":true,"href":"https:\/\/lgs.lu\/en\/wp-json\/wp\/v2\/comments?post=4341"}],"version-history":[{"count":5,"href":"https:\/\/lgs.lu\/en\/wp-json\/wp\/v2\/pages\/4341\/revisions"}],"predecessor-version":[{"id":4622,"href":"https:\/\/lgs.lu\/en\/wp-json\/wp\/v2\/pages\/4341\/revisions\/4622"}],"up":[{"embeddable":true,"href":"https:\/\/lgs.lu\/en\/wp-json\/wp\/v2\/pages\/1210"}],"wp:featuredmedia":[{"embeddable":true,"href":"https:\/\/lgs.lu\/en\/wp-json\/wp\/v2\/media\/4347"}],"wp:attachment":[{"href":"https:\/\/lgs.lu\/en\/wp-json\/wp\/v2\/media?parent=4341"}],"curies":[{"name":"wp","href":"https:\/\/api.w.org\/{rel}","templated":true}]}}