{"id":3313,"date":"2021-08-19T18:11:10","date_gmt":"2021-08-19T16:11:10","guid":{"rendered":"https:\/\/lgs.lu\/?page_id=3313"},"modified":"2022-01-31T09:05:46","modified_gmt":"2022-01-31T08:05:46","slug":"branchen","status":"publish","type":"page","link":"https:\/\/lgs.lu\/en\/branchen\/","title":{"rendered":"Branchen"},"content":{"rendered":"\t\t<div data-elementor-type=\"wp-page\" data-elementor-id=\"3313\" class=\"elementor elementor-3313\" data-elementor-post-type=\"page\">\n\t\t\t\t\t\t<section class=\"elementor-section elementor-top-section elementor-element elementor-element-6210d58 elementor-section-boxed elementor-section-height-default elementor-section-height-default\" data-id=\"6210d58\" data-element_type=\"section\" data-e-type=\"section\">\n\t\t\t\t\t\t<div class=\"elementor-container elementor-column-gap-default\">\n\t\t\t\t\t<div class=\"elementor-column elementor-col-100 elementor-top-column elementor-element elementor-element-08be31a\" data-id=\"08be31a\" data-element_type=\"column\" data-e-type=\"column\">\n\t\t\t<div class=\"elementor-widget-wrap elementor-element-populated\">\n\t\t\t\t\t\t<div class=\"elementor-element elementor-element-a087781 elementor-position-left elementor-vertical-align-top elementor-widget elementor-widget-image-box\" data-id=\"a087781\" data-element_type=\"widget\" data-e-type=\"widget\" data-widget_type=\"image-box.default\">\n\t\t\t\t<div class=\"elementor-widget-container\">\n\t\t\t\t\t<div class=\"elementor-image-box-wrapper\"><figure class=\"elementor-image-box-img\"><img fetchpriority=\"high\" decoding=\"async\" width=\"2084\" height=\"2084\" src=\"https:\/\/lgs.lu\/wp-content\/uploads\/2020\/03\/Biber_rgb.png\" class=\"attachment-full size-full wp-image-2192\" alt=\"\" srcset=\"https:\/\/lgs.lu\/wp-content\/uploads\/2020\/03\/Biber_rgb.png 2084w, https:\/\/lgs.lu\/wp-content\/uploads\/2020\/03\/Biber_rgb-300x300.png 300w, https:\/\/lgs.lu\/wp-content\/uploads\/2020\/03\/Biber_rgb-1024x1024.png 1024w, https:\/\/lgs.lu\/wp-content\/uploads\/2020\/03\/Biber_rgb-150x150.png 150w, https:\/\/lgs.lu\/wp-content\/uploads\/2020\/03\/Biber_rgb-768x768.png 768w, https:\/\/lgs.lu\/wp-content\/uploads\/2020\/03\/Biber_rgb-1536x1536.png 1536w, https:\/\/lgs.lu\/wp-content\/uploads\/2020\/03\/Biber_rgb-2048x2048.png 2048w, https:\/\/lgs.lu\/wp-content\/uploads\/2020\/03\/Biber_rgb-700x700.png 700w, https:\/\/lgs.lu\/wp-content\/uploads\/2020\/03\/Biber_rgb-125x125.png 125w\" sizes=\"(max-width: 2084px) 100vw, 2084px\" \/><\/figure><div class=\"elementor-image-box-content\"><h3 class=\"elementor-image-box-title\">Biber (6 - 8)<\/h3><p class=\"elementor-image-box-description\">Mir w\u00ebllen de Kanner d\u00b4Liewen am Grupp, wou ee fir deen aneren do ass, de Respekt fir deen aneren a fir d\u2019Natur m\u00e9i no br\u00e9ngen.\nD'Kanner solle fir d\u00e9i Welt op d\u00e4r mir alleguer zesummeliewen, begeeschtert ginn.\nDuerch d\u2019Kniwwel sollen d\u00b4Kanner hir eegen Talenter entdecken a mat verschiddene Materialie Bekanntschaft maachen.\nDuerch d\u00b4Spill an der Natur k\u00ebnnen d\u00b4Kanner sech op eng aktiv an experimentell Man\u00e9ier mat hirem \u00cbmfeld an hirer \u00cbmwelt auserneesetzen.<br> <br> \n\nWanns du bei d'Biber komme w\u00eblls, da mell dech \u00ebnner biber@lgs.lu<\/p><\/div><\/div>\t\t\t\t<\/div>\n\t\t\t\t<\/div>\n\t\t\t\t\t<\/div>\n\t\t<\/div>\n\t\t\t\t\t<\/div>\n\t\t<\/section>\n\t\t\t\t<section class=\"elementor-section elementor-top-section elementor-element elementor-element-f817ef2 elementor-section-boxed elementor-section-height-default elementor-section-height-default\" data-id=\"f817ef2\" data-element_type=\"section\" data-e-type=\"section\">\n\t\t\t\t\t\t<div class=\"elementor-container elementor-column-gap-default\">\n\t\t\t\t\t<div class=\"elementor-column elementor-col-100 elementor-top-column elementor-element elementor-element-86f9ea7\" data-id=\"86f9ea7\" data-element_type=\"column\" data-e-type=\"column\">\n\t\t\t<div class=\"elementor-widget-wrap elementor-element-populated\">\n\t\t\t\t\t\t<div class=\"elementor-element elementor-element-e8523ed elementor-position-left elementor-vertical-align-top elementor-widget elementor-widget-image-box\" data-id=\"e8523ed\" data-element_type=\"widget\" data-e-type=\"widget\" data-widget_type=\"image-box.default\">\n\t\t\t\t<div class=\"elementor-widget-container\">\n\t\t\t\t\t<div class=\"elementor-image-box-wrapper\"><figure class=\"elementor-image-box-img\"><img decoding=\"async\" width=\"2084\" height=\"2084\" src=\"https:\/\/lgs.lu\/wp-content\/uploads\/2020\/10\/Wellefcher_rgb.jpg\" class=\"attachment-full size-full wp-image-2822\" alt=\"\" srcset=\"https:\/\/lgs.lu\/wp-content\/uploads\/2020\/10\/Wellefcher_rgb.jpg 2084w, https:\/\/lgs.lu\/wp-content\/uploads\/2020\/10\/Wellefcher_rgb-300x300.jpg 300w, https:\/\/lgs.lu\/wp-content\/uploads\/2020\/10\/Wellefcher_rgb-1024x1024.jpg 1024w, https:\/\/lgs.lu\/wp-content\/uploads\/2020\/10\/Wellefcher_rgb-150x150.jpg 150w, https:\/\/lgs.lu\/wp-content\/uploads\/2020\/10\/Wellefcher_rgb-768x768.jpg 768w, https:\/\/lgs.lu\/wp-content\/uploads\/2020\/10\/Wellefcher_rgb-1536x1536.jpg 1536w, https:\/\/lgs.lu\/wp-content\/uploads\/2020\/10\/Wellefcher_rgb-2048x2048.jpg 2048w, https:\/\/lgs.lu\/wp-content\/uploads\/2020\/10\/Wellefcher_rgb-700x700.jpg 700w, https:\/\/lgs.lu\/wp-content\/uploads\/2020\/10\/Wellefcher_rgb-125x125.jpg 125w, https:\/\/lgs.lu\/wp-content\/uploads\/2020\/10\/Wellefcher_rgb-350x350.jpg 350w, https:\/\/lgs.lu\/wp-content\/uploads\/2020\/10\/Wellefcher_rgb-51x51.jpg 51w, https:\/\/lgs.lu\/wp-content\/uploads\/2020\/10\/Wellefcher_rgb-800x800.jpg 800w\" sizes=\"(max-width: 2084px) 100vw, 2084px\" \/><\/figure><div class=\"elementor-image-box-content\"><h3 class=\"elementor-image-box-title\">W\u00ebllefcher (8 - 11)<\/h3><p class=\"elementor-image-box-description\">Si entdecken, fuerschen, l\u00e9ieren, schl\u00e9isse Fr\u00ebndschaften,\u2026.an dat alles bei eis an de Versammlungen.\nMir maachen allerhand interessant Aktivit\u00e9iten, ginn zesummen op Sortien an op 2-3 Weekender.\nDen H\u00e9ichpunkt vum Scoutsjoer ass de Summercamp; dat ass \u00ebmmer e super Erliefnis.\nDo schlofe mir 4 Nuechten hei am Land an engem flotte Chalet.\nNach m\u00e9i kuerz a knackeg gesot, l\u00e9ieren d\u2018Kanner an de W\u00ebllefcher ganz elementar W\u00e4erter kennen: Solidarit\u00e9it, Verantwortung, H\u00ebllefsbereetschaft, Matgefill, Gesch\u00e9cklechkeet, a.s.w.<br> <br> \n\nWanns du bei d'W\u00ebllefcher komme w\u00eblls, da mell dech \u00ebnner wellefcher@lgs.lu\u200b<\/p><\/div><\/div>\t\t\t\t<\/div>\n\t\t\t\t<\/div>\n\t\t\t\t<div class=\"elementor-element elementor-element-77f3a0c elementor-position-left elementor-vertical-align-top elementor-widget elementor-widget-image-box\" data-id=\"77f3a0c\" data-element_type=\"widget\" data-e-type=\"widget\" data-widget_type=\"image-box.default\">\n\t\t\t\t<div class=\"elementor-widget-container\">\n\t\t\t\t\t<div class=\"elementor-image-box-wrapper\"><figure class=\"elementor-image-box-img\"><img decoding=\"async\" width=\"2084\" height=\"2084\" src=\"https:\/\/lgs.lu\/wp-content\/uploads\/2020\/03\/AvEx_rgb.png\" class=\"attachment-full size-full wp-image-2191\" alt=\"\" srcset=\"https:\/\/lgs.lu\/wp-content\/uploads\/2020\/03\/AvEx_rgb.png 2084w, https:\/\/lgs.lu\/wp-content\/uploads\/2020\/03\/AvEx_rgb-300x300.png 300w, https:\/\/lgs.lu\/wp-content\/uploads\/2020\/03\/AvEx_rgb-1024x1024.png 1024w, https:\/\/lgs.lu\/wp-content\/uploads\/2020\/03\/AvEx_rgb-150x150.png 150w, https:\/\/lgs.lu\/wp-content\/uploads\/2020\/03\/AvEx_rgb-768x768.png 768w, https:\/\/lgs.lu\/wp-content\/uploads\/2020\/03\/AvEx_rgb-1536x1536.png 1536w, https:\/\/lgs.lu\/wp-content\/uploads\/2020\/03\/AvEx_rgb-2048x2048.png 2048w, https:\/\/lgs.lu\/wp-content\/uploads\/2020\/03\/AvEx_rgb-700x700.png 700w, https:\/\/lgs.lu\/wp-content\/uploads\/2020\/03\/AvEx_rgb-125x125.png 125w\" sizes=\"(max-width: 2084px) 100vw, 2084px\" \/><\/figure><div class=\"elementor-image-box-content\"><h3 class=\"elementor-image-box-title\">AvEx (11 - 14)<\/h3><p class=\"elementor-image-box-description\">An den AvEx geet et dr\u00ebms fir \u00ebmmer m\u00e9i u Selbst\u00e4nnegkeet ze gewannen a fir sech an anerer Verantwortung ze iwwerhuelen.\nD\u00e9i Jugendlech ginn \u00ebmmer m\u00e9i an de Choix, d\u2019Organisatioun an d\u2019Ausf\u00e9ierung vun den Aktivit\u00e9iten agebonnen, getrei dem Motto vum Baden Powell \u201cAsk the boy\/girl\u201d.\nOch de Prinzip vum \u201clearning by doing\u201d g\u00ebtt an den AvEx groussgeschriwwen, well een doduerch \u00ebmmer r\u00ebm nei Saache l\u00e9iert an iwwert sech erauswuesse kann.\nMir prob\u00e9ieren eis Versammlunge fir d\u00e9i Jugendlech sou flott ewei m\u00e9iglech ze gestalten, an dob\u00e4i steet Spaass un \u00e9ischter Stell.\nOch op Weekender, Sortien an um allj\u00e4erleche Summercamp erliewe mir onvergiesslech Momenter zesummen.<br> <br> \n\nWanns du bei d'AvEx komme w\u00eblls, da mell dech \u00ebnner avex@lgs.lu\u200b<\/p><\/div><\/div>\t\t\t\t<\/div>\n\t\t\t\t<\/div>\n\t\t\t\t<div class=\"elementor-element elementor-element-ce3262c elementor-position-left elementor-vertical-align-top elementor-widget elementor-widget-image-box\" data-id=\"ce3262c\" data-element_type=\"widget\" data-e-type=\"widget\" data-widget_type=\"image-box.default\">\n\t\t\t\t<div class=\"elementor-widget-container\">\n\t\t\t\t\t<div class=\"elementor-image-box-wrapper\"><figure class=\"elementor-image-box-img\"><img loading=\"lazy\" decoding=\"async\" width=\"2084\" height=\"2084\" src=\"https:\/\/lgs.lu\/wp-content\/uploads\/2020\/03\/CaraPio_rgb.png\" class=\"attachment-full size-full wp-image-2193\" alt=\"\" srcset=\"https:\/\/lgs.lu\/wp-content\/uploads\/2020\/03\/CaraPio_rgb.png 2084w, https:\/\/lgs.lu\/wp-content\/uploads\/2020\/03\/CaraPio_rgb-300x300.png 300w, https:\/\/lgs.lu\/wp-content\/uploads\/2020\/03\/CaraPio_rgb-1024x1024.png 1024w, https:\/\/lgs.lu\/wp-content\/uploads\/2020\/03\/CaraPio_rgb-150x150.png 150w, https:\/\/lgs.lu\/wp-content\/uploads\/2020\/03\/CaraPio_rgb-768x768.png 768w, https:\/\/lgs.lu\/wp-content\/uploads\/2020\/03\/CaraPio_rgb-1536x1536.png 1536w, https:\/\/lgs.lu\/wp-content\/uploads\/2020\/03\/CaraPio_rgb-2048x2048.png 2048w, https:\/\/lgs.lu\/wp-content\/uploads\/2020\/03\/CaraPio_rgb-700x700.png 700w, https:\/\/lgs.lu\/wp-content\/uploads\/2020\/03\/CaraPio_rgb-125x125.png 125w\" sizes=\"(max-width: 2084px) 100vw, 2084px\" \/><\/figure><div class=\"elementor-image-box-content\"><h3 class=\"elementor-image-box-title\">CaraPio (14 - 17)<\/h3><p class=\"elementor-image-box-description\">\nGanz vill W\u00e4ert g\u00ebtt geluecht op Matbest\u00ebmmung, souwuel bei der Wiel a Virbereedung, w\u00e9i och beim Duerchz\u00e9ie vun Aktivit\u00e9iten. Et l\u00e4it op der Hand, dass also och d\u2019Matverantwortung an den Engagement groussgeschriwwe ginn. Am Laf vum Joer ginn 1-2 Weekender geplangt, an den H\u00e9ichpunkt vum Joer ass e Camp, dee bei de CaraPio meeschtens am Ausland ass a wou am Zelt geschlof g\u00ebtt.Mir prob\u00e9ieren eis Versammlunge fir d\u00e9i Jugendlech sou flott ewei m\u00e9iglech ze gestalten, an dob\u00e4i steet Spaass un \u00e9ischter Stell.\nOch op Weekender, Sortien an um allj\u00e4erleche Summercamp erliewe mir onvergiesslech Momenter zesummen.<br> <br> \nWanns du bei d'CaraPio komme w\u00eblls, da mell dech \u00ebnner carapio@lgs.lu\u200b<\/p><\/div><\/div>\t\t\t\t<\/div>\n\t\t\t\t<\/div>\n\t\t\t\t<div class=\"elementor-element elementor-element-1ecadc4 elementor-position-left elementor-vertical-align-top elementor-widget elementor-widget-image-box\" data-id=\"1ecadc4\" data-element_type=\"widget\" data-e-type=\"widget\" data-widget_type=\"image-box.default\">\n\t\t\t\t<div class=\"elementor-widget-container\">\n\t\t\t\t\t<div class=\"elementor-image-box-wrapper\"><figure class=\"elementor-image-box-img\"><img loading=\"lazy\" decoding=\"async\" width=\"2084\" height=\"2084\" src=\"https:\/\/lgs.lu\/wp-content\/uploads\/2020\/03\/RaRo_rgb.png\" class=\"attachment-full size-full wp-image-2194\" alt=\"\" srcset=\"https:\/\/lgs.lu\/wp-content\/uploads\/2020\/03\/RaRo_rgb.png 2084w, https:\/\/lgs.lu\/wp-content\/uploads\/2020\/03\/RaRo_rgb-300x300.png 300w, https:\/\/lgs.lu\/wp-content\/uploads\/2020\/03\/RaRo_rgb-1024x1024.png 1024w, https:\/\/lgs.lu\/wp-content\/uploads\/2020\/03\/RaRo_rgb-150x150.png 150w, https:\/\/lgs.lu\/wp-content\/uploads\/2020\/03\/RaRo_rgb-768x768.png 768w, https:\/\/lgs.lu\/wp-content\/uploads\/2020\/03\/RaRo_rgb-1536x1536.png 1536w, https:\/\/lgs.lu\/wp-content\/uploads\/2020\/03\/RaRo_rgb-2048x2048.png 2048w, https:\/\/lgs.lu\/wp-content\/uploads\/2020\/03\/RaRo_rgb-700x700.png 700w, https:\/\/lgs.lu\/wp-content\/uploads\/2020\/03\/RaRo_rgb-125x125.png 125w\" sizes=\"(max-width: 2084px) 100vw, 2084px\" \/><\/figure><div class=\"elementor-image-box-content\"><h3 class=\"elementor-image-box-title\">RaRo (17 - 23)<\/h3><p class=\"elementor-image-box-description\">D\u2019Ziler vun de RaRo orient\u00e9iere sech un de Besoinen vun de jonken Erwuessenen.\nD\u2019grousst Zil ass, dass d\u00e9i jonk Erwuesse lues a lues duerch Aktioune bewosst un hirem Erwuesse-sinn an Engag\u00e9iert-si schaffen.\nDe Grupp, wou d\u00b4RaRo sech treffen, nennt sech Clan.\nD\u00ebse Clan trefft sech reegelm\u00e9isseg a Versammlungen a setzt sech Ziler a Reegelen.\nD\u00b4RaRo l\u00e9ieren zesumme schaffen an huelen Decisiounen zesummen. <br> <br> \nWanns du bei d'RaRo komme w\u00eblls, da mell dech \u00ebnner raro@lgs.lu\n<\/p><\/div><\/div>\t\t\t\t<\/div>\n\t\t\t\t<\/div>\n\t\t\t\t\t<\/div>\n\t\t<\/div>\n\t\t\t\t\t<\/div>\n\t\t<\/section>\n\t\t\t\t<\/div>\n\t\t","protected":false},"excerpt":{"rendered":"<p>Biber (6 &#8211; 8) Mir w\u00ebllen de Kanner d\u00b4Liewen am Grupp, wou ee fir deen aneren do ass, de Respekt fir deen aneren a fir d\u2019Natur m\u00e9i no br\u00e9ngen. D&#8217;Kanner solle fir d\u00e9i Welt op d\u00e4r mir alleguer zesummeliewen, begeeschtert ginn. Duerch d\u2019Kniwwel sollen d\u00b4Kanner hir eegen Talenter entdecken a mat verschiddene Materialie Bekanntschaft maachen&#8230;.  <a class=\"excerpt-read-more\" href=\"https:\/\/lgs.lu\/en\/branchen\/\" title=\"ReadBranchen\">Read more &raquo;<\/a><\/p>\n","protected":false},"author":2039,"featured_media":0,"parent":0,"menu_order":0,"comment_status":"closed","ping_status":"closed","template":"","meta":{"footnotes":""},"class_list":["post-3313","page","type-page","status-publish","hentry"],"_links":{"self":[{"href":"https:\/\/lgs.lu\/en\/wp-json\/wp\/v2\/pages\/3313","targetHints":{"allow":["GET"]}}],"collection":[{"href":"https:\/\/lgs.lu\/en\/wp-json\/wp\/v2\/pages"}],"about":[{"href":"https:\/\/lgs.lu\/en\/wp-json\/wp\/v2\/types\/page"}],"author":[{"embeddable":true,"href":"https:\/\/lgs.lu\/en\/wp-json\/wp\/v2\/users\/2039"}],"replies":[{"embeddable":true,"href":"https:\/\/lgs.lu\/en\/wp-json\/wp\/v2\/comments?post=3313"}],"version-history":[{"count":37,"href":"https:\/\/lgs.lu\/en\/wp-json\/wp\/v2\/pages\/3313\/revisions"}],"predecessor-version":[{"id":3496,"href":"https:\/\/lgs.lu\/en\/wp-json\/wp\/v2\/pages\/3313\/revisions\/3496"}],"wp:attachment":[{"href":"https:\/\/lgs.lu\/en\/wp-json\/wp\/v2\/media?parent=3313"}],"curies":[{"name":"wp","href":"https:\/\/api.w.org\/{rel}","templated":true}]}}