{"id":2943,"date":"2021-02-13T14:40:31","date_gmt":"2021-02-13T13:40:31","guid":{"rendered":"https:\/\/lgs.lu\/?page_id=2943"},"modified":"2022-04-03T11:53:03","modified_gmt":"2022-04-03T09:53:03","slug":"komm-mat","status":"publish","type":"page","link":"https:\/\/lgs.lu\/en\/komm-mat\/","title":{"rendered":"Komm mat! &#8211; The motto of the Guides and Scouts of Luxembourg"},"content":{"rendered":"<p class=\"qtranxs-available-languages-message qtranxs-available-languages-message-en\">Sorry, this entry is only available in <a href=\"https:\/\/lgs.lu\/lb\/wp-json\/wp\/v2\/pages\/2943\" class=\"qtranxs-available-language-link qtranxs-available-language-link-lb\" title=\"LU\">LU<\/a>.<\/p><a class=\"button\" href=\"#challenge\">Hei geet et direkt bei d&#8217;Challenge vum Komm mat!<\/a><br \/>\n<strong>Komm mat!<\/strong>\u00a0Dat ass de neie Mot d\u2019ordre vun de L\u00ebtzebuerger Guiden an Scouten fir d\u2019Joren 2020-2023. E Mot d\u2019ordre soll en Thema sinn \u00ebnnert deem mir eis all zesumme k\u00ebnne weider entw\u00e9ckelen a jiddereen eenzel u sengem Fortschrett ka schafffen. Et soll awer och en Thema sinn \u00ebnnert deem mir Spaass hun an Neies erliewen.<\/p>\n<p style=\"text-align: left;\">E Mot d\u2019ordre leeft iwwer 3 Joer an ass eng Opfuederung fir jiddereen, souwuel Membere wei aner Interess\u00e9ierter, aktiv bei de L\u00ebtzebuerger Guiden a Scouten matzemaachen. All Joer soll ee vun de wichtegen Themen vum Guidissem a Scoutissem m\u00e9i an de Fokus ger\u00e9ckelt ginn an et sou de Guiden a Scouten erm\u00e9iglechen iwwert d\u00e9i ganz Zait un hirem pers\u00e9inleche Fortschr\u00ebtt ze schaffen.<\/p>\n<p style=\"text-align: left;\">Am <strong>1. Joer<\/strong> konzentr\u00e9ieren mir eis op eist \u00cbmfeld an eis \u00cbmwelt. Mir entdecken dobaussen eis Natur an besonnesch d\u2019Abenteuer an d\u2019Spiritualit\u00e9it si wichteg bei all eisen Aktivit\u00e9iten.<\/p>\n<p>Am <strong>2. Joer<\/strong> gi mir m\u00e9i w\u00e4it a stellen d\u2019Internationalit\u00e9it an d\u2019Diversit\u00e9it an de M\u00ebttelpunkt. D\u2019W\u00e4erter vun eisem Zesummeliewen an enger Gesellschaft mat ganz verschiddene Kulture ginn an d\u2019Vitrinn gestallt. Mir k\u00ebnnen d\u00ebs W\u00e4erter natierlech op internationale Campen am Ausland erliewen mee och hei am Land duerch d\u2019Kennel\u00e9iere vun alle m\u00e9igleche Gebr\u00e4icher.<\/p>\n<p>Am <strong>3. Joer<\/strong> erliewe mir de Guidissem a Scoutissem am Kontext vun eiser Gesellschaft. Mir setzen ons an fir all eis Matm\u00ebnschen. Dat Joer ginn dofir d\u2019Participatioun an d\u2019BA (Bonne Action) grouss geschriwwen.<\/p>\n<hr \/>\n<p style=\"text-align: center;\"><iframe src=\"https:\/\/www.youtube-nocookie.com\/embed\/9OTHU53r5ks\" width=\"100%\" height=\"315\" frameborder=\"0\" allowfullscreen=\"allowfullscreen\"><span data-mce-type=\"bookmark\" style=\"display: inline-block; width: 0px; overflow: hidden; line-height: 0;\" class=\"mce_SELRES_start\">\ufeff<\/span><span data-mce-type=\"bookmark\" style=\"display: inline-block; width: 0px; overflow: hidden; line-height: 0;\" class=\"mce_SELRES_start\">\ufeff<\/span><span data-mce-type=\"bookmark\" style=\"display: inline-block; width: 0px; overflow: hidden; line-height: 0;\" class=\"mce_SELRES_start\">\ufeff<\/span><span data-mce-type=\"bookmark\" style=\"display: inline-block; width: 0px; overflow: hidden; line-height: 0;\" class=\"mce_SELRES_start\">\ufeff<\/span><span data-mce-type=\"bookmark\" style=\"display: inline-block; width: 0px; overflow: hidden; line-height: 0;\" class=\"mce_SELRES_start\">\ufeff<\/span><\/iframe><\/p>\n<p><strong>1. Joer: Komm mat<em>&#8230;eraus!<\/em>\u00a0Komm mat<em>&#8230;an d\u2019Natur!<\/em><\/strong><\/p>\n<p>Esou k\u00e9int een dat \u00e9ischt Joer vum Mot d\u2019ordre zesummefaassen.<\/p>\n<p>Eist \u00cbmfeld dobaussen an d\u00e9i domat verbonne Natur bitt eis all eng ideal Platz fir onendlech vill Entdeckungen ze maachen an Aventuren ze erliewen. Et ass eng Platz, op d\u00e4r een all m\u00e9iglech Formen, Materialien oder Ger\u00e9cher ka kenne l\u00e9ieren an op d\u00e4r ee ganz vill verschidden D\u00e9ieren, Liewewiesen oder Planze ka fannen. Et ass eng Plaz, vun d\u00e4r mir onmoosseg vill k\u00ebnne l\u00e9ieren an d\u00e9i eis et erm\u00e9iglecht eis eege Fr\u00e4iheet ze erliewen.<\/p>\n<p>Duerch Spiller an Aktivit\u00e9iten dobausse w\u00eblle mir eise Liewensraum besser kenne l\u00e9ieren. Mir sinn aktiv a setzen eis mat eiser \u00cbmwelt auserneen a l\u00e9ieren esou, se besser ze verstoen. Doduerch, datt all Guiden a Scoute mat um Programm k\u00ebnne schaffen, datt jiddereen dierf matbest\u00ebmmen a w\u00e9i eng Richtung hie w\u00ebll goen, k\u00ebnne mir eis eegen Ziler setzen an d\u00ebs an eisem eegene Rhythmus erreechen.<\/p>\n<p>Duerch d\u2019Participatioun an d\u2019Zesummeliewen a klenge Gruppen, w\u00e9i z.B. d\u2019Sizainen oder d\u2019Patrullen, ka jiddereen seng Selbst\u00e4nnegkeet weider entw\u00e9ckelen a seng sozial Kompetenzen a Fantasie ausbauen. Op der anerer S\u00e4it kann ee bei Aktivit\u00e9iten d\u00e9i duerch e Chef begleet ginn, Neies kenne l\u00e9ieren an esou s\u00e4i W\u00ebssen a s\u00e4i K\u00ebnnen erweideren.<\/p>\n<p>Nieft deene ville M\u00e9iglechkeeten, d\u00e9i eis dobaussen zur Verf\u00fcgung stinn, kann een och erliewen, dass et an eisem Liewe Saache ginn, d\u00e9i m\u00e9i grouss si wei mir als Eenzelen. All d\u2019Elementer ronder\u00ebm eis, h\u00e4nken zesummen a mir sinn en Deel dovun. Mir brauchen d\u00ebse System a mir mussen oppassen, datt d\u00ebs Balance net aus dem Gl\u00e4ichgewiicht ger\u00e9it. Dofir ass et wichteg, datt mir op eis an eis Matm\u00ebnschen oppassen, mee awer och datt mir d\u2019\u00cbmwelt ronder\u00ebm eis w\u00e4ertsch\u00e4tzen a sch\u00fctzen.<\/p>\n<p>Schonn de Lord Baden-Powell (Gr\u00ebnner vun de Scouten) war der Meenung, datt <em>\u201cd\u2019Liewen ouni Aventuren (\u2026) langweileg\u201d<\/em> wier. Dofir loosst eis all zesumme prob\u00e9ieren dobaussen, mat eise Fr\u00ebnn, d\u00ebst Joer e b\u00ebssi m\u00e9i spannend ze maachen. Et l\u00e4it an eiser Hand.<\/p>\n<hr \/>\n<p><strong id=\"challenge\">Komm mat<em>&#8230;Challenge!<\/em><\/strong><\/p>\n<p>Am Kader vum Mot d&#8217;ordre huet d&#8217;Programmekipp eng Challenge lanc\u00e9iert. Jiddereen, aus egal w\u00e9i enger Branche, kann dorunner deelhuelen.<\/p>\n<table style=\"border-collapse: collapse; width: 100%;\">\n<tbody>\n<tr>\n<td style=\"width: 20%; text-align: center;\"><img decoding=\"async\" class=\"alignnone wp-image-2192\" src=\"https:\/\/lgs.lu\/wp-content\/uploads\/2020\/03\/Biber_rgb-150x150.png\" alt=\"\" width=\"105\" height=\"105\" srcset=\"https:\/\/lgs.lu\/wp-content\/uploads\/2020\/03\/Biber_rgb-150x150.png 150w, https:\/\/lgs.lu\/wp-content\/uploads\/2020\/03\/Biber_rgb-300x300.png 300w, https:\/\/lgs.lu\/wp-content\/uploads\/2020\/03\/Biber_rgb-1024x1024.png 1024w, https:\/\/lgs.lu\/wp-content\/uploads\/2020\/03\/Biber_rgb-768x768.png 768w, https:\/\/lgs.lu\/wp-content\/uploads\/2020\/03\/Biber_rgb-1536x1536.png 1536w, https:\/\/lgs.lu\/wp-content\/uploads\/2020\/03\/Biber_rgb-2048x2048.png 2048w, https:\/\/lgs.lu\/wp-content\/uploads\/2020\/03\/Biber_rgb-700x700.png 700w, https:\/\/lgs.lu\/wp-content\/uploads\/2020\/03\/Biber_rgb-125x125.png 125w\" sizes=\"(max-width: 105px) 100vw, 105px\" \/><\/td>\n<td style=\"width: 20%; text-align: center;\"><img decoding=\"async\" class=\"alignnone wp-image-2822\" src=\"https:\/\/lgs.lu\/wp-content\/uploads\/2020\/10\/Wellefcher_rgb-1024x1024.jpg\" alt=\"\" width=\"100\" height=\"100\" srcset=\"https:\/\/lgs.lu\/wp-content\/uploads\/2020\/10\/Wellefcher_rgb-1024x1024.jpg 1024w, https:\/\/lgs.lu\/wp-content\/uploads\/2020\/10\/Wellefcher_rgb-300x300.jpg 300w, https:\/\/lgs.lu\/wp-content\/uploads\/2020\/10\/Wellefcher_rgb-150x150.jpg 150w, https:\/\/lgs.lu\/wp-content\/uploads\/2020\/10\/Wellefcher_rgb-768x768.jpg 768w, https:\/\/lgs.lu\/wp-content\/uploads\/2020\/10\/Wellefcher_rgb-1536x1536.jpg 1536w, https:\/\/lgs.lu\/wp-content\/uploads\/2020\/10\/Wellefcher_rgb-2048x2048.jpg 2048w, https:\/\/lgs.lu\/wp-content\/uploads\/2020\/10\/Wellefcher_rgb-700x700.jpg 700w, https:\/\/lgs.lu\/wp-content\/uploads\/2020\/10\/Wellefcher_rgb-125x125.jpg 125w, https:\/\/lgs.lu\/wp-content\/uploads\/2020\/10\/Wellefcher_rgb-350x350.jpg 350w, https:\/\/lgs.lu\/wp-content\/uploads\/2020\/10\/Wellefcher_rgb-51x51.jpg 51w, https:\/\/lgs.lu\/wp-content\/uploads\/2020\/10\/Wellefcher_rgb-800x800.jpg 800w\" sizes=\"(max-width: 100px) 100vw, 100px\" \/><\/td>\n<td style=\"width: 20%; text-align: center;\"><img decoding=\"async\" class=\"alignnone wp-image-2191\" src=\"https:\/\/lgs.lu\/wp-content\/uploads\/2020\/03\/AvEx_rgb-300x300.png\" alt=\"\" width=\"100\" height=\"100\" srcset=\"https:\/\/lgs.lu\/wp-content\/uploads\/2020\/03\/AvEx_rgb-300x300.png 300w, https:\/\/lgs.lu\/wp-content\/uploads\/2020\/03\/AvEx_rgb-1024x1024.png 1024w, https:\/\/lgs.lu\/wp-content\/uploads\/2020\/03\/AvEx_rgb-150x150.png 150w, https:\/\/lgs.lu\/wp-content\/uploads\/2020\/03\/AvEx_rgb-768x768.png 768w, https:\/\/lgs.lu\/wp-content\/uploads\/2020\/03\/AvEx_rgb-1536x1536.png 1536w, https:\/\/lgs.lu\/wp-content\/uploads\/2020\/03\/AvEx_rgb-2048x2048.png 2048w, https:\/\/lgs.lu\/wp-content\/uploads\/2020\/03\/AvEx_rgb-700x700.png 700w, https:\/\/lgs.lu\/wp-content\/uploads\/2020\/03\/AvEx_rgb-125x125.png 125w\" sizes=\"(max-width: 100px) 100vw, 100px\" \/><\/td>\n<td style=\"width: 20%; text-align: center;\"><img loading=\"lazy\" decoding=\"async\" class=\"alignnone wp-image-2193\" src=\"https:\/\/lgs.lu\/wp-content\/uploads\/2020\/03\/CaraPio_rgb-300x300.png\" alt=\"\" width=\"100\" height=\"100\" srcset=\"https:\/\/lgs.lu\/wp-content\/uploads\/2020\/03\/CaraPio_rgb-300x300.png 300w, https:\/\/lgs.lu\/wp-content\/uploads\/2020\/03\/CaraPio_rgb-1024x1024.png 1024w, https:\/\/lgs.lu\/wp-content\/uploads\/2020\/03\/CaraPio_rgb-150x150.png 150w, https:\/\/lgs.lu\/wp-content\/uploads\/2020\/03\/CaraPio_rgb-768x768.png 768w, https:\/\/lgs.lu\/wp-content\/uploads\/2020\/03\/CaraPio_rgb-1536x1536.png 1536w, https:\/\/lgs.lu\/wp-content\/uploads\/2020\/03\/CaraPio_rgb-2048x2048.png 2048w, https:\/\/lgs.lu\/wp-content\/uploads\/2020\/03\/CaraPio_rgb-700x700.png 700w, https:\/\/lgs.lu\/wp-content\/uploads\/2020\/03\/CaraPio_rgb-125x125.png 125w\" sizes=\"(max-width: 100px) 100vw, 100px\" \/><\/td>\n<td style=\"width: 20%; text-align: center;\"><img loading=\"lazy\" decoding=\"async\" class=\"alignnone wp-image-2194\" src=\"https:\/\/lgs.lu\/wp-content\/uploads\/2020\/03\/RaRo_rgb-300x300.png\" alt=\"\" width=\"100\" height=\"100\" srcset=\"https:\/\/lgs.lu\/wp-content\/uploads\/2020\/03\/RaRo_rgb-300x300.png 300w, https:\/\/lgs.lu\/wp-content\/uploads\/2020\/03\/RaRo_rgb-1024x1024.png 1024w, https:\/\/lgs.lu\/wp-content\/uploads\/2020\/03\/RaRo_rgb-150x150.png 150w, https:\/\/lgs.lu\/wp-content\/uploads\/2020\/03\/RaRo_rgb-768x768.png 768w, https:\/\/lgs.lu\/wp-content\/uploads\/2020\/03\/RaRo_rgb-1536x1536.png 1536w, https:\/\/lgs.lu\/wp-content\/uploads\/2020\/03\/RaRo_rgb-2048x2048.png 2048w, https:\/\/lgs.lu\/wp-content\/uploads\/2020\/03\/RaRo_rgb-700x700.png 700w, https:\/\/lgs.lu\/wp-content\/uploads\/2020\/03\/RaRo_rgb-125x125.png 125w\" sizes=\"(max-width: 100px) 100vw, 100px\" \/><\/td>\n<\/tr>\n<\/tbody>\n<\/table>\n<p>Hei \u00ebnnen dr\u00ebnner sinn dr\u00e4i Dokumenter fir d&#8217;Chef<\/p>\n<ol>\n<li>Eng m\u00e9i detaill\u00e9iert Erkl\u00e4rung vun der Challenge<\/li>\n<li>Checkl\u00ebscht fir d&#8217;Challenge (Biber &amp; W\u00ebllefcher)<\/li>\n<li>Checkl\u00ebscht fir d&#8217;Challenge (ab Avex)<\/li>\n<\/ol>","protected":false},"excerpt":{"rendered":"<p>Sorry, this entry is only available in LU.Hei geet et direkt bei d&#8217;Challenge vum Komm mat! Komm mat!\u00a0Dat ass de neie Mot d\u2019ordre vun de L\u00ebtzebuerger Guiden an Scouten fir d\u2019Joren 2020-2023. E Mot d\u2019ordre soll en Thema sinn \u00ebnnert deem mir eis all zesumme k\u00ebnne weider entw\u00e9ckelen a jiddereen eenzel u sengem Fortschrett ka&#8230;  <a class=\"excerpt-read-more\" href=\"https:\/\/lgs.lu\/en\/komm-mat\/\" title=\"ReadKomm mat! &#8211; The motto of the Guides and Scouts of Luxembourg\">Read more &raquo;<\/a><\/p>\n","protected":false},"author":299,"featured_media":2945,"parent":0,"menu_order":0,"comment_status":"closed","ping_status":"closed","template":"","meta":{"footnotes":""},"class_list":["post-2943","page","type-page","status-publish","has-post-thumbnail","hentry"],"_links":{"self":[{"href":"https:\/\/lgs.lu\/en\/wp-json\/wp\/v2\/pages\/2943","targetHints":{"allow":["GET"]}}],"collection":[{"href":"https:\/\/lgs.lu\/en\/wp-json\/wp\/v2\/pages"}],"about":[{"href":"https:\/\/lgs.lu\/en\/wp-json\/wp\/v2\/types\/page"}],"author":[{"embeddable":true,"href":"https:\/\/lgs.lu\/en\/wp-json\/wp\/v2\/users\/299"}],"replies":[{"embeddable":true,"href":"https:\/\/lgs.lu\/en\/wp-json\/wp\/v2\/comments?post=2943"}],"version-history":[{"count":39,"href":"https:\/\/lgs.lu\/en\/wp-json\/wp\/v2\/pages\/2943\/revisions"}],"predecessor-version":[{"id":2983,"href":"https:\/\/lgs.lu\/en\/wp-json\/wp\/v2\/pages\/2943\/revisions\/2983"}],"wp:featuredmedia":[{"embeddable":true,"href":"https:\/\/lgs.lu\/en\/wp-json\/wp\/v2\/media\/2945"}],"wp:attachment":[{"href":"https:\/\/lgs.lu\/en\/wp-json\/wp\/v2\/media?parent=2943"}],"curies":[{"name":"wp","href":"https:\/\/api.w.org\/{rel}","templated":true}]}}