{"id":2651,"date":"2020-06-16T21:21:20","date_gmt":"2020-06-16T19:21:20","guid":{"rendered":"https:\/\/lgs.lu\/?page_id=2651"},"modified":"2020-12-25T09:25:04","modified_gmt":"2020-12-25T08:25:04","slug":"bestellung-multifunktiounsschal","status":"publish","type":"page","link":"https:\/\/lgs.lu\/en\/bestellung-multifunktiounsschal\/","title":{"rendered":"Bestellung Multifunktiounsschal"},"content":{"rendered":"<p class=\"qtranxs-available-languages-message qtranxs-available-languages-message-en\">Sorry, this entry is only available in <a href=\"https:\/\/lgs.lu\/lb\/wp-json\/wp\/v2\/pages\/2651\" class=\"qtranxs-available-language-link qtranxs-available-language-link-lb\" title=\"LU\">LU<\/a>.<\/p><span style=\"font-family: arial, helvetica, sans-serif;\">L\u00e9if Cheftainen a Chef,<\/span><\/p>\n<p><span style=\"font-family: arial, helvetica, sans-serif;\">Nom grousse Succ\u00e8s am Summer an der grousser Nofro aus de lokale Gruppen ass et elo nees m\u00e9iglech LGS Multifunktiounsschalen ze bestellen.<\/span><\/p>\n<img fetchpriority=\"high\" decoding=\"async\" class=\"size-large wp-image-2657 aligncenter\" src=\"https:\/\/lgs.lu\/wp-content\/uploads\/2020\/06\/Multifunktiounsschal-1024x860.png\" alt=\"\" width=\"1024\" height=\"860\" srcset=\"https:\/\/lgs.lu\/wp-content\/uploads\/2020\/06\/Multifunktiounsschal-1024x860.png 1024w, https:\/\/lgs.lu\/wp-content\/uploads\/2020\/06\/Multifunktiounsschal-300x252.png 300w, https:\/\/lgs.lu\/wp-content\/uploads\/2020\/06\/Multifunktiounsschal-768x645.png 768w, https:\/\/lgs.lu\/wp-content\/uploads\/2020\/06\/Multifunktiounsschal-1536x1290.png 1536w, https:\/\/lgs.lu\/wp-content\/uploads\/2020\/06\/Multifunktiounsschal-2048x1720.png 2048w, https:\/\/lgs.lu\/wp-content\/uploads\/2020\/06\/Multifunktiounsschal-350x294.png 350w, https:\/\/lgs.lu\/wp-content\/uploads\/2020\/06\/Multifunktiounsschal-953x800.png 953w\" sizes=\"(max-width: 1024px) 100vw, 1024px\" \/>\n<p>&nbsp;<\/p>\n<p><span style=\"font-family: arial, helvetica, sans-serif;\">Duerch d\u00e9i aktuell Situatioun w\u00eblle mir eise Gruppen a Memberen d\u00b4M\u00e9iglechkeet ginn, esou e Multifunktiounsschal ze kafen. Mat d\u00ebsem Multifunktiounsschal hues du super vill M\u00e9iglechkeeten. E kann zum Beispill um Kapp oder ronder\u00ebm\u00a0den Hals g\u00e9int d\u00b4Keelt gedroe ginn, als Hoerlastik, oder awer als Mond- an Nueseschutz, fir dech a virun allem d\u00e9ng Matm\u00ebnsche g\u00e9int de COVID-19 ze sch\u00fctzen.<\/span><\/p>\n<p><span style=\"font-family: arial, helvetica, sans-serif;\">Den h\u00e9ichw\u00e4ertege Multifunktiounsschal g\u00ebtt\u00a0an Europa produz\u00e9iert a bedr\u00e9ckt. Heimat setze mir eis fir den \u00cbmweltschutz\u00a0duerch kuerz Transportwee\u00ebr\u00a0a g\u00e9int Kanneraarbecht\u00a0an.<\/span><\/p>\n<p style=\"color: #000000;\"><span style=\"font-family: arial, helvetica, sans-serif;\">W\u00e9inst der grousser Demande aus de Gruppe bidde mir iech d&#8217;M\u00e9iglechkeet d&#8217;Multifunktiounsschalen zu den n\u00e4mmlechte Konditiounen nozebestellen (2,25\u20ac\/St\u00e9ck).<\/span><\/p>\n<p style=\"color: #000000;\"><span style=\"font-family: arial, helvetica, sans-serif;\">Ab Januar w\u00e4erten des\u00a0dann och am LGS Shop ze kr\u00e9ie\u00a0sinn, wou mir se awer aus TVA a K\u00e4schtegr\u00ebnn e b\u00ebsse\u00a0m\u00e9i deier musse verkafen. Profit\u00e9iert dofir elo nach eng K\u00e9ier vun d\u00ebser attraktiver Offer. D\u2019Rechnung kritt dir automatesch per Email no der Bestellung\u00a0zougesch\u00e9ckt.<\/span><\/p>\n<p style=\"color: #000000;\"><span style=\"font-family: arial, helvetica, sans-serif;\">Soubaal d\u00ebse Produit am Shop ze kr\u00e9ien ass w\u00e4erte mir iech inform\u00e9ieren.<\/span><\/p>\n<p><span style=\"font-family: arial, helvetica, sans-serif;\">Mat beschte Guiden- a Scoutsgr\u00e9iss,<\/span><\/p>\n<p><span style=\"font-family: arial, helvetica, sans-serif;\">D&#8217;PR-Ekipp<\/span><\/p>\n<p><span style=\"color: #000000;\"><em>*Mir w\u00ebllen\u00a0drop hiweisen dass\u00a0et sech <\/em><strong><em>net<\/em><\/strong><em> em e Multifunktiounsschal vun der Mark\u00a0\u201cBuff\u201d handelt<\/em><\/span><\/p>","protected":false},"excerpt":{"rendered":"<p>Sorry, this entry is only available in LU.L\u00e9if Cheftainen a Chef, Nom grousse Succ\u00e8s am Summer an der grousser Nofro aus de lokale Gruppen ass et elo nees m\u00e9iglech LGS Multifunktiounsschalen ze bestellen. &nbsp; Duerch d\u00e9i aktuell Situatioun w\u00eblle mir eise Gruppen a Memberen d\u00b4M\u00e9iglechkeet ginn, esou e Multifunktiounsschal ze kafen. Mat d\u00ebsem Multifunktiounsschal hues&#8230;  <a class=\"excerpt-read-more\" href=\"https:\/\/lgs.lu\/en\/bestellung-multifunktiounsschal\/\" title=\"ReadBestellung Multifunktiounsschal\">Read more &raquo;<\/a><\/p>\n","protected":false},"author":447,"featured_media":2655,"parent":0,"menu_order":0,"comment_status":"closed","ping_status":"closed","template":"","meta":{"footnotes":""},"class_list":["post-2651","page","type-page","status-publish","has-post-thumbnail","hentry"],"_links":{"self":[{"href":"https:\/\/lgs.lu\/en\/wp-json\/wp\/v2\/pages\/2651","targetHints":{"allow":["GET"]}}],"collection":[{"href":"https:\/\/lgs.lu\/en\/wp-json\/wp\/v2\/pages"}],"about":[{"href":"https:\/\/lgs.lu\/en\/wp-json\/wp\/v2\/types\/page"}],"author":[{"embeddable":true,"href":"https:\/\/lgs.lu\/en\/wp-json\/wp\/v2\/users\/447"}],"replies":[{"embeddable":true,"href":"https:\/\/lgs.lu\/en\/wp-json\/wp\/v2\/comments?post=2651"}],"version-history":[{"count":11,"href":"https:\/\/lgs.lu\/en\/wp-json\/wp\/v2\/pages\/2651\/revisions"}],"predecessor-version":[{"id":2900,"href":"https:\/\/lgs.lu\/en\/wp-json\/wp\/v2\/pages\/2651\/revisions\/2900"}],"wp:featuredmedia":[{"embeddable":true,"href":"https:\/\/lgs.lu\/en\/wp-json\/wp\/v2\/media\/2655"}],"wp:attachment":[{"href":"https:\/\/lgs.lu\/en\/wp-json\/wp\/v2\/media?parent=2651"}],"curies":[{"name":"wp","href":"https:\/\/api.w.org\/{rel}","templated":true}]}}