{"id":2507,"date":"2020-04-29T20:58:15","date_gmt":"2020-04-29T18:58:15","guid":{"rendered":"https:\/\/lgs.lu\/?page_id=2507"},"modified":"2020-04-29T21:09:46","modified_gmt":"2020-04-29T19:09:46","slug":"yacovid19","status":"publish","type":"page","link":"https:\/\/lgs.lu\/en\/yacovid19\/","title":{"rendered":"Youth Against COVID-19"},"content":{"rendered":"<p class=\"qtranxs-available-languages-message qtranxs-available-languages-message-en\">Sorry, this entry is only available in <a href=\"https:\/\/lgs.lu\/lb\/wp-json\/wp\/v2\/pages\/2507\" class=\"qtranxs-available-language-link qtranxs-available-language-link-lb\" title=\"LU\">LU<\/a>.<\/p><span style=\"font-weight: 400;\">L\u00e9if Guiden a Scouten,<\/span><\/p>\n<p>&nbsp;<\/p>\n<p><span style=\"font-weight: 400;\">Am Kader vun der Coronakrise bedeelege sech d\u00b4L\u00ebtzebuerger Guiden a Scouten um Projet #YouthAgainstCOVID19 vun der UNFPA, dem UN Bev\u00f6lkerungsfonds.\u00a0<\/span><\/p>\n<p><span style=\"font-weight: 400;\">An Zesummenaarbecht mat der Presentatiounssoftware PREZI an der UNFPA geet et dr\u00ebms d\u00e9i Jonk ze mobilis\u00e9ieren a g\u00e9int de COVID-19 ze k\u00e4mpfen.<\/span><\/p>\n<p>&nbsp;<\/p>\n<p><span style=\"font-weight: 400;\">D\u00b4Guiden a Scouten si bereet ze h\u00ebllefen, ganz nom Motto \u201cEemol Scout, \u00ebmmer Scout\u201d. Mat d\u00ebsem Projet w\u00ebllen d\u00b4LGS en Deel dozou b\u00e4idroen, d\u00b4Bev\u00eblkerung richteg iwwert de COVID-19 z\u00b4inform\u00e9ieren, an alleguer d\u00b4Mythen ronder\u00ebm d\u00ebse Virus opzedecken.\u00a0<\/span><\/p>\n<p>&nbsp;<\/p>\n<p><span style=\"font-weight: 400;\">M\u00e9i Informatioune g\u00ebtt d\u00b4Anouk Galassi, Commissaire g\u00e9n\u00e9rale bei de L\u00ebtzebuerger Guiden a Scouten, a folgendem Video:<\/span><\/p>\n<p><iframe id=\"iframe_container\" src=\"https:\/\/prezi.com\/v\/embed\/h_9mkjnc-rq-\/\" width=\"560\" height=\"315\" frameborder=\"0\" allowfullscreen=\"allowfullscreen\"><\/iframe><\/p>\n<p>&nbsp;<\/p>\n<p><span style=\"font-weight: 400;\">Fir mat ze maache mellt iech w.e.gl. mat engem Mail u <\/span><a href=\"mailto:yacovid19@lgs.lu\"><span style=\"font-weight: 400;\">yacovid19@lgs.lu<\/span><\/a><span style=\"font-weight: 400;\">.<\/span><\/p>\n<p><span style=\"font-weight: 400;\">Dir kritt vun eis eng kuerz Confirmatioun a parallel kennt dir natierlech scho mat \u00e4rem Video uf\u00e4nken. No an no sch\u00e9cke mir iech dann d\u00e9i n\u00e4chst Episode per Email.<\/span><\/p>\n<p>&nbsp;<\/p>\n<p><span style=\"font-weight: 400;\">D\u00ebs Aktioun riicht sech virun allem u CaraPio a RaRo. Gidd de Memberen aus \u00e4re Branchen d\u00ebs Info w.e.gl. weider.<\/span><\/p>\n<p><span style=\"font-weight: 400;\">Fir d\u00b4Biber, W\u00ebllefcher an Avex w\u00e4erte mir deemn\u00e4chst eng \u00e4hnlech Aktioun am Kader vu #ScoutenDoheem lanc\u00e9ieren.<\/span><\/p>\n<p>&nbsp;<\/p>\n<p><span style=\"font-weight: 400;\">Hei f\u00ebnns du folgend Dokumenter:<\/span><\/p>\n<ul>\n<li style=\"font-weight: 400;\"><a href=\"https:\/\/lgs.lu\/wp-content\/uploads\/2020\/04\/HOW-TO.pdf\"><span style=\"font-weight: 400;\">HOW TO: W\u00e9i erstellen ech m\u00e4in eegene Video?<\/span><\/a><\/li>\n<li style=\"font-weight: 400;\"><a href=\"https:\/\/lgs.lu\/wp-content\/uploads\/2020\/04\/Episode-1.docx.pdf\"><span style=\"font-weight: 400;\">EPISODE 1 : Skript op L\u00ebtzebuergesch<\/span><\/a><\/li>\n<li style=\"font-weight: 400;\"><a href=\"https:\/\/lgs.lu\/wp-content\/uploads\/2020\/04\/Episode-2.docx.pdf\"><span style=\"font-weight: 400;\">EPISODE 2 : Skript op L\u00ebtzebuergesch<\/span><\/a><\/li>\n<\/ul>\n<p>&nbsp;<\/p>\n<p><span style=\"font-weight: 400;\">Bei Froen oder technesche Problemer k\u00ebnnt dir iech zu all Moment per Email bei eis mellen: <\/span><a href=\"mailto:yacovid19@lgs.lu\"><span style=\"font-weight: 400;\">yacovid19@lgs.lu<\/span><\/a><\/p>\n<p>&nbsp;<\/p>\n<p><span style=\"font-weight: 400;\">Mat beschte Guiden- a Scoutsgr\u00e9iss,<\/span><\/p>\n<p><span style=\"font-weight: 400;\">De Verbandscomit\u00e9<\/span><\/p>\n<p>&nbsp;","protected":false},"excerpt":{"rendered":"<p>Sorry, this entry is only available in LU.L\u00e9if Guiden a Scouten, &nbsp; Am Kader vun der Coronakrise bedeelege sech d\u00b4L\u00ebtzebuerger Guiden a Scouten um Projet #YouthAgainstCOVID19 vun der UNFPA, dem UN Bev\u00f6lkerungsfonds.\u00a0 An Zesummenaarbecht mat der Presentatiounssoftware PREZI an der UNFPA geet et dr\u00ebms d\u00e9i Jonk ze mobilis\u00e9ieren a g\u00e9int de COVID-19 ze k\u00e4mpfen. &nbsp;&#8230;  <a class=\"excerpt-read-more\" href=\"https:\/\/lgs.lu\/en\/yacovid19\/\" title=\"ReadYouth Against COVID-19\">Read more &raquo;<\/a><\/p>\n","protected":false},"author":447,"featured_media":1970,"parent":0,"menu_order":0,"comment_status":"closed","ping_status":"closed","template":"","meta":{"footnotes":""},"class_list":["post-2507","page","type-page","status-publish","has-post-thumbnail","hentry"],"_links":{"self":[{"href":"https:\/\/lgs.lu\/en\/wp-json\/wp\/v2\/pages\/2507","targetHints":{"allow":["GET"]}}],"collection":[{"href":"https:\/\/lgs.lu\/en\/wp-json\/wp\/v2\/pages"}],"about":[{"href":"https:\/\/lgs.lu\/en\/wp-json\/wp\/v2\/types\/page"}],"author":[{"embeddable":true,"href":"https:\/\/lgs.lu\/en\/wp-json\/wp\/v2\/users\/447"}],"replies":[{"embeddable":true,"href":"https:\/\/lgs.lu\/en\/wp-json\/wp\/v2\/comments?post=2507"}],"version-history":[{"count":4,"href":"https:\/\/lgs.lu\/en\/wp-json\/wp\/v2\/pages\/2507\/revisions"}],"predecessor-version":[{"id":2514,"href":"https:\/\/lgs.lu\/en\/wp-json\/wp\/v2\/pages\/2507\/revisions\/2514"}],"wp:featuredmedia":[{"embeddable":true,"href":"https:\/\/lgs.lu\/en\/wp-json\/wp\/v2\/media\/1970"}],"wp:attachment":[{"href":"https:\/\/lgs.lu\/en\/wp-json\/wp\/v2\/media?parent=2507"}],"curies":[{"name":"wp","href":"https:\/\/api.w.org\/{rel}","templated":true}]}}