{"id":2256,"date":"2020-03-29T17:43:26","date_gmt":"2020-03-29T15:43:26","guid":{"rendered":"https:\/\/lgs.lu\/?page_id=2256"},"modified":"2020-04-06T15:07:55","modified_gmt":"2020-04-06T13:07:55","slug":"eroplueden","status":"publish","type":"page","link":"https:\/\/lgs.lu\/en\/homescouting\/eroplueden\/","title":{"rendered":"#Homescouting &#8211; Kaarten"},"content":{"rendered":"<p class=\"qtranxs-available-languages-message qtranxs-available-languages-message-en\">Sorry, this entry is only available in <a href=\"https:\/\/lgs.lu\/lb\/wp-json\/wp\/v2\/pages\/2256\" class=\"qtranxs-available-language-link qtranxs-available-language-link-lb\" title=\"LU\">LU<\/a>.<\/p>Du hues bei den #ScoutenDoheem Aktivit\u00e9ite matgemaach? Lued d\u00e4i Fichier\/deng Fichieren hei erop. M\u00e9i Informatiounen dozou f\u00ebnns du an der Beschreiwung vun den Aktivit\u00e9iten.<\/p>\n<p>Videoe si leider ze grouss fir iwwert de Site ze versch\u00e9cken. Maach einfach e Mail u programm@lgs.lu mat dengen Donn\u00e9e\u00ebn (Numm, Gebuertsdatum, Branche, &#8230;). Grouss Fichiere kanns du z.B. iwwert Wetransfer.com versch\u00e9cken.<\/p>","protected":false},"excerpt":{"rendered":"<p>Sorry, this entry is only available in LU.Du hues bei den #ScoutenDoheem Aktivit\u00e9ite matgemaach? Lued d\u00e4i Fichier\/deng Fichieren hei erop. M\u00e9i Informatiounen dozou f\u00ebnns du an der Beschreiwung vun den Aktivit\u00e9iten. Videoe si leider ze grouss fir iwwert de Site ze versch\u00e9cken. Maach einfach e Mail u programm@lgs.lu mat dengen Donn\u00e9e\u00ebn (Numm, Gebuertsdatum, Branche, &#8230;)&#8230;.  <a class=\"excerpt-read-more\" href=\"https:\/\/lgs.lu\/en\/homescouting\/eroplueden\/\" title=\"Read#Homescouting &#8211; Kaarten\">Read more &raquo;<\/a><\/p>\n","protected":false},"author":447,"featured_media":0,"parent":2240,"menu_order":4,"comment_status":"closed","ping_status":"closed","template":"","meta":{"footnotes":""},"class_list":["post-2256","page","type-page","status-publish","hentry"],"_links":{"self":[{"href":"https:\/\/lgs.lu\/en\/wp-json\/wp\/v2\/pages\/2256","targetHints":{"allow":["GET"]}}],"collection":[{"href":"https:\/\/lgs.lu\/en\/wp-json\/wp\/v2\/pages"}],"about":[{"href":"https:\/\/lgs.lu\/en\/wp-json\/wp\/v2\/types\/page"}],"author":[{"embeddable":true,"href":"https:\/\/lgs.lu\/en\/wp-json\/wp\/v2\/users\/447"}],"replies":[{"embeddable":true,"href":"https:\/\/lgs.lu\/en\/wp-json\/wp\/v2\/comments?post=2256"}],"version-history":[{"count":11,"href":"https:\/\/lgs.lu\/en\/wp-json\/wp\/v2\/pages\/2256\/revisions"}],"predecessor-version":[{"id":2350,"href":"https:\/\/lgs.lu\/en\/wp-json\/wp\/v2\/pages\/2256\/revisions\/2350"}],"up":[{"embeddable":true,"href":"https:\/\/lgs.lu\/en\/wp-json\/wp\/v2\/pages\/2240"}],"wp:attachment":[{"href":"https:\/\/lgs.lu\/en\/wp-json\/wp\/v2\/media?parent=2256"}],"curies":[{"name":"wp","href":"https:\/\/api.w.org\/{rel}","templated":true}]}}