{"id":2252,"date":"2020-03-29T17:42:09","date_gmt":"2020-03-29T15:42:09","guid":{"rendered":"https:\/\/lgs.lu\/?page_id=2252"},"modified":"2020-04-20T21:14:08","modified_gmt":"2020-04-20T19:14:08","slug":"badge","status":"publish","type":"page","link":"https:\/\/lgs.lu\/en\/homescouting\/badge\/","title":{"rendered":"#Homescouting &#8211; E Badge fir eis BA"},"content":{"rendered":"<p class=\"qtranxs-available-languages-message qtranxs-available-languages-message-en\">Sorry, this entry is only available in <a href=\"https:\/\/lgs.lu\/lb\/wp-json\/wp\/v2\/pages\/2252\" class=\"qtranxs-available-language-link qtranxs-available-language-link-lb\" title=\"LU\">LU<\/a>.<\/p><div class=\"page\" title=\"Page 1\">\n<div class=\"layoutArea\">\n<div class=\"column\">\n<p>S\u00e4it elo bal 3 Woche sinn eis Guiden a Scouten aktiv \u00ebnnerwee an h\u00ebllefen de besonnesch betraffenen a vulnerabele Leit. Domat leeschten se e grousst Engagement fir eis Gesellschaft.<\/p>\n<p>Fir all de Guiden a Scouten Merci ze soen, lanc\u00e9iere mir dofir de Concours \u201eE Badge fir eis BA\u201c. D\u00ebse Badge ass fir all d\u00e9i Guiden a Scouten d\u00e9i aktiv un d\u00ebser BA deelgeholl hunn.<\/p>\n<p><a class=\"button\" href=\"https:\/\/lgs.lu\/wp-content\/uploads\/2020\/04\/200402_Concours_BA_Badge.pdf\" target=\"_blank\" rel=\"noopener noreferrer\">Concours: &#8220;E Badge fir eis BA&#8221; &#8211; Erkl\u00e4rungen<\/a><\/p>\n<\/div>\n<\/div>\n<\/div>\n[contest-menu][contest-page]","protected":false},"excerpt":{"rendered":"<p>Sorry, this entry is only available in LU. S\u00e4it elo bal 3 Woche sinn eis Guiden a Scouten aktiv \u00ebnnerwee an h\u00ebllefen de besonnesch betraffenen a vulnerabele Leit. Domat leeschten se e grousst Engagement fir eis Gesellschaft. Fir all de Guiden a Scouten Merci ze soen, lanc\u00e9iere mir dofir de Concours \u201eE Badge fir eis&#8230;  <a class=\"excerpt-read-more\" href=\"https:\/\/lgs.lu\/en\/homescouting\/badge\/\" title=\"Read#Homescouting &#8211; E Badge fir eis BA\">Read more &raquo;<\/a><\/p>\n","protected":false},"author":447,"featured_media":2302,"parent":2240,"menu_order":3,"comment_status":"closed","ping_status":"closed","template":"","meta":{"footnotes":""},"class_list":["post-2252","page","type-page","status-publish","has-post-thumbnail","hentry"],"_links":{"self":[{"href":"https:\/\/lgs.lu\/en\/wp-json\/wp\/v2\/pages\/2252","targetHints":{"allow":["GET"]}}],"collection":[{"href":"https:\/\/lgs.lu\/en\/wp-json\/wp\/v2\/pages"}],"about":[{"href":"https:\/\/lgs.lu\/en\/wp-json\/wp\/v2\/types\/page"}],"author":[{"embeddable":true,"href":"https:\/\/lgs.lu\/en\/wp-json\/wp\/v2\/users\/447"}],"replies":[{"embeddable":true,"href":"https:\/\/lgs.lu\/en\/wp-json\/wp\/v2\/comments?post=2252"}],"version-history":[{"count":15,"href":"https:\/\/lgs.lu\/en\/wp-json\/wp\/v2\/pages\/2252\/revisions"}],"predecessor-version":[{"id":2472,"href":"https:\/\/lgs.lu\/en\/wp-json\/wp\/v2\/pages\/2252\/revisions\/2472"}],"up":[{"embeddable":true,"href":"https:\/\/lgs.lu\/en\/wp-json\/wp\/v2\/pages\/2240"}],"wp:featuredmedia":[{"embeddable":true,"href":"https:\/\/lgs.lu\/en\/wp-json\/wp\/v2\/media\/2302"}],"wp:attachment":[{"href":"https:\/\/lgs.lu\/en\/wp-json\/wp\/v2\/media?parent=2252"}],"curies":[{"name":"wp","href":"https:\/\/api.w.org\/{rel}","templated":true}]}}