{"id":1414,"date":"2018-09-03T10:48:25","date_gmt":"2018-09-03T08:48:25","guid":{"rendered":"https:\/\/lgs.lu\/?page_id=1414"},"modified":"2018-09-05T11:40:02","modified_gmt":"2018-09-05T09:40:02","slug":"versammlungen","status":"publish","type":"page","link":"https:\/\/lgs.lu\/en\/versammlungen\/","title":{"rendered":"1. Versammlungen"},"content":{"rendered":"<p class=\"qtranxs-available-languages-message qtranxs-available-languages-message-en\">Sorry, this entry is only available in <a href=\"https:\/\/lgs.lu\/lb\/wp-json\/wp\/v2\/pages\/1414\" class=\"qtranxs-available-language-link qtranxs-available-language-link-lb\" title=\"LU\">LU<\/a>.<\/p>Op d\u00ebser S\u00e4it f\u00ebnnt een eng ganz Partie 1. Versammlungen oder och &#8220;Schnupperversammlungen&#8221; vun de verschiddenen LGS Gruppen.<\/p>\n\n<table id=\"tablepress-2\" class=\"tablepress tablepress-id-2\">\n<thead>\n<tr class=\"row-1\">\n\t<th class=\"column-1\">Grupp<\/th><th class=\"column-2\">Datum an Auerz\u00e4it<\/th><th class=\"column-3\">Aktivit\u00e9it<\/th><th class=\"column-4\">Plaaz<\/th><th class=\"column-5\">Informatiounen<\/th><th class=\"column-6\">Flyer<\/th>\n<\/tr>\n<\/thead>\n<tbody class=\"row-striping row-hover\">\n<tr class=\"row-2\">\n\t<td class=\"column-1\"><a href=\"https:\/\/lgs.lu\/grupp\/saint-paul\/\">Saint Paul Bieles<\/a><\/td><td class=\"column-2\">29. September 2018<br \/>\n10.00 - 17.00 Auer<br \/>\n<\/td><td class=\"column-3\">Scoutskiermes<\/td><td class=\"column-4\">Bieles<\/td><td class=\"column-5\"><\/td><td class=\"column-6\"><\/td>\n<\/tr>\n<tr class=\"row-3\">\n\t<td class=\"column-1\"><a href=\"https:\/\/lgs.lu\/grupp\/saint-laurent\/\">Saint Laurent Gr\u00e9iwemaacher<\/a><br \/>\n<\/td><td class=\"column-2\">29. September 2018<br \/>\n14.00 - 17.00 Auer<\/td><td class=\"column-3\">Schnupperversammlung<\/td><td class=\"column-4\">Gr\u00e9iwemaacher<\/td><td class=\"column-5\">Fir Kanner ab 6 Jo\u00ebr<\/td><td class=\"column-6\"><a href=\"https:\/\/lgs.lu\/wp-content\/uploads\/2018\/09\/Grevenmacher.pdf\" target=\"_blank\">Flyer Grevenmacher<\/a><\/td>\n<\/tr>\n<tr class=\"row-4\">\n\t<td class=\"column-1\"><a href=\"https:\/\/lgs.lu\/grupp\/saint-jean\/\">Saint Jean Diddeleng<\/a><\/td><td class=\"column-2\">22. September 2018<br \/>\n14.00 - 16.30 Auer<\/td><td class=\"column-3\">Grouss Rentr\u00e9esversammlung<\/td><td class=\"column-4\">Home St. Jean zu Butschebuerg<br \/>\n(Rue du Mont Saint Jean L-3492 Dudelange)<\/td><td class=\"column-5\"><\/td><td class=\"column-6\"><a href=\"https:\/\/lgs.lu\/wp-content\/uploads\/2018\/09\/Dudelange.jpg\" target=\"_blank\">Flyer Diddeleng<\/a><\/td>\n<\/tr>\n<tr class=\"row-5\">\n\t<td class=\"column-1\"><a href=\"https:\/\/lgs.lu\/grupp\/saint-willibrord-2\/\">Saint Willibrord K\u00e4erjeng<\/a><\/td><td class=\"column-2\">22. September 2018<br \/>\n14.00 - 17.00 Auer<\/td><td class=\"column-3\">Schnupperversammlung<\/td><td class=\"column-4\">1, rue de la Gare<br \/>\nK\u00ebnzeg<\/td><td class=\"column-5\">Fir Jongen a Meedecher vum Cycle 2.2 bis 14 Jo\u00ebr<\/td><td class=\"column-6\"><a href=\"https:\/\/lgs.lu\/wp-content\/uploads\/2018\/09\/K\u00e4erjeng1.pdf\" target=\"_blank\">Flyer K\u00e4erjeng 1<\/a><br \/>\n<br \/>\n<a href=\"https:\/\/lgs.lu\/wp-content\/uploads\/2018\/09\/K\u00e4erjeng2.pdf\" target=\"_blank\">Flyer K\u00e4erjeng 2<\/a><\/td>\n<\/tr>\n<tr class=\"row-6\">\n\t<td class=\"column-1\"><a href=\"https:\/\/lgs.lu\/grupp\/saint-benoit\/\">Saint Beno\u00eet Klierf<br \/>\n<\/a><\/td><td class=\"column-2\">15. September 2018<br \/>\n14.00 - 17.00 Auer<br \/>\n<br \/>\n-----------------<br \/>\n<br \/>\n22. September 2018<br \/>\n<\/td><td class=\"column-3\">Porte Ouverte<br \/>\n<br \/>\n-------------<br \/>\n<br \/>\nSchnupperversammlung<\/td><td class=\"column-4\">Klierf<\/td><td class=\"column-5\"><\/td><td class=\"column-6\"><a href=\"https:\/\/lgs.lu\/wp-content\/uploads\/2018\/09\/Klierf.pdf\" target=\"_blank\">Flyer Klierf<\/a><br \/>\n<br \/>\n<\/td>\n<\/tr>\n<tr class=\"row-7\">\n\t<td class=\"column-1\"><a href=\"https:\/\/lgs.lu\/grupp\/saint-martin-2\/\">Saint Martin Jongl\u00ebnster<br \/>\n<\/a><\/td><td class=\"column-2\">29. September 2018<br \/>\nAb 14.00 Auer<\/td><td class=\"column-3\">Schnupperversammlung<\/td><td class=\"column-4\">Home Baltes<br \/>\n17, rue du Village<br \/>\nJunglinster<\/td><td class=\"column-5\"><\/td><td class=\"column-6\"><a href=\"https:\/\/lgs.lu\/wp-content\/uploads\/2018\/09\/Jonglenster.pdf\" target=\"_blank\">Flyer Jongl\u00ebnster<\/a><br \/>\n<\/td>\n<\/tr>\n<tr class=\"row-8\">\n\t<td class=\"column-1\"><a href=\"https:\/\/lgs.lu\/grupp\/saint-louis-sainte-irmine\/\">Saint Louis \/ Sainte Irmine Bouneweg<\/a><\/td><td class=\"column-2\">22. September 2018<br \/>\n15.00 - 17.00 Auer<\/td><td class=\"column-3\">Porte Ouverte<\/td><td class=\"column-4\">30, rue G. Lippmann<br \/>\nL-1943 Luxembourg<\/td><td class=\"column-5\"><\/td><td class=\"column-6\"><a href=\"https:\/\/lgs.lu\/wp-content\/uploads\/2018\/09\/Bouneweg1.jpg\" target=\"_blank\">Flyer Bouneweg 1<\/a><br \/>\n<br \/>\n<a href=\"https:\/\/lgs.lu\/wp-content\/uploads\/2018\/09\/Bouneweg2.jpg\" target=\"_blank\">Flyer Bouneweg 2<\/a><br \/>\n<\/td>\n<\/tr>\n<tr class=\"row-9\">\n\t<td class=\"column-1\"><a href=\"https:\/\/lgs.lu\/grupp\/saint-jacques\/\">Saint Jacques Rued- Sir<\/a><\/td><td class=\"column-2\">6. Oktober 2018 <br \/>\n14.00 - 16.00 Auer<\/td><td class=\"column-3\">Schnupperversammlung<\/td><td class=\"column-4\">Parking vun der Sportshaal zu Rued<\/td><td class=\"column-5\"><\/td><td class=\"column-6\"><a href=\"https:\/\/lgs.lu\/wp-content\/uploads\/2018\/09\/Rued1.pdf\" target=\"_blank\">Flyer Rued 1<\/a><br \/>\n<br \/>\n<a href=\"https:\/\/lgs.lu\/wp-content\/uploads\/2018\/09\/Rued2.pdf<br \/>\n\" target=\"_blank\">Flyer Rued 2<\/a><\/td>\n<\/tr>\n<tr class=\"row-10\">\n\t<td class=\"column-1\"><a href=\"https:\/\/lgs.lu\/grupp\/saint-joseph-scouten\/\">Saint Joseph Scouten<\/a><\/td><td class=\"column-2\"><\/td><td class=\"column-3\"><\/td><td class=\"column-4\"> 2-4, rue St. Joseph<br \/>\nEsch <br \/>\n(nierf der Jouseph\u00b4s Kierch)<\/td><td class=\"column-5\"><\/td><td class=\"column-6\"><a href=\"https:\/\/lgs.lu\/wp-content\/uploads\/2018\/09\/Esch.pdf\" target=\"_blank\">Flyer Esch<\/a><\/td>\n<\/tr>\n<tr class=\"row-11\">\n\t<td class=\"column-1\"><a href=\"https:\/\/lgs.lu\/grupp\/saint-christophe\/\">Saint Christophe Beggen<\/a><br \/>\n<\/td><td class=\"column-2\">22. September 2018<br \/>\n14.00 - 16.15 Auer<\/td><td class=\"column-3\">1. Versammlung W\u00ebllefcher<\/td><td class=\"column-4\">Beggen bei der Schoul<\/td><td class=\"column-5\"><\/td><td class=\"column-6\"><\/td>\n<\/tr>\n<tr class=\"row-12\">\n\t<td class=\"column-1\"><a href=\"https:\/\/lgs.lu\/grupp\/georges-everling\/\">Georges Everling Gaasperech<br \/>\n<\/a><br \/>\n<\/td><td class=\"column-2\">6. Oktober 2018<br \/>\n14.00 - 17-00 Auer<\/td><td class=\"column-3\">Porte-Ouverte<\/td><td class=\"column-4\">Scoutshome Gasperech<br \/>\n15, rue J-P Kemmer<br \/>\nL-1850 Gaasperech<\/td><td class=\"column-5\"><\/td><td class=\"column-6\"><\/td>\n<\/tr>\n<tr class=\"row-13\">\n\t<td class=\"column-1\"><a href=\"https:\/\/lgs.lu\/grupp\/saint-exupery\/\">Saint Exup\u00e9ry Bartreng<br \/>\n<\/a><br \/>\n<\/td><td class=\"column-2\">Wellef: Samsdes 22.09 vun 14.00 -16.00 Auer<br \/>\nAvex: Samsdes 22.09 vun 16.00 - 18.00 Auer<br \/>\nCaraPio: Freides 21.09 vun 19.30  - 21.00 Auer<\/td><td class=\"column-3\">1. Versammlung<\/td><td class=\"column-4\"><\/td><td class=\"column-5\"><\/td><td class=\"column-6\"><\/td>\n<\/tr>\n<tr class=\"row-14\">\n\t<td class=\"column-1\"><a href=\"https:\/\/lgs.lu\/grupp\/saint-martin\/\">Saint Martin Duelem<\/a><br \/>\n<\/td><td class=\"column-2\">29. September 2018<br \/>\n10.00 - 12.00 Auer<\/td><td class=\"column-3\">Schnupperversammlung<\/td><td class=\"column-4\"><\/td><td class=\"column-5\"><\/td><td class=\"column-6\"><\/td>\n<\/tr>\n<tr class=\"row-15\">\n\t<td class=\"column-1\"><a href=\"https:\/\/lgs.lu\/grupp\/sainte-catherine\/\">Sainte Catherine Suessem<\/a><\/td><td class=\"column-2\">W\u00ebllef: Samschdes, den 6. Oktober vun 14.00-16.00 Auer, Kontaktpersoun: beatricelippert@icloud.com<br \/>\n <br \/>\nAvex: Freides, den 5. Oktober vun 19.00-20.30 Auer, Kontaktpersoun: lis.koster@yahoo.de<br \/>\n <br \/>\nCarapio: D\u00ebnschdes, den 2. Oktober vun 19.30 \u2013 21.00 Auer, Kontaktpersoun: lippertmartine51@hotmail.com<\/td><td class=\"column-3\">Schnupperversammlungen<\/td><td class=\"column-4\">Home Luss Collini<br \/>\nrue du Ch\u00e2teau<br \/>\nSanem<\/td><td class=\"column-5\"><\/td><td class=\"column-6\"><\/td>\n<\/tr>\n<tr class=\"row-16\">\n\t<td class=\"column-1\"><a href=\"https:\/\/lgs.lu\/grupp\/saint-cunibert\/\">Saint Cunibert R\u00e9imech<\/a><\/td><td class=\"column-2\">29. September 2018<br \/>\n14.30 - 16.30 Auer<\/td><td class=\"column-3\">Schnupperversammlung<\/td><td class=\"column-4\">Home St. Cunibert Remich<br \/>\nTreffpunkt: Parking CEFOS (rue de la Cit\u00e9, Remich)<\/td><td class=\"column-5\"><\/td><td class=\"column-6\"><a href=\"https:\/\/lgs.lu\/wp-content\/uploads\/2018\/09\/InfoFlyer-Commune-de-Stadbredimus.pdf\" target=\"_blank\">Flyer Remich<\/a><\/td>\n<\/tr>\n<tr class=\"row-17\">\n\t<td class=\"column-1\"><a href=\"https:\/\/lgs.lu\/grupp\/hl-franz-vun-assisi\/\">Hl Franz vun Assisi P\u00e9iteng<\/a><br \/>\n<\/td><td class=\"column-2\">22. September 2018<br \/>\n14.00 - 16.00 Auer <\/td><td class=\"column-3\">Schnupperversammlung<\/td><td class=\"column-4\">Chalet um Pr\u00ebnzebierg<\/td><td class=\"column-5\"><\/td><td class=\"column-6\"><a href=\"https:\/\/lgs.lu\/wp-content\/uploads\/2018\/09\/Peiteng.pdf\" target=\"_blank\">Flyer P\u00e9iteng<\/a><\/td>\n<\/tr>\n<tr class=\"row-18\">\n\t<td class=\"column-1\"><a href=\"https:\/\/lgs.lu\/grupp\/sainte-amalberge\/\">Sainte Amalberge Rodange- Rolleng<\/a><br \/>\n<\/td><td class=\"column-2\">Biber: Samschdes, den 29. September vun 14:00 - 16:00<br \/>\n<br \/>\nWellefcher: Samschdes, den 29. September vun 14:00 - 16:00<br \/>\n<br \/>\nAvEx: Freides, de 5. Oktober vun 19:00 - 21:00<br \/>\n<br \/>\nCaraPio: Donneschdes, den 27. September vun 19:00 - 21:00<br \/>\n<br \/>\nRaRo: Mettwochs, den 19. September vun 19:00 - 21:00<\/td><td class=\"column-3\">1. Versammlung<\/td><td class=\"column-4\"><\/td><td class=\"column-5\"><\/td><td class=\"column-6\"><\/td>\n<\/tr>\n<tr class=\"row-19\">\n\t<td class=\"column-1\"><a href=\"https:\/\/lgs.lu\/grupp\/saint-pirmin-vum-sei\/\">Saint Pirmin vum S\u00e9i Eschduerf<\/a><br \/>\n<\/td><td class=\"column-2\">7. Oktober 2018<br \/>\n<\/td><td class=\"column-3\">Porte Ouverte<\/td><td class=\"column-4\">Eschduerf beim Scoutschalet<\/td><td class=\"column-5\"><\/td><td class=\"column-6\"><a href=\"https:\/\/lgs.lu\/wp-content\/uploads\/2018\/09\/Wisefest-Flyer-2018.pdf\" target=\"_blank\">Flyer Eschduerf 1<\/a><br \/>\n<br \/>\n<a href=\"https:\/\/lgs.lu\/wp-content\/uploads\/2018\/09\/Wisefest_R\u00e9cksait.2018.pdf\" target=\"_blank\">Flyer Eschduerf 2<\/a><br \/>\n<\/td>\n<\/tr>\n<tr class=\"row-20\">\n\t<td class=\"column-1\"><a href=\"https:\/\/lgs.lu\/grupp\/saint-alphonse\/\">Saint Alphonse L\u00ebtzebuerg<\/a><br \/>\n<\/td><td class=\"column-2\">22. September 2018<\/td><td class=\"column-3\">1. Versammlung<\/td><td class=\"column-4\">LGS Bridel<\/td><td class=\"column-5\"><\/td><td class=\"column-6\"><a href=\"https:\/\/lgs.lu\/wp-content\/uploads\/2018\/09\/AESA-cartaz2018.png\" target=\"_blank\">Flyer St. Alphonse<\/a><\/td>\n<\/tr>\n<tr class=\"row-21\">\n\t<td class=\"column-1\"><a href=\"https:\/\/lgs.lu\/grupp\/sacre-coeur\/\">Sacr\u00e9-Coeur L\u00ebtzebuerg- Gare<\/a><br \/>\n<\/td><td class=\"column-2\">22. September 2018<\/td><td class=\"column-3\">Quartiersfest<\/td><td class=\"column-4\">Place de Strasbourg<br \/>\nLuxembourg-Gare<\/td><td class=\"column-5\"><\/td><td class=\"column-6\"><a href=\"https:\/\/lgs.lu\/wp-content\/uploads\/2018\/09\/Gare.pdf\" target=\"_blank\">Flyer L\u00ebtzebuerg Gare<\/a><\/td>\n<\/tr>\n<tr class=\"row-22\">\n\t<td class=\"column-1\"><a href=\"https:\/\/lgs.lu\/grupp\/mahatma-gandhi-2\/\">Mahatma Gandhi Walfer<\/a><br \/>\n<\/td><td class=\"column-2\">W\u00ebllefcher: <br \/>\n29. September 2018<br \/>\n14.00 - 16.00 Auer<br \/>\n<br \/>\nAvEx:  <br \/>\n22. September 2018<br \/>\n17.00 - 19.00 Auer<br \/>\n<br \/>\nCaraPio:<br \/>\n6. Oktober 2018<br \/>\n16:30-18:30<br \/>\n<\/td><td class=\"column-3\">1. Versammlung<\/td><td class=\"column-4\"><\/td><td class=\"column-5\"><\/td><td class=\"column-6\"><\/td>\n<\/tr>\n<tr class=\"row-23\">\n\t<td class=\"column-1\"><a href=\"https:\/\/lgs.lu\/grupp\/abbe-poncin\/\">Abb\u00e9 Poncin Sch\u00ebffleng<\/a><br \/>\n<\/td><td class=\"column-2\">Biber:<br \/>\n29. September 2018<br \/>\n10.00 - 12.00 Auer<br \/>\n<br \/>\nW\u00ebllefcher:<br \/>\n29. September 2018<br \/>\n10.00 - 12.00 Auer<br \/>\n<br \/>\nAvEx:<br \/>\n24. September 2018<br \/>\n19.00 - 20.30 Auer<br \/>\n<br \/>\nCaraPio:<br \/>\n03. Oktober 2018<br \/>\n19.15 - 21.15 Auer<br \/>\n<br \/>\nRaRo:<br \/>\n21. September 2018<br \/>\n19.30 - 21.30 Auer<br \/>\n<\/td><td class=\"column-3\">1. Versammlung<\/td><td class=\"column-4\">Home St. Martin zu Sch\u00ebffleng<\/td><td class=\"column-5\"><\/td><td class=\"column-6\"><a href=\"https:\/\/lgs.lu\/wp-content\/uploads\/2018\/09\/SGS-Plakat-2018-DinA3.pdf\" target=\"_blank\">Flyer Abb\u00e9 Poncin Sch\u00ebffleng<\/a><\/td>\n<\/tr>\n<tr class=\"row-24\">\n\t<td class=\"column-1\"><a href=\"https:\/\/lgs.lu\/grupp\/saint-willibrord\/\">Saint Willibrord Iechternach<\/a><\/td><td class=\"column-2\">W\u00ebllefcher:<br \/>\n22. September 2018<br \/>\n10h - 12h<br \/>\n<br \/>\nCaraPio:<br \/>\n26. September 2018<br \/>\n19h - 21h<br \/>\n<br \/>\nAvEx:<br \/>\n29. September 2018<br \/>\n14h - 15h45<\/td><td class=\"column-3\">1. Versammlung<\/td><td class=\"column-4\">W\u00ebllefcher am E-Wierk<br \/>\n<br \/>\nAvEx am Ver\u00e4inshaus (2, passage des demoiselles)<br \/>\n<br \/>\nCaraPio am Ver\u00e4inshaus (2, passage des demoiselles)<\/td><td class=\"column-5\"><\/td><td class=\"column-6\"><\/td>\n<\/tr>\n<tr class=\"row-25\">\n\t<td class=\"column-1\"><a href=\"https:\/\/lgs.lu\/grupp\/saint-laurent-2\">Saint Laurent Luerenzweiler<\/a><\/td><td class=\"column-2\">Biber aW\u00ebllefcher : Samschdes, 22. September um 10:00<br \/>\n<br \/>\nCarapio an Avex : <br \/>\nD\u00ebnsdes, 25.September 2018 um 19:00<\/td><td class=\"column-3\">1. Versammlung<\/td><td class=\"column-4\"><\/td><td class=\"column-5\"><\/td><td class=\"column-6\"><\/td>\n<\/tr>\n<tr class=\"row-26\">\n\t<td class=\"column-1\"><a href=\"https:\/\/lgs.lu\/grupp\/ermesinde\/\">Ermesinde Ettelbr\u00e9ck<\/a><\/td><td class=\"column-2\">Biber, W\u00ebllefcher an Avex: Samschdes, 22. September  14:00-16:00<br \/>\n<br \/>\nCarapio: <br \/>\nSamschdes, 22. September 16:00-18:00<\/td><td class=\"column-3\">1. Versammlung<\/td><td class=\"column-4\"><\/td><td class=\"column-5\"><\/td><td class=\"column-6\"><\/td>\n<\/tr>\n<tr class=\"row-27\">\n\t<td class=\"column-1\"><a href=\"https:\/\/lgs.lu\/grupp\/saint-sebastien\/\">Saint S\u00e9bastien Ettelbr\u00e9ck<\/a><\/td><td class=\"column-2\">W\u00ebllefcher an Avex: Samschdes, 22. September  14:00-16:00<br \/>\n<br \/>\nCarapio: <br \/>\nSamschdes, 22. September 10:00-12:00<\/td><td class=\"column-3\">1. Versammlung<\/td><td class=\"column-4\"><\/td><td class=\"column-5\"><\/td><td class=\"column-6\"><a href=\"https:\/\/lgs.lu\/wp-content\/uploads\/2018\/09\/Ettelbrecker-Guiden-a-Scouten.pdf\" target=\"_blank\">Flyer St S\u00e9bastien Ettelbr\u00e9ck<\/a><\/td>\n<\/tr>\n<tr class=\"row-28\">\n\t<td class=\"column-1\"><a href=\"https:\/\/lgs.lu\/grupp\/hl-maertes\/\">HL Maerten Sandweiler<\/a><\/td><td class=\"column-2\">W\u00ebllefcher: <br \/>\nSamschdes, 22. September 14:00-16:00<br \/>\n<br \/>\nAvex: <br \/>\nFreides, 28. September 19:00-20:30<br \/>\n<br \/>\nCarapio: <br \/>\nM\u00e9indes, 24. September 19:30-21:00<\/td><td class=\"column-3\">1. Versammlung<\/td><td class=\"column-4\"><\/td><td class=\"column-5\"><\/td><td class=\"column-6\"><\/td>\n<\/tr>\n<tr class=\"row-29\">\n\t<td class=\"column-1\"><\/td><td class=\"column-2\">Samschdes 6. Oktober 10:00-17:00<\/td><td class=\"column-3\">Familjerallye<\/td><td class=\"column-4\"><\/td><td class=\"column-5\"><\/td><td class=\"column-6\"><\/td>\n<\/tr>\n<tr class=\"row-30\">\n\t<td class=\"column-1\"><a href=\"https:\/\/lgs.lu\/grupp\/lady-b-p\/\">Lady B.P. Leideleng<\/a><\/td><td class=\"column-2\">Biber: <br \/>\nSamschdes, 6.\u00a0Oktober\u00a010:00-12:00\u00a0Auer<br \/>\n<br \/>\nW\u00ebllef: <br \/>\nSamschdes, 29.\u00a0September\u00a014:00-15:30\u00a0Auer<br \/>\n<br \/>\nAvex:<br \/>\nSamschdes,\u00a029.\u00a0September\u00a017:00-18:30\u00a0Auer<br \/>\n<br \/>\nCarapio: M\u00e9indes,\u00a01.\u00a0Oktober\u00a020:00\u00a0-\u00a021:30\u00a0Auer<\/td><td class=\"column-3\">1. Versammlung<\/td><td class=\"column-4\">am\u00a0Gaalgeb\u00ebsch<br \/>\n<br \/>\n<br \/>\nam\u00a0Chalet\u00a0Schwengsweed<br \/>\n<br \/>\n<br \/>\nam\u00a0Chalet\u00a0Schwengsweed<br \/>\n<br \/>\n<br \/>\nam\u00a0Chalet\u00a0Schwengsweed<\/td><td class=\"column-5\"><\/td><td class=\"column-6\"><a href=\"https:\/\/lgs.lu\/wp-content\/uploads\/2018\/09\/Flyer-Biber-Leideleng.jpg\" target=\"_blank\">Flyer Biber Leideleng<\/a><\/td>\n<\/tr>\n<\/tbody>\n<\/table>\n<!-- #tablepress-2 from cache -->","protected":false},"excerpt":{"rendered":"<p>Sorry, this entry is only available in LU.Op d\u00ebser S\u00e4it f\u00ebnnt een eng ganz Partie 1. Versammlungen oder och &#8220;Schnupperversammlungen&#8221; vun de verschiddenen LGS Gruppen.<\/p>\n","protected":false},"author":299,"featured_media":113,"parent":0,"menu_order":0,"comment_status":"closed","ping_status":"closed","template":"page-no-sidebar.php","meta":{"footnotes":""},"class_list":["post-1414","page","type-page","status-publish","has-post-thumbnail","hentry"],"_links":{"self":[{"href":"https:\/\/lgs.lu\/en\/wp-json\/wp\/v2\/pages\/1414","targetHints":{"allow":["GET"]}}],"collection":[{"href":"https:\/\/lgs.lu\/en\/wp-json\/wp\/v2\/pages"}],"about":[{"href":"https:\/\/lgs.lu\/en\/wp-json\/wp\/v2\/types\/page"}],"author":[{"embeddable":true,"href":"https:\/\/lgs.lu\/en\/wp-json\/wp\/v2\/users\/299"}],"replies":[{"embeddable":true,"href":"https:\/\/lgs.lu\/en\/wp-json\/wp\/v2\/comments?post=1414"}],"version-history":[{"count":4,"href":"https:\/\/lgs.lu\/en\/wp-json\/wp\/v2\/pages\/1414\/revisions"}],"predecessor-version":[{"id":1424,"href":"https:\/\/lgs.lu\/en\/wp-json\/wp\/v2\/pages\/1414\/revisions\/1424"}],"wp:featuredmedia":[{"embeddable":true,"href":"https:\/\/lgs.lu\/en\/wp-json\/wp\/v2\/media\/113"}],"wp:attachment":[{"href":"https:\/\/lgs.lu\/en\/wp-json\/wp\/v2\/media?parent=1414"}],"curies":[{"name":"wp","href":"https:\/\/api.w.org\/{rel}","templated":true}]}}