{"id":1412,"date":"2018-09-03T10:47:39","date_gmt":"2018-09-03T08:47:39","guid":{"rendered":"https:\/\/lgs.lu\/?page_id=1412"},"modified":"2018-09-04T10:16:35","modified_gmt":"2018-09-04T08:16:35","slug":"rentree","status":"publish","type":"page","link":"https:\/\/lgs.lu\/en\/rentree\/","title":{"rendered":"Rentr\u00e9e bei den LGS"},"content":{"rendered":"<p class=\"qtranxs-available-languages-message qtranxs-available-languages-message-en\">Sorry, this entry is only available in <a href=\"https:\/\/lgs.lu\/lb\/wp-json\/wp\/v2\/pages\/1412\" class=\"qtranxs-available-language-link qtranxs-available-language-link-lb\" title=\"LU\">LU<\/a>.<\/p>D&#8217;Summervakanz k\u00ebnnt lues awer s\u00e9cher op en Enn. Mat der Rentr\u00e9e vun de Schoulklassen f\u00e4nkt och d&#8217;Rentr\u00e9e bei de L\u00ebtzebuerger Guiden a Scouten nees un. Ob d\u00ebser S\u00e4it fannt dir all wichteg Informatiounen iwwert d&#8217;L\u00ebtzebuerger Guiden a Scouten. Verschidden LGS Gruppen hunn och extra &#8220;Schnupperversammlungen&#8221; fir esou d&#8217;L\u00ebtzebuerger Guiden a Scoute besser kennenzel\u00e9ieren. D\u00ebss fannt dir bei &#8220;1. Versammlungen&#8221;<\/p>\n<div class=\"infoboxes items-3 clearfix\"><a href=\"https:\/\/lgs.lu\/en\/iwwert-eis\/\" class=\"box\"><div class=\"inner\"><div class=\"image\" style=\"background-image: url(https:\/\/lgs.lu\/wp-content\/uploads\/2015\/09\/LGS_Formation001_600x600px.jpg)\"><img decoding=\"async\" src=\"https:\/\/lgs.lu\/wp-content\/themes\/lgs\/images\/square.png\" \/><\/div><h3>About us<\/h3><\/div><\/a><a href=\"https:\/\/lgs.lu\/en\/gruppen\/\" class=\"box\"><div class=\"inner\"><div class=\"image\" style=\"background-image: url(https:\/\/lgs.lu\/wp-content\/uploads\/2015\/09\/LGS_International002_600x600px1.jpg)\"><img decoding=\"async\" src=\"https:\/\/lgs.lu\/wp-content\/themes\/lgs\/images\/square.png\" \/><\/div><h3>Groups<\/h3><\/div><\/a><a href=\"https:\/\/lgs.lu\/en\/versammlungen\/\" class=\"box\"><div class=\"inner\"><div class=\"image\" style=\"background-image: url(https:\/\/lgs.lu\/wp-content\/uploads\/2015\/09\/LGS_Social001_600x600px1.jpg)\"><img decoding=\"async\" src=\"https:\/\/lgs.lu\/wp-content\/themes\/lgs\/images\/square.png\" \/><\/div><h3>1. Versammlungen<\/h3><\/div><\/a><\/div>","protected":false},"excerpt":{"rendered":"<p>Sorry, this entry is only available in LU.D&#8217;Summervakanz k\u00ebnnt lues awer s\u00e9cher op en Enn. Mat der Rentr\u00e9e vun de Schoulklassen f\u00e4nkt och d&#8217;Rentr\u00e9e bei de L\u00ebtzebuerger Guiden a Scouten nees un. Ob d\u00ebser S\u00e4it fannt dir all wichteg Informatiounen iwwert d&#8217;L\u00ebtzebuerger Guiden a Scouten. Verschidden LGS Gruppen hunn och extra &#8220;Schnupperversammlungen&#8221; fir esou d&#8217;L\u00ebtzebuerger&#8230;  <a class=\"excerpt-read-more\" href=\"https:\/\/lgs.lu\/en\/versammlungen\/\" title=\"Read1. Versammlungen\">Read more &raquo;<\/a><\/p>\n","protected":false},"author":299,"featured_media":0,"parent":0,"menu_order":0,"comment_status":"closed","ping_status":"closed","template":"","meta":{"footnotes":""},"class_list":["post-1412","page","type-page","status-publish","hentry"],"_links":{"self":[{"href":"https:\/\/lgs.lu\/en\/wp-json\/wp\/v2\/pages\/1412","targetHints":{"allow":["GET"]}}],"collection":[{"href":"https:\/\/lgs.lu\/en\/wp-json\/wp\/v2\/pages"}],"about":[{"href":"https:\/\/lgs.lu\/en\/wp-json\/wp\/v2\/types\/page"}],"author":[{"embeddable":true,"href":"https:\/\/lgs.lu\/en\/wp-json\/wp\/v2\/users\/299"}],"replies":[{"embeddable":true,"href":"https:\/\/lgs.lu\/en\/wp-json\/wp\/v2\/comments?post=1412"}],"version-history":[{"count":6,"href":"https:\/\/lgs.lu\/en\/wp-json\/wp\/v2\/pages\/1412\/revisions"}],"predecessor-version":[{"id":1426,"href":"https:\/\/lgs.lu\/en\/wp-json\/wp\/v2\/pages\/1412\/revisions\/1426"}],"wp:attachment":[{"href":"https:\/\/lgs.lu\/en\/wp-json\/wp\/v2\/media?parent=1412"}],"curies":[{"name":"wp","href":"https:\/\/api.w.org\/{rel}","templated":true}]}}