{"id":1125,"date":"2017-11-23T23:26:03","date_gmt":"2017-11-23T22:26:03","guid":{"rendered":"https:\/\/lgs.lu\/?page_id=1125"},"modified":"2017-11-24T08:13:52","modified_gmt":"2017-11-24T07:13:52","slug":"lgs-letzebuerger-guiden-a-scouten","status":"publish","type":"page","link":"https:\/\/lgs.lu\/en\/lgs-in-action\/lgs-letzebuerger-guiden-a-scouten\/","title":{"rendered":"LGS &#8211; L\u00ebtzebuerger Guiden a Scouten"},"content":{"rendered":"<p class=\"qtranxs-available-languages-message qtranxs-available-languages-message-en\">Sorry, this entry is only available in <a href=\"https:\/\/lgs.lu\/lb\/wp-json\/wp\/v2\/pages\/1125\" class=\"qtranxs-available-language-link qtranxs-available-language-link-lb\" title=\"LU\">LU<\/a>.<\/p><strong>D\u2018L\u00ebtzebuerger Guiden a Scouten, de gr\u00e9issten edukative Jugendmouvement zu L\u00ebtzebuerg<\/strong><\/p>\n<p>D\u2019L\u00ebtzebuerger Guiden a Scoute kuerz LGS, bidden de Jonken eng Ofwiesslung zum Alldag a w\u00ebllen hiren Entdeckergeescht ureegen.<br \/>\nDofir maache mir esou vill w\u00e9i m\u00e9iglech Gruppenaktivit\u00e9iten dobaussen. Nom Prinzip vum \u201eLearning by Doing\u201c kr\u00e9ien d\u00e9i Jonk\u00a0 d\u2019M\u00e9iglechkeet sech kreativ a selbst\u00e4nneg un der Gestaltung vun hirem Programm ze bedeelegen.<\/p>\n<p><strong>Fir Jonker ab 6 Joer<\/strong><\/p>\n<p>An de 5 Branchen (Altersgruppen), d\u00e9i een altersspezifesche Programm ubidden, kann all Eenzele flott Erfarunge maachen, Fr\u00ebndschafte schl\u00e9issen, sozial F\u00e4egkeete l\u00e9ieren an sech pers\u00e9inlech weider entw\u00e9ckelen. \u00cbnnert anerem l\u00e9ieren d\u00e9i Jonk d\u2019Natur ze respekt\u00e9ieren<br \/>\nan iwwer sech selwer an hiert \u00cbmfeld nozedenke fir sech sp\u00e9ider aktiv, och fir anerer, anzesetzen.<\/p>\n<p><strong>D\u00e9i 5 Branchen vun den LGS:<\/strong><br \/>\n&#8211; Biber 6-8 Joer<br \/>\n&#8211; W\u00ebllefcher 8-11 Joer<br \/>\n&#8211; AvEx 11-14 Joer<br \/>\n&#8211; CaraPio 14-17 Joer<br \/>\n&#8211; RaRo 17-23 Joer<\/p>\n<p><strong>Fir mech, fir dech, fir eis, fir jiddereen<\/strong><\/p>\n<p>Duerch eis Prinzipie w\u00eblle mir d\u00e9i Jonk dorop virbereeden, sp\u00e9iderhi Responsabilit\u00e9it fir sech a fir anerer ze iwwerhuelen. An deem S\u00ebnn bidden eis benevole Cheffen de Jonken en oppene Kader, wou jiddereen aktiv matmaachen a matbest\u00ebmme soll.<\/p>\n<p><strong>216 L\u00e4nner- 41 Millioune Scouten<\/strong><\/p>\n<p>Als Deel vun der Guiden- a Scoutsbeweegung, d\u00e9i op der ganzer Welt vertrueden ass, bidden d\u2019LGS d\u2019M\u00e9iglechkeet Fr\u00ebndschaften iwwer d\u2019Grenzen ewech ze schl\u00e9issen. Doriwwer eraus engag\u00e9iere mir eis a verschiddene L\u00e4nner,an Zesummenaarbecht mat eiser<br \/>\nONG \u201eL\u00ebtzebuerger Guiden a Scoute fir ENG Welt\u201c, Projete mat eise Jonken op der Platz gezielt \u00ebmzesetzen.<\/p>\n<div id='gallery-1' class='gallery galleryid-1125 gallery-columns-3 gallery-size-thumbnail'><figure class='gallery-item'>\n\t\t\t<div class='gallery-icon landscape'>\n\t\t\t\t<a data-lightbox=\"gallery\" href='https:\/\/lgs.lu\/wp-content\/uploads\/2015\/09\/LGS_Frendschaft_2400x1200px.jpg'><img decoding=\"async\" width=\"150\" height=\"150\" src=\"https:\/\/lgs.lu\/wp-content\/uploads\/2015\/09\/LGS_Frendschaft_2400x1200px-150x150.jpg\" class=\"attachment-thumbnail size-thumbnail\" alt=\"\" srcset=\"https:\/\/lgs.lu\/wp-content\/uploads\/2015\/09\/LGS_Frendschaft_2400x1200px-150x150.jpg 150w, https:\/\/lgs.lu\/wp-content\/uploads\/2015\/09\/LGS_Frendschaft_2400x1200px-700x700.jpg 700w, https:\/\/lgs.lu\/wp-content\/uploads\/2015\/09\/LGS_Frendschaft_2400x1200px-125x125.jpg 125w\" sizes=\"(max-width: 150px) 100vw, 150px\" \/><\/a>\n\t\t\t<\/div><\/figure><figure class='gallery-item'>\n\t\t\t<div class='gallery-icon landscape'>\n\t\t\t\t<a data-lightbox=\"gallery\" href='https:\/\/lgs.lu\/wp-content\/uploads\/2015\/09\/LGS_Social001_600x600px1.jpg'><img decoding=\"async\" width=\"150\" height=\"150\" src=\"https:\/\/lgs.lu\/wp-content\/uploads\/2015\/09\/LGS_Social001_600x600px1-150x150.jpg\" class=\"attachment-thumbnail size-thumbnail\" alt=\"\" srcset=\"https:\/\/lgs.lu\/wp-content\/uploads\/2015\/09\/LGS_Social001_600x600px1-150x150.jpg 150w, https:\/\/lgs.lu\/wp-content\/uploads\/2015\/09\/LGS_Social001_600x600px1-300x300.jpg 300w, https:\/\/lgs.lu\/wp-content\/uploads\/2015\/09\/LGS_Social001_600x600px1-125x125.jpg 125w, https:\/\/lgs.lu\/wp-content\/uploads\/2015\/09\/LGS_Social001_600x600px1.jpg 600w\" sizes=\"(max-width: 150px) 100vw, 150px\" \/><\/a>\n\t\t\t<\/div><\/figure><figure class='gallery-item'>\n\t\t\t<div class='gallery-icon landscape'>\n\t\t\t\t<a data-lightbox=\"gallery\" href='https:\/\/lgs.lu\/wp-content\/uploads\/2015\/09\/LGS_Social_600x600px1.jpg'><img decoding=\"async\" width=\"150\" height=\"150\" src=\"https:\/\/lgs.lu\/wp-content\/uploads\/2015\/09\/LGS_Social_600x600px1-150x150.jpg\" class=\"attachment-thumbnail size-thumbnail\" alt=\"\" srcset=\"https:\/\/lgs.lu\/wp-content\/uploads\/2015\/09\/LGS_Social_600x600px1-150x150.jpg 150w, https:\/\/lgs.lu\/wp-content\/uploads\/2015\/09\/LGS_Social_600x600px1-300x300.jpg 300w, https:\/\/lgs.lu\/wp-content\/uploads\/2015\/09\/LGS_Social_600x600px1-125x125.jpg 125w, https:\/\/lgs.lu\/wp-content\/uploads\/2015\/09\/LGS_Social_600x600px1.jpg 600w\" sizes=\"(max-width: 150px) 100vw, 150px\" \/><\/a>\n\t\t\t<\/div><\/figure><figure class='gallery-item'>\n\t\t\t<div class='gallery-icon landscape'>\n\t\t\t\t<a data-lightbox=\"gallery\" href='https:\/\/lgs.lu\/wp-content\/uploads\/2015\/09\/LGS_International003_600x600px1.jpg'><img loading=\"lazy\" decoding=\"async\" width=\"150\" height=\"150\" src=\"https:\/\/lgs.lu\/wp-content\/uploads\/2015\/09\/LGS_International003_600x600px1-150x150.jpg\" class=\"attachment-thumbnail size-thumbnail\" alt=\"\" srcset=\"https:\/\/lgs.lu\/wp-content\/uploads\/2015\/09\/LGS_International003_600x600px1-150x150.jpg 150w, https:\/\/lgs.lu\/wp-content\/uploads\/2015\/09\/LGS_International003_600x600px1-300x300.jpg 300w, https:\/\/lgs.lu\/wp-content\/uploads\/2015\/09\/LGS_International003_600x600px1-125x125.jpg 125w, https:\/\/lgs.lu\/wp-content\/uploads\/2015\/09\/LGS_International003_600x600px1.jpg 600w\" sizes=\"(max-width: 150px) 100vw, 150px\" \/><\/a>\n\t\t\t<\/div><\/figure><figure class='gallery-item'>\n\t\t\t<div class='gallery-icon landscape'>\n\t\t\t\t<a data-lightbox=\"gallery\" href='https:\/\/lgs.lu\/wp-content\/uploads\/2015\/09\/LGS_Formation001_600x600px.jpg'><img loading=\"lazy\" decoding=\"async\" width=\"150\" height=\"150\" src=\"https:\/\/lgs.lu\/wp-content\/uploads\/2015\/09\/LGS_Formation001_600x600px-150x150.jpg\" class=\"attachment-thumbnail size-thumbnail\" alt=\"\" srcset=\"https:\/\/lgs.lu\/wp-content\/uploads\/2015\/09\/LGS_Formation001_600x600px-150x150.jpg 150w, https:\/\/lgs.lu\/wp-content\/uploads\/2015\/09\/LGS_Formation001_600x600px-300x300.jpg 300w, https:\/\/lgs.lu\/wp-content\/uploads\/2015\/09\/LGS_Formation001_600x600px-125x125.jpg 125w, https:\/\/lgs.lu\/wp-content\/uploads\/2015\/09\/LGS_Formation001_600x600px.jpg 600w\" sizes=\"(max-width: 150px) 100vw, 150px\" \/><\/a>\n\t\t\t<\/div><\/figure><figure class='gallery-item'>\n\t\t\t<div class='gallery-icon landscape'>\n\t\t\t\t<a data-lightbox=\"gallery\" href='https:\/\/lgs.lu\/wp-content\/uploads\/2015\/09\/LGS_Formation003_600x600px.jpg'><img loading=\"lazy\" decoding=\"async\" width=\"150\" height=\"150\" src=\"https:\/\/lgs.lu\/wp-content\/uploads\/2015\/09\/LGS_Formation003_600x600px-150x150.jpg\" class=\"attachment-thumbnail size-thumbnail\" alt=\"\" srcset=\"https:\/\/lgs.lu\/wp-content\/uploads\/2015\/09\/LGS_Formation003_600x600px-150x150.jpg 150w, https:\/\/lgs.lu\/wp-content\/uploads\/2015\/09\/LGS_Formation003_600x600px-300x300.jpg 300w, https:\/\/lgs.lu\/wp-content\/uploads\/2015\/09\/LGS_Formation003_600x600px-125x125.jpg 125w, https:\/\/lgs.lu\/wp-content\/uploads\/2015\/09\/LGS_Formation003_600x600px.jpg 600w\" sizes=\"(max-width: 150px) 100vw, 150px\" \/><\/a>\n\t\t\t<\/div><\/figure><figure class='gallery-item'>\n\t\t\t<div class='gallery-icon landscape'>\n\t\t\t\t<a data-lightbox=\"gallery\" href='https:\/\/lgs.lu\/wp-content\/uploads\/2015\/09\/LGS_Social_600x600px.jpg'><img loading=\"lazy\" decoding=\"async\" width=\"150\" height=\"150\" src=\"https:\/\/lgs.lu\/wp-content\/uploads\/2015\/09\/LGS_Social_600x600px-150x150.jpg\" class=\"attachment-thumbnail size-thumbnail\" alt=\"\" srcset=\"https:\/\/lgs.lu\/wp-content\/uploads\/2015\/09\/LGS_Social_600x600px-150x150.jpg 150w, https:\/\/lgs.lu\/wp-content\/uploads\/2015\/09\/LGS_Social_600x600px-300x300.jpg 300w, https:\/\/lgs.lu\/wp-content\/uploads\/2015\/09\/LGS_Social_600x600px-125x125.jpg 125w, https:\/\/lgs.lu\/wp-content\/uploads\/2015\/09\/LGS_Social_600x600px.jpg 600w\" sizes=\"(max-width: 150px) 100vw, 150px\" \/><\/a>\n\t\t\t<\/div><\/figure><figure class='gallery-item'>\n\t\t\t<div class='gallery-icon landscape'>\n\t\t\t\t<a data-lightbox=\"gallery\" href='https:\/\/lgs.lu\/wp-content\/uploads\/2015\/09\/LGS_CaraPio_1200x1200px1.jpg'><img loading=\"lazy\" decoding=\"async\" width=\"150\" height=\"150\" src=\"https:\/\/lgs.lu\/wp-content\/uploads\/2015\/09\/LGS_CaraPio_1200x1200px1-150x150.jpg\" class=\"attachment-thumbnail size-thumbnail\" alt=\"\" srcset=\"https:\/\/lgs.lu\/wp-content\/uploads\/2015\/09\/LGS_CaraPio_1200x1200px1-150x150.jpg 150w, https:\/\/lgs.lu\/wp-content\/uploads\/2015\/09\/LGS_CaraPio_1200x1200px1-300x300.jpg 300w, https:\/\/lgs.lu\/wp-content\/uploads\/2015\/09\/LGS_CaraPio_1200x1200px1-1024x1024.jpg 1024w, https:\/\/lgs.lu\/wp-content\/uploads\/2015\/09\/LGS_CaraPio_1200x1200px1-125x125.jpg 125w, https:\/\/lgs.lu\/wp-content\/uploads\/2015\/09\/LGS_CaraPio_1200x1200px1.jpg 1200w\" sizes=\"(max-width: 150px) 100vw, 150px\" \/><\/a>\n\t\t\t<\/div><\/figure><figure class='gallery-item'>\n\t\t\t<div class='gallery-icon landscape'>\n\t\t\t\t<a data-lightbox=\"gallery\" href='https:\/\/lgs.lu\/wp-content\/uploads\/2015\/09\/LGS_Camp_1200\u00d71200.jpg'><img loading=\"lazy\" decoding=\"async\" width=\"150\" height=\"150\" src=\"https:\/\/lgs.lu\/wp-content\/uploads\/2015\/09\/LGS_Camp_1200\u00d71200-150x150.jpg\" class=\"attachment-thumbnail size-thumbnail\" alt=\"\" srcset=\"https:\/\/lgs.lu\/wp-content\/uploads\/2015\/09\/LGS_Camp_1200\u00d71200-150x150.jpg 150w, https:\/\/lgs.lu\/wp-content\/uploads\/2015\/09\/LGS_Camp_1200\u00d71200-300x300.jpg 300w, https:\/\/lgs.lu\/wp-content\/uploads\/2015\/09\/LGS_Camp_1200\u00d71200-1024x1024.jpg 1024w, https:\/\/lgs.lu\/wp-content\/uploads\/2015\/09\/LGS_Camp_1200\u00d71200-125x125.jpg 125w, https:\/\/lgs.lu\/wp-content\/uploads\/2015\/09\/LGS_Camp_1200\u00d71200.jpg 1200w\" sizes=\"(max-width: 150px) 100vw, 150px\" \/><\/a>\n\t\t\t<\/div><\/figure>\n\t\t<\/div>","protected":false},"excerpt":{"rendered":"<p>Sorry, this entry is only available in LU.D\u2018L\u00ebtzebuerger Guiden a Scouten, de gr\u00e9issten edukative Jugendmouvement zu L\u00ebtzebuerg D\u2019L\u00ebtzebuerger Guiden a Scoute kuerz LGS, bidden de Jonken eng Ofwiesslung zum Alldag a w\u00ebllen hiren Entdeckergeescht ureegen. Dofir maache mir esou vill w\u00e9i m\u00e9iglech Gruppenaktivit\u00e9iten dobaussen. Nom Prinzip vum \u201eLearning by Doing\u201c kr\u00e9ien d\u00e9i Jonk\u00a0 d\u2019M\u00e9iglechkeet sech&#8230;  <a class=\"excerpt-read-more\" href=\"https:\/\/lgs.lu\/en\/lgs-in-action\/lgs-letzebuerger-guiden-a-scouten\/\" title=\"ReadLGS &#8211; L\u00ebtzebuerger Guiden a Scouten\">Read more &raquo;<\/a><\/p>\n","protected":false},"author":299,"featured_media":0,"parent":1119,"menu_order":0,"comment_status":"closed","ping_status":"closed","template":"","meta":{"footnotes":""},"class_list":["post-1125","page","type-page","status-publish","hentry"],"_links":{"self":[{"href":"https:\/\/lgs.lu\/en\/wp-json\/wp\/v2\/pages\/1125","targetHints":{"allow":["GET"]}}],"collection":[{"href":"https:\/\/lgs.lu\/en\/wp-json\/wp\/v2\/pages"}],"about":[{"href":"https:\/\/lgs.lu\/en\/wp-json\/wp\/v2\/types\/page"}],"author":[{"embeddable":true,"href":"https:\/\/lgs.lu\/en\/wp-json\/wp\/v2\/users\/299"}],"replies":[{"embeddable":true,"href":"https:\/\/lgs.lu\/en\/wp-json\/wp\/v2\/comments?post=1125"}],"version-history":[{"count":3,"href":"https:\/\/lgs.lu\/en\/wp-json\/wp\/v2\/pages\/1125\/revisions"}],"predecessor-version":[{"id":1135,"href":"https:\/\/lgs.lu\/en\/wp-json\/wp\/v2\/pages\/1125\/revisions\/1135"}],"up":[{"embeddable":true,"href":"https:\/\/lgs.lu\/en\/wp-json\/wp\/v2\/pages\/1119"}],"wp:attachment":[{"href":"https:\/\/lgs.lu\/en\/wp-json\/wp\/v2\/media?parent=1125"}],"curies":[{"name":"wp","href":"https:\/\/api.w.org\/{rel}","templated":true}]}}