{"id":1110,"date":"2017-11-17T14:34:17","date_gmt":"2017-11-17T13:34:17","guid":{"rendered":"https:\/\/lgs.lu\/?page_id=1110"},"modified":"2025-06-17T10:39:13","modified_gmt":"2025-06-17T08:39:13","slug":"verbandsgrupp","status":"publish","type":"page","link":"https:\/\/lgs.lu\/en\/iwwert-eis\/verbandsgrupp\/","title":{"rendered":"Verbandsgrupp"},"content":{"rendered":"D&#8217;National Branchenequipen an aner sp\u00e9zialis\u00e9iert Equipen, Deleg\u00e9iert bei eenzelnen Organisatiounen an aner Verbandsresponsabel h\u00ebllefen de Commissair\u00eb bei hirer Aarbecht.<\/p>\n<p>De Commissaire g\u00e9n\u00e9ral(e) ernennt d&#8217;M\u00eambere vun denen Equipen, d\u00ebs Deleg\u00e9iert a Responsabel, op Virschlag vun dem zoust\u00e4nnege Commissaire fir d&#8217;Dauer vun hirem eegene Mandat.<\/p>\n<p>Si sin all zesumme mam Verbandscomit\u00e9 de Verbandsgrupp.<\/p>\n\n<table id=\"tablepress-1-no-3\" class=\"tablepress tablepress-id-1\">\n<thead>\n<tr class=\"row-1\">\n\t<th class=\"column-1\">Ekipp<\/th><th class=\"column-2\">Commissaire <\/th><th class=\"column-3\">Commissaire adjoint<\/th><th class=\"column-4\">E-mail<\/th>\n<\/tr>\n<\/thead>\n<tbody class=\"row-striping row-hover\">\n<tr class=\"row-2\">\n\t<td class=\"column-1\">Team<\/td><td class=\"column-2\">Ang\u00e9lique KRIER<\/td><td class=\"column-3\">Marc WEIS<\/td><td class=\"column-4\"><a href=\"mailto:team@lgs.lu\">team@lgs.lu<\/a><\/td>\n<\/tr>\n<tr class=\"row-3\">\n\t<td class=\"column-1\">Biber<\/td><td class=\"column-2\">Cathy WEBER<\/td><td class=\"column-3\">Conny PALZER<\/td><td class=\"column-4\"><a href=\"mailto:biber@lgs.lu\">biber@lgs.lu<\/a><\/td>\n<\/tr>\n<tr class=\"row-4\">\n\t<td class=\"column-1\">W\u00ebllefcher<\/td><td class=\"column-2\">Mucky NICOLAY<\/td><td class=\"column-3\">Charel ELSEN<\/td><td class=\"column-4\"><a href=\"mailto:wellefcher@lgs.lu\">wellefcher@lgs.lu<\/a><\/td>\n<\/tr>\n<tr class=\"row-5\">\n\t<td class=\"column-1\">Avex<\/td><td class=\"column-2\">Carole BARTHELEMY<\/td><td class=\"column-3\">Xavier LETALON<\/td><td class=\"column-4\"><a href=\"mailto:avex@lgs.lu\">avex@lgs.lu<\/a><\/td>\n<\/tr>\n<tr class=\"row-6\">\n\t<td class=\"column-1\">CaraPio<\/td><td class=\"column-2\">Laurent POTT<\/td><td class=\"column-3\">Sophie WEBER<\/td><td class=\"column-4\"><a href=\"mailto:carapio@lgs.lu\">carapio@lgs.lu<\/a><\/td>\n<\/tr>\n<tr class=\"row-7\">\n\t<td class=\"column-1\">RaRo<\/td><td class=\"column-2\">Chris NERENHAUSEN<\/td><td class=\"column-3\">Dany SEBASTIANI<\/td><td class=\"column-4\"><a href=\"mailto:raro@lgs.lu\">raro@lgs.lu<\/a><\/td>\n<\/tr>\n<tr class=\"row-8\">\n\t<td class=\"column-1\">Gruppen<\/td><td class=\"column-2\">Claude MULLER<\/td><td class=\"column-3\">Lis ALBERTY<\/td><td class=\"column-4\"><a href=\"mailto:gruppen@lgs.lu\">gruppen@lgs.lu<\/a><\/td>\n<\/tr>\n<tr class=\"row-9\">\n\t<td class=\"column-1\">EAS<\/td><td class=\"column-2\">Georges FABER<\/td><td class=\"column-3\">\/<\/td><td class=\"column-4\"><a href=\"mailto:eas@lgs.lu\">eas@lgs.lu<\/a><\/td>\n<\/tr>\n<tr class=\"row-10\">\n\t<td class=\"column-1\">Programm<\/td><td class=\"column-2\">Charel METZ<\/td><td class=\"column-3\">Cathy WEBER<\/td><td class=\"column-4\"><a href=\"mailto:programm@lgs.lu\">programm@lgs.lu<\/a><\/td>\n<\/tr>\n<tr class=\"row-11\">\n\t<td class=\"column-1\">Formatioun<\/td><td class=\"column-2\">Martine KEMP<\/td><td class=\"column-3\">Christophe Anthon<\/td><td class=\"column-4\"><a href=\"mailto:formatioun@lgs.lu\">formatioun@lgs.lu<\/a><\/td>\n<\/tr>\n<tr class=\"row-12\">\n\t<td class=\"column-1\">Finanzen\/Administratioun<\/td><td class=\"column-2\">Charles MAJERUS<\/td><td class=\"column-3\">Fr\u00e4nk PRIM<\/td><td class=\"column-4\"><a href=\"mailto:finanzen@lgs.lu\">finanzen@lgs.lu<\/a><\/td>\n<\/tr>\n<tr class=\"row-13\">\n\t<td class=\"column-1\">PR (Public relations)<\/td><td class=\"column-2\">Max STEBENS<\/td><td class=\"column-3\"><\/td><td class=\"column-4\"><a href=\"mailto:pr@lgs.lu\">pr@lgs.lu<\/a><\/td>\n<\/tr>\n<tr class=\"row-14\">\n\t<td class=\"column-1\">Kommunikatioun<\/td><td class=\"column-2\">Basile DELL<\/td><td class=\"column-3\"><\/td><td class=\"column-4\"><a href=\"mailto:pr@lgs.lu\">pr@lgs.lu<\/a><\/td>\n<\/tr>\n<tr class=\"row-15\">\n\t<td class=\"column-1\">IC-WAGGGS<\/td><td class=\"column-2\">\/<\/td><td class=\"column-3\">\/<\/td><td class=\"column-4\"><a href=\"mailto:ic@lgs.lu\">ic@lgs.lu<\/a><\/td>\n<\/tr>\n<tr class=\"row-16\">\n\t<td class=\"column-1\">IC-WOSM<\/td><td class=\"column-2\">Max TERNES<\/td><td class=\"column-3\">\/<\/td><td class=\"column-4\"><a href=\"mailto:ic@lgs.lu\">ic@lgs.lu<\/a><\/td>\n<\/tr>\n<\/tbody>\n<\/table>","protected":false},"excerpt":{"rendered":"<p>D&#8217;National Branchenequipen an aner sp\u00e9zialis\u00e9iert Equipen, Deleg\u00e9iert bei eenzelnen Organisatiounen an aner Verbandsresponsabel h\u00ebllefen de Commissair\u00eb bei hirer Aarbecht. De Commissaire g\u00e9n\u00e9ral(e) ernennt d&#8217;M\u00eambere vun denen Equipen, d\u00ebs Deleg\u00e9iert a Responsabel, op Virschlag vun dem zoust\u00e4nnege Commissaire fir d&#8217;Dauer vun hirem eegene Mandat. Si sin all zesumme mam Verbandscomit\u00e9 de Verbandsgrupp.<\/p>\n","protected":false},"author":299,"featured_media":4824,"parent":1210,"menu_order":1,"comment_status":"closed","ping_status":"closed","template":"page-no-sidebar.php","meta":{"footnotes":""},"class_list":["post-1110","page","type-page","status-publish","has-post-thumbnail","hentry"],"_links":{"self":[{"href":"https:\/\/lgs.lu\/en\/wp-json\/wp\/v2\/pages\/1110","targetHints":{"allow":["GET"]}}],"collection":[{"href":"https:\/\/lgs.lu\/en\/wp-json\/wp\/v2\/pages"}],"about":[{"href":"https:\/\/lgs.lu\/en\/wp-json\/wp\/v2\/types\/page"}],"author":[{"embeddable":true,"href":"https:\/\/lgs.lu\/en\/wp-json\/wp\/v2\/users\/299"}],"replies":[{"embeddable":true,"href":"https:\/\/lgs.lu\/en\/wp-json\/wp\/v2\/comments?post=1110"}],"version-history":[{"count":25,"href":"https:\/\/lgs.lu\/en\/wp-json\/wp\/v2\/pages\/1110\/revisions"}],"predecessor-version":[{"id":4819,"href":"https:\/\/lgs.lu\/en\/wp-json\/wp\/v2\/pages\/1110\/revisions\/4819"}],"up":[{"embeddable":true,"href":"https:\/\/lgs.lu\/en\/wp-json\/wp\/v2\/pages\/1210"}],"wp:featuredmedia":[{"embeddable":true,"href":"https:\/\/lgs.lu\/en\/wp-json\/wp\/v2\/media\/4824"}],"wp:attachment":[{"href":"https:\/\/lgs.lu\/en\/wp-json\/wp\/v2\/media?parent=1110"}],"curies":[{"name":"wp","href":"https:\/\/api.w.org\/{rel}","templated":true}]}}